{"id":16,"date":"2025-07-09T20:06:36","date_gmt":"2025-07-09T18:06:36","guid":{"rendered":"https:\/\/migracion.ffmm.mil.py\/armadaparaguaya\/?page_id=16"},"modified":"2025-07-09T20:30:25","modified_gmt":"2025-07-09T18:30:25","slug":"mision-y-vision","status":"publish","type":"page","link":"https:\/\/ffmm.mil.py\/armadaparaguaya\/mision-y-vision\/","title":{"rendered":"Misi\u00f3n y Visi\u00f3n"},"content":{"rendered":"\n<h3 class=\"wp-block-heading has-text-align-center has-mitic-blue-color has-text-color has-link-color wp-elements-e9ac0352c96f7ff1ffce2c713bdf61eb\">MISI\u00d3N<\/h3>\n\n\n\n<p class=\"fs-4 has-normal-font-size\">Custodiar la integridad territorial y defender a las autoridades leg\u00edtimamente constituidas en el \u00e1mbito fluvio-mar\u00edtimo de la Rep\u00fablica, a fin de contribuir con el cumplimiento de la misi\u00f3n constitucional de las FF.AA de la Naci\u00f3n.<\/p>\n\n\n\n<div style=\"height:50px\" aria-hidden=\"true\" class=\"wp-block-spacer\"><\/div>\n\n\n\n<h3 class=\"wp-block-heading has-text-align-center has-mitic-blue-color has-text-color has-link-color wp-elements-798a497a18751d29b0c4eded92471bde\">VISI\u00d3N<\/h3>\n\n\n\n<p class=\"fs-4\">Ser una Armada operativa, moderna, profesional, con elevadas virtudes&nbsp; morales y \u00e9ticas, visando la obtenci\u00f3n de una m\u00edstica institucional, acorde a la tradici\u00f3n naval para cumplir con excelencia la misi\u00f3n y lograr los objetivos institucionales consecuentes con la pol\u00edtica militar<\/p>\n","protected":false},"excerpt":{"rendered":"<p>MISI\u00d3N Custodiar la integridad territorial y defender a las autoridades leg\u00edtimamente constituidas en el \u00e1mbito fluvio-mar\u00edtimo de la Rep\u00fablica, a fin de contribuir con el cumplimiento de la misi\u00f3n constitucional de las FF.AA de la Naci\u00f3n. VISI\u00d3N Ser una Armada operativa, moderna, profesional, con elevadas virtudes&nbsp; morales y \u00e9ticas, visando la obtenci\u00f3n de una m\u00edstica [&hellip;]<\/p>\n","protected":false},"author":1,"featured_media":0,"parent":0,"menu_order":0,"comment_status":"closed","ping_status":"closed","template":"page-nosidebar.php","meta":{"footnotes":""},"class_list":["post-16","page","type-page","status-publish","hentry"],"_links":{"self":[{"href":"https:\/\/ffmm.mil.py\/armadaparaguaya\/wp-json\/wp\/v2\/pages\/16","targetHints":{"allow":["GET"]}}],"collection":[{"href":"https:\/\/ffmm.mil.py\/armadaparaguaya\/wp-json\/wp\/v2\/pages"}],"about":[{"href":"https:\/\/ffmm.mil.py\/armadaparaguaya\/wp-json\/wp\/v2\/types\/page"}],"author":[{"embeddable":true,"href":"https:\/\/ffmm.mil.py\/armadaparaguaya\/wp-json\/wp\/v2\/users\/1"}],"replies":[{"embeddable":true,"href":"https:\/\/ffmm.mil.py\/armadaparaguaya\/wp-json\/wp\/v2\/comments?post=16"}],"version-history":[{"count":5,"href":"https:\/\/ffmm.mil.py\/armadaparaguaya\/wp-json\/wp\/v2\/pages\/16\/revisions"}],"predecessor-version":[{"id":75,"href":"https:\/\/ffmm.mil.py\/armadaparaguaya\/wp-json\/wp\/v2\/pages\/16\/revisions\/75"}],"wp:attachment":[{"href":"https:\/\/ffmm.mil.py\/armadaparaguaya\/wp-json\/wp\/v2\/media?parent=16"}],"curies":[{"name":"wp","href":"https:\/\/api.w.org\/{rel}","templated":true}]}}