{"id":22,"date":"2025-07-09T20:07:42","date_gmt":"2025-07-09T18:07:42","guid":{"rendered":"https:\/\/migracion.ffmm.mil.py\/armadaparaguaya\/?page_id=22"},"modified":"2025-07-09T20:45:05","modified_gmt":"2025-07-09T18:45:05","slug":"medallas","status":"publish","type":"page","link":"https:\/\/ffmm.mil.py\/armadaparaguaya\/medallas\/","title":{"rendered":"Medallas"},"content":{"rendered":"<div class=\"wp-block-image\">\n<figure class=\"aligncenter size-full\"><img fetchpriority=\"high\" decoding=\"async\" width=\"182\" height=\"300\" src=\"https:\/\/cimefor.mil.py\/armadaparaguaya\/wp-content\/uploads\/sites\/6\/2025\/07\/ORDEN_AL_MERITO_NAVAL-182x300-1.png\" alt=\"\" class=\"wp-image-83\"\/><\/figure>\n<\/div>\n\n\n<h3 class=\"wp-block-heading has-text-align-center has-mitic-blue-color has-text-color has-link-color wp-elements-9633ebed69db880b7cdda1c83fecabdf\">MEDALLA AL MERITO NAVAL TTE 1\u00b0 DE MARINA JOSE MAR\u00cdA FARI\u00d1A<\/h3>\n\n\n\n<p class=\"fs-5\">La Medalla del Tte 1\u00b0 de Marina JOSE MAR\u00cdA FAR\u00d1A, es concedida a los Militares, Civiles e Instituciones Militares Nacionales o Extranjeras que por acciones a favor de la Armada Paraguaya, acrediten el merecimiento.<\/p>\n\n\n\n<p class=\"fs-5\">El Presidente de la Rep\u00fablica es el Gran Maestre de la Orden del M\u00e9rito Naval; la Orden del M\u00e9rito Naval ser\u00e1 administrada por un Consejo compuesto de los siguientes miembros:<br><br>* Comandante de la Armada Paraguaya: como Presidente y Canciller de la Orden.<br><br>* Jefe del Estado Mayor de la Armada: como Vice-Presidente del concejo;<br><br>* Los Comandantes y Directores de las Grandes Unidades: como miembros del Consejo.<br><br>Se compone de los siguientes grados: Gran Cruz, Gran Oficial, Comendador, Oficial y Caballero.<br><br>La Gran Cruz: Es otorgada a m\u00e1ximas autoridades del Estado, Generales del Ej\u00e9rcito, Generales del Aire, Almirantes y equivalentes.<br><br>El Grado de Gran Oficial: Es otorgado a Generales, Vicealmirantes, Contralmirantes y equivalentes.<br><br>El Grado de Comendador: Es otorgado a Oficiales Superiores, Agregados Militares y C\u00f3nsules. Generales.<br><br>El Grado de Oficial: Es otorgado a Oficiales Subalternos, a Primeros Secretarios de Legaciones, C\u00f3nsules y otros de igual rango.<br><br>El Grado de Caballero: Es otorgado a Sub- Oficiales, Terceros Secretarios, Vicec\u00f3nsules u otros de igual rango.<br><br>La condici\u00f3n de Miembro de la Orden del M\u00e9rito Naval es vitalicia, solo se la perder\u00e1 por actos atentatorios contra la dignidad de Armada Paraguaya.<\/p>\n\n\n\n<div style=\"height:100px\" aria-hidden=\"true\" class=\"wp-block-spacer\"><\/div>\n\n\n<div class=\"wp-block-image\">\n<figure class=\"aligncenter size-full\"><img decoding=\"async\" width=\"148\" height=\"258\" src=\"https:\/\/cimefor.mil.py\/armadaparaguaya\/wp-content\/uploads\/sites\/6\/2025\/07\/MEDALLA_DE_HONOR.png\" alt=\"\" class=\"wp-image-85\"\/><\/figure>\n<\/div>\n\n\n<h3 class=\"wp-block-heading has-text-align-center has-mitic-blue-color has-text-color has-link-color wp-elements-ff680ec9d02b4786833cb89a5690fe2b\">MEDALLA DE HONOR DE LA ARMADA<\/h3>\n\n\n\n<p class=\"fs-5\">Es la Medalla que la Armada concede como estimulo y reconocimiento por los Servicios Prestados a la Instituci\u00f3n por los Se\u00f1ores Oficiales Almirantes y Generales, Oficiales Superiores, Oficiales Subalternos, Sub Oficiales Nacionales y Extranjeros, que se hayan distinguido en el cumplimiento del deber, y que hayan adquirido m\u00e9ritos suficientes en servicios prestados a la Armada Paraguaya , destac\u00e1ndose en el desempe\u00f1o de sus funciones o en actos excepcionales que honren a la Fuerza.<\/p>\n\n\n\n<div style=\"height:100px\" aria-hidden=\"true\" class=\"wp-block-spacer\"><\/div>\n\n\n<div class=\"wp-block-image\">\n<figure class=\"aligncenter size-full\"><img decoding=\"async\" width=\"151\" height=\"275\" src=\"https:\/\/cimefor.mil.py\/armadaparaguaya\/wp-content\/uploads\/sites\/6\/2025\/07\/MEDALLA_AL_MERITO_ACADEMICO.png\" alt=\"\" class=\"wp-image-87\"\/><\/figure>\n<\/div>\n\n\n<h3 class=\"wp-block-heading has-text-align-center has-mitic-blue-color has-text-color has-link-color wp-elements-35e073c39e6e00bcce3667a72fb79d3d\">MEDALLA AL MERITO ACAD\u00c9MICO DE LA ARMADA PARAGUAYA<\/h3>\n\n\n\n<p class=\"fs-5\">Es la Medalla concedida a los Mejores Egresados de la Escuela de Comando y Estado Mayor de la Armada, Escuela de Perfeccionamiento de Oficiales de la Armada, Escuela de Perfeccionamiento de Sub Oficiales, Escuela de Formaci\u00f3n de Sub Oficiales de la Armada, de otras Escuelas y Cursos como as\u00ed tambi\u00e9n, al Personal Civil y Militar Nacional y Extranjero, que se haya destacado en el cumplimiento de su deber dentro del campo de educaci\u00f3n en la Armada Paraguaya.<\/p>\n\n\n\n<p><\/p>\n","protected":false},"excerpt":{"rendered":"<p>MEDALLA AL MERITO NAVAL TTE 1\u00b0 DE MARINA JOSE MAR\u00cdA FARI\u00d1A La Medalla del Tte 1\u00b0 de Marina JOSE MAR\u00cdA FAR\u00d1A, es concedida a los Militares, Civiles e Instituciones Militares Nacionales o Extranjeras que por acciones a favor de la Armada Paraguaya, acrediten el merecimiento. El Presidente de la Rep\u00fablica es el Gran Maestre de [&hellip;]<\/p>\n","protected":false},"author":1,"featured_media":0,"parent":0,"menu_order":0,"comment_status":"closed","ping_status":"closed","template":"page-nosidebar.php","meta":{"footnotes":""},"class_list":["post-22","page","type-page","status-publish","hentry"],"_links":{"self":[{"href":"https:\/\/ffmm.mil.py\/armadaparaguaya\/wp-json\/wp\/v2\/pages\/22","targetHints":{"allow":["GET"]}}],"collection":[{"href":"https:\/\/ffmm.mil.py\/armadaparaguaya\/wp-json\/wp\/v2\/pages"}],"about":[{"href":"https:\/\/ffmm.mil.py\/armadaparaguaya\/wp-json\/wp\/v2\/types\/page"}],"author":[{"embeddable":true,"href":"https:\/\/ffmm.mil.py\/armadaparaguaya\/wp-json\/wp\/v2\/users\/1"}],"replies":[{"embeddable":true,"href":"https:\/\/ffmm.mil.py\/armadaparaguaya\/wp-json\/wp\/v2\/comments?post=22"}],"version-history":[{"count":4,"href":"https:\/\/ffmm.mil.py\/armadaparaguaya\/wp-json\/wp\/v2\/pages\/22\/revisions"}],"predecessor-version":[{"id":89,"href":"https:\/\/ffmm.mil.py\/armadaparaguaya\/wp-json\/wp\/v2\/pages\/22\/revisions\/89"}],"wp:attachment":[{"href":"https:\/\/ffmm.mil.py\/armadaparaguaya\/wp-json\/wp\/v2\/media?parent=22"}],"curies":[{"name":"wp","href":"https:\/\/api.w.org\/{rel}","templated":true}]}}