{"id":33,"date":"2025-07-09T20:09:56","date_gmt":"2025-07-09T18:09:56","guid":{"rendered":"https:\/\/migracion.ffmm.mil.py\/armadaparaguaya\/?page_id=33"},"modified":"2025-07-09T21:00:31","modified_gmt":"2025-07-09T19:00:31","slug":"estado-mayor-personal","status":"publish","type":"page","link":"https:\/\/ffmm.mil.py\/armadaparaguaya\/estado-mayor-personal\/","title":{"rendered":"Estado Mayor Personal"},"content":{"rendered":"\n<h3 class=\"wp-block-heading has-text-align-center has-mitic-blue-color has-text-color has-link-color wp-elements-884aa2babb8db5f3b35868d7c23b4f2f\">Cap F DEM NAPOLEON MARCELO WASHINGTON ESPINOLA PRIETO<br>JEFE DE GABINETE DEL COMANDANTE DE LA ARMADA<\/h3>\n\n\n\n<p class=\"fs-5\">La misi\u00f3n de la dependencia es realizar la confecci\u00f3n, recepci\u00f3n, registro, clasificaci\u00f3n, distribuci\u00f3n y difusi\u00f3n de la correspondencia oficial interna y externa del Comandante de la Armada. Su visi\u00f3n es ser una unidad eficiente, con personal altamente capacitado y profesionalizado, que asegure la interacci\u00f3n efectiva entre sus miembros y brinde al Comandante de la Armada el apoyo necesario para lograr una gesti\u00f3n operativa y eficaz.<\/p>\n\n\n\n<div style=\"height:50px\" aria-hidden=\"true\" class=\"wp-block-spacer\"><\/div>\n\n\n\n<h3 class=\"wp-block-heading has-text-align-center has-mitic-blue-color has-text-color has-link-color wp-elements-d5408dad703d68be11ae5e410602b43b\">Cap F DEM ARTURO RAMON ESCARIO ESTIGARRIBIA<br>AYUDANTE PERSONAL DEL COMANDANTE DE LA ARMADA<\/h3>\n\n\n\n<p class=\"fs-5\">Esta dependencia tiene como funci\u00f3n la responsabilidad de coordinar la agenda del Comandante, asegurar la eficiencia en las comunicaciones tanto internas como externas, gestionar la log\u00edstica de reuniones y eventos oficiales. Asimismo, opera como el conducto principal entre el Comandante y las distintas dependencias, garantizando el flujo oportuno y efectivo de la informaci\u00f3n cr\u00edtica para la toma de decisiones.<\/p>\n","protected":false},"excerpt":{"rendered":"<p>Cap F DEM NAPOLEON MARCELO WASHINGTON ESPINOLA PRIETOJEFE DE GABINETE DEL COMANDANTE DE LA ARMADA La misi\u00f3n de la dependencia es realizar la confecci\u00f3n, recepci\u00f3n, registro, clasificaci\u00f3n, distribuci\u00f3n y difusi\u00f3n de la correspondencia oficial interna y externa del Comandante de la Armada. Su visi\u00f3n es ser una unidad eficiente, con personal altamente capacitado y profesionalizado, [&hellip;]<\/p>\n","protected":false},"author":1,"featured_media":0,"parent":0,"menu_order":0,"comment_status":"closed","ping_status":"closed","template":"page-nosidebar.php","meta":{"footnotes":""},"class_list":["post-33","page","type-page","status-publish","hentry"],"_links":{"self":[{"href":"https:\/\/ffmm.mil.py\/armadaparaguaya\/wp-json\/wp\/v2\/pages\/33","targetHints":{"allow":["GET"]}}],"collection":[{"href":"https:\/\/ffmm.mil.py\/armadaparaguaya\/wp-json\/wp\/v2\/pages"}],"about":[{"href":"https:\/\/ffmm.mil.py\/armadaparaguaya\/wp-json\/wp\/v2\/types\/page"}],"author":[{"embeddable":true,"href":"https:\/\/ffmm.mil.py\/armadaparaguaya\/wp-json\/wp\/v2\/users\/1"}],"replies":[{"embeddable":true,"href":"https:\/\/ffmm.mil.py\/armadaparaguaya\/wp-json\/wp\/v2\/comments?post=33"}],"version-history":[{"count":5,"href":"https:\/\/ffmm.mil.py\/armadaparaguaya\/wp-json\/wp\/v2\/pages\/33\/revisions"}],"predecessor-version":[{"id":102,"href":"https:\/\/ffmm.mil.py\/armadaparaguaya\/wp-json\/wp\/v2\/pages\/33\/revisions\/102"}],"wp:attachment":[{"href":"https:\/\/ffmm.mil.py\/armadaparaguaya\/wp-json\/wp\/v2\/media?parent=33"}],"curies":[{"name":"wp","href":"https:\/\/api.w.org\/{rel}","templated":true}]}}