{"id":35,"date":"2025-07-09T20:10:07","date_gmt":"2025-07-09T18:10:07","guid":{"rendered":"https:\/\/migracion.ffmm.mil.py\/armadaparaguaya\/?page_id=35"},"modified":"2025-07-09T21:02:55","modified_gmt":"2025-07-09T19:02:55","slug":"estado-mayor-general","status":"publish","type":"page","link":"https:\/\/ffmm.mil.py\/armadaparaguaya\/estado-mayor-general\/","title":{"rendered":"Estado Mayor General"},"content":{"rendered":"\n<h3 class=\"wp-block-heading has-text-align-center has-mitic-blue-color has-text-color has-link-color wp-elements-6f90365bc66574b4b212271529484982\">Cap N DEM RAUL LOPEZ ARIAS<br>DIRECTOR DE LA DIRECCION DE PERSONAL DE LA ARMADA<\/h3>\n\n\n\n<p class=\"fs-5\">La Direcci\u00f3n de Personal de la Armada tiene como misi\u00f3n gestionar eficientemente los recursos humanos, aline\u00e1ndose con las directrices del Comandante de la Armada. Es responsable de la selecci\u00f3n, incorporaci\u00f3n, administraci\u00f3n y distribuci\u00f3n del personal, con el fin de asegurar el bienestar del personal militar y mantener un entorno de trabajo adecuado. Su enfoque est\u00e1 en la mejora continua de los procesos administrativos para optimizar las capacidades individuales, promoviendo el uso eficaz de los recursos humanos disponibles, considerando a cada miembro como un individuo, independientemente de su rango o escal\u00f3n.<\/p>\n\n\n\n<div style=\"height:50px\" aria-hidden=\"true\" class=\"wp-block-spacer\"><\/div>\n\n\n\n<h3 class=\"wp-block-heading has-text-align-center has-mitic-blue-color has-text-color has-link-color wp-elements-2697190a4bed09d1c885299b90c09141\">Cap N DEM PABLO FRANCISCO JAVIER BARROS PEREIRA<br>DIRECTOR DE LA DIRECCION DE OPERACIONES DE LA ARMADA<\/h3>\n\n\n\n<p class=\"fs-5\">La misi\u00f3n es asesorar al Comandante en asuntos de Organizaci\u00f3n, Educaci\u00f3n Profesional y Operaciones dentro de la Armada, para facilitar la toma de decisiones que aseguren el cumplimiento de la misi\u00f3n constitucional. Los objetivos son orientar a los Jefes de Operaciones de las Grandes Unidades y Unidades subordinadas al Cuartel General en la Organizaci\u00f3n, Instrucci\u00f3n, y elaboraci\u00f3n de Planes, \u00d3rdenes y Documentos de Operaciones. Adem\u00e1s, se establecer\u00e1n canales t\u00e9cnicos de comunicaci\u00f3n entre la Direcci\u00f3n de Operaciones y los Jefes de Departamentos y Divisiones de Operaciones de las Unidades correspondientes.<\/p>\n\n\n\n<div style=\"height:50px\" aria-hidden=\"true\" class=\"wp-block-spacer\"><\/div>\n\n\n\n<h3 class=\"wp-block-heading has-text-align-center has-mitic-blue-color has-text-color has-link-color wp-elements-0a6baab980f40bf265b217a7e7686ac1\">Cap F DEM DERLYS MARINO PERALTA ARECO<br>DIRECTOR DE LA DIRECCION DE LOGISTICA DE LA ARMADA<\/h3>\n\n\n\n<p class=\"fs-5\">La Direcci\u00f3n de Log\u00edstica de la Armada regula y coordina las actividades log\u00edsticas, optimizando abastecimiento, mantenimiento, transporte y construcciones. Controla el abastecimiento y recuperaci\u00f3n de recursos, actualiza la documentaci\u00f3n del Parque Automotor y gestiona la adquisici\u00f3n de sistemas inform\u00e1ticos. Adem\u00e1s, presenta proyectos para la compra de nuevos medios, equipamientos y armamentos, asegurando la intercomunicaci\u00f3n electr\u00f3nica en las operaciones, conforme a las directrices del Comando de la Armada.<\/p>\n\n\n\n<div style=\"height:50px\" aria-hidden=\"true\" class=\"wp-block-spacer\"><\/div>\n\n\n\n<h3 class=\"wp-block-heading has-text-align-center has-mitic-blue-color has-text-color has-link-color wp-elements-041fad5f8f153ddaec514ed6d9e89724\">Cap C DEM HUGO DANIEL ECHEVERRIA RIQUELME<br>DIRECTOR DE LA DIRECCION DE INTELIGENCIA DE LA ARMADA<\/h3>\n\n\n\n<p class=\"fs-5\">El objetivo principal es orientar a los Jefes de Inteligencia de las Unidades para un desempe\u00f1o eficiente en inteligencia, contrainteligencia, operaciones especiales y psicol\u00f3gicas. Se busca asegurar la fluidez en la circulaci\u00f3n de informes entre las Unidades y el Cuartel General de la Armada, establecer normas para la elaboraci\u00f3n de documentos de inteligencia y generar informes peri\u00f3dicos reservados para los organismos competentes.<\/p>\n","protected":false},"excerpt":{"rendered":"<p>Cap N DEM RAUL LOPEZ ARIASDIRECTOR DE LA DIRECCION DE PERSONAL DE LA ARMADA La Direcci\u00f3n de Personal de la Armada tiene como misi\u00f3n gestionar eficientemente los recursos humanos, aline\u00e1ndose con las directrices del Comandante de la Armada. Es responsable de la selecci\u00f3n, incorporaci\u00f3n, administraci\u00f3n y distribuci\u00f3n del personal, con el fin de asegurar el [&hellip;]<\/p>\n","protected":false},"author":1,"featured_media":0,"parent":0,"menu_order":0,"comment_status":"closed","ping_status":"closed","template":"page-nosidebar.php","meta":{"footnotes":""},"class_list":["post-35","page","type-page","status-publish","hentry"],"_links":{"self":[{"href":"https:\/\/ffmm.mil.py\/armadaparaguaya\/wp-json\/wp\/v2\/pages\/35","targetHints":{"allow":["GET"]}}],"collection":[{"href":"https:\/\/ffmm.mil.py\/armadaparaguaya\/wp-json\/wp\/v2\/pages"}],"about":[{"href":"https:\/\/ffmm.mil.py\/armadaparaguaya\/wp-json\/wp\/v2\/types\/page"}],"author":[{"embeddable":true,"href":"https:\/\/ffmm.mil.py\/armadaparaguaya\/wp-json\/wp\/v2\/users\/1"}],"replies":[{"embeddable":true,"href":"https:\/\/ffmm.mil.py\/armadaparaguaya\/wp-json\/wp\/v2\/comments?post=35"}],"version-history":[{"count":3,"href":"https:\/\/ffmm.mil.py\/armadaparaguaya\/wp-json\/wp\/v2\/pages\/35\/revisions"}],"predecessor-version":[{"id":104,"href":"https:\/\/ffmm.mil.py\/armadaparaguaya\/wp-json\/wp\/v2\/pages\/35\/revisions\/104"}],"wp:attachment":[{"href":"https:\/\/ffmm.mil.py\/armadaparaguaya\/wp-json\/wp\/v2\/media?parent=35"}],"curies":[{"name":"wp","href":"https:\/\/api.w.org\/{rel}","templated":true}]}}