{"id":537,"date":"2025-07-10T21:06:19","date_gmt":"2025-07-10T19:06:19","guid":{"rendered":"https:\/\/migracion.ffmm.mil.py\/armadaparaguaya\/?page_id=537"},"modified":"2025-07-10T21:56:09","modified_gmt":"2025-07-10T19:56:09","slug":"comando-de-apoyo-de-combate","status":"publish","type":"page","link":"https:\/\/ffmm.mil.py\/armadaparaguaya\/comando-de-apoyo-de-combate\/","title":{"rendered":"COMANDO DE APOYO DE COMBATE"},"content":{"rendered":"\n<h3 class=\"wp-block-heading has-text-align-center has-mitic-blue-color has-text-color has-link-color wp-elements-3375ca90bb4b145a36f43f6a7a744b0b\">CAP N DEM WENCESLAO EVER IBARROLA PEREZ<br>COMANDANTE<\/h3>\n\n\n\n<p class=\"fs-5\"><strong>DATOS PERSONALES<\/strong><\/p>\n\n\n\n<p>Naci\u00f3 en la ciudad de Asunci\u00f3n, Paraguay, en fecha 06 de marzo de 1974, casado con un hijo.<\/p>\n\n\n\n<p class=\"fs-5\">Por Decreto N\u00b0 11.273 de fecha 14 de noviembre de 1995, ascendido al grado de Guardiamarina del arma Combatiente.<br>Por Orden General del Comando de la Armada N\u00b0 172 de fecha 24 de septiembre de 2024, es nombrado Comandante del Comando de Apoyo de Combate.<\/p>\n\n\n\n<p class=\"fs-5\">&nbsp;<strong>T\u00cdTULOS ACAD\u00c9MICOS<\/strong><br>\u2013 Licenciado en Ciencias Militares (concedido por la Academia Militar \u201cMcal Francisco Solano L\u00f3pez\u201d).<br>\u2013&nbsp; Mag\u00edster en Planificaci\u00f3n y Conducci\u00f3n Estrat\u00e9gica Nacional.<\/p>\n\n\n\n<p class=\"fs-5\">\u2013 Masterado en Ciencias Navales.<\/p>\n\n\n\n<p class=\"fs-5\">&nbsp;<strong>CURSOS DE CAPACITACI\u00d3N Y ACTUALIZACI\u00d3N<\/strong><br>\u2013 Escuela de Perfeccionamiento de Oficiales de la Armada.<br>\u2013 Comando y Estado Mayor de la Armada.<br>\u2013 Licenciado en Ciencias Militares.<br>\u2013 Operaciones de Mantenimiento de Paz.<br>\u2013 Auditor de Protecci\u00f3n de Buques.&nbsp;&nbsp;&nbsp;&nbsp;&nbsp;&nbsp;&nbsp;&nbsp;&nbsp;&nbsp;<\/p>\n\n\n\n<p class=\"fs-5\">&nbsp;&nbsp;<strong>CARGOS RELEVANTES<\/strong><br>\u2013 Jefe de Personal del CONCONAV.<br>\u2013 Segundo Comandante del Comando de Comunicaciones Navales..<br>\u2013 Director de la Direcci\u00f3n de Inform\u00e1tica de la Armada<br>\u2013 Jefe de la secci\u00f3n de Navegaci\u00f3n y Comunicaci\u00f3n de la PGN.<br>\u2013 Comandante del Patrullero \u201cTEBICUARY\u201d.<br>\u2013 Ayudante General del Jefe del Estado Mayor de la Armada.<\/p>\n\n\n\n<p class=\"fs-5\">\u2013 Ayudante General del Jefe del Estado Mayor de la Armada.<\/p>\n\n\n\n<p class=\"fs-5\">\u2013 Comandante del Comando de Comunicaciones Navales.<\/p>\n\n\n\n<p class=\"fs-5\">\u2013 Ayudante Personal del Comandante de la Armada.<\/p>\n\n\n\n<p class=\"fs-5\">\u2013 Jefe del Gabinete del Comandante de la Armada.<\/p>\n\n\n\n<p class=\"fs-5\">\u2013 Comandante del \u00c1rea Naval de Bah\u00eda Negra.<\/p>\n\n\n\n<p class=\"fs-5\">\u2013 Comandante de la Escuela de Formaci\u00f3n de Sub Oficiales de la Armada.<\/p>\n\n\n\n<p class=\"fs-5\">\u2013 Sub Prefecto General Naval.<\/p>\n\n\n\n<p class=\"fs-5\">\u2013 Jefe de Estado Mayor del CINAE y Comandante de la ECEMA.<\/p>\n\n\n\n<p class=\"fs-5\">\u2013 Comandante del \u00c1rea Naval de Itap\u00faa.<\/p>\n\n\n\n<p class=\"fs-5\">&nbsp;&nbsp;&nbsp;<strong>MEDALLAS, DISTINTIVOS Y MENCIONES<\/strong><br>\u2013 Distintivo de \u00abComando y Estado Mayor de la Armada\u00bb (Paraguay).<\/p>\n\n\n\n<p class=\"fs-5\">\u2013 Medalla de Honor al M\u00e9rito acad\u00e9mico (ARP)\u00bb (Paraguay).<br>\u2013 Medalla Honorifica y tiempo de Servicio (3 estrellas) (Paraguay).<\/p>\n\n\n\n<p class=\"fs-5\">\u2013 Medalla Honorifica y tiempo de Servicio (4 estrellas) (25 a\u00f1os) (Paraguay).<\/p>\n\n\n\n<p class=\"fs-5\">\u2013 Medalla de Honor del Comando en Jefe de las FFAANN (Paraguay).<\/p>\n\n\n\n<p class=\"fs-5\">\u2013 Medalla de Honor del Comando de la Aviaci\u00f3n Naval ARPAR (Paraguay).<\/p>\n\n\n\n<p class=\"fs-5\">\u2013 Medalla de Honor de la Prefectura General Naval (Paraguay).<\/p>\n\n\n\n<p class=\"fs-5\">\u2013 Medalla de Honor del Comando de Institutos Navales de Ense\u00f1anza (Paraguay).<\/p>\n\n\n\n<h3 class=\"wp-block-heading has-text-align-center\">MISI\u00d3N DEL COMANDO DE APOYO DE COMBATE<\/h3>\n\n\n\n<p class=\"fs-5\">PROPORCIONAR A LAS GRANDES UNIDADES DE LA ARMADA:<\/p>\n\n\n\n<p class=\"fs-5\">\u2013&nbsp;&nbsp;&nbsp;Comunicaciones, transportes navales<\/p>\n\n\n\n<p class=\"fs-5\">\u2013&nbsp;&nbsp;&nbsp;Mantener expeditas en todo tiempo los cursos fluviales navegables.<\/p>\n\n\n\n<p class=\"fs-5\">\u2013&nbsp;&nbsp;&nbsp;Participar en tareas de aprovechamiento de recursos h\u00eddricos.<\/p>\n\n\n\n<p class=\"fs-5\">\u2013&nbsp;&nbsp;&nbsp;Integrar con parte de sus medios las organizaciones de tareas, a fin de contribuir para el cumplimiento de la misi\u00f3n del escal\u00f3n superior.<\/p>\n\n\n\n<h3 class=\"wp-block-heading has-text-align-center\">HISTORIA<\/h3>\n\n\n\n<p class=\"fs-5\">Seg\u00fan la Ley N\u00ba 216 de la organizaci\u00f3n general de las fuerzas armadas de la naci\u00f3n, de fecha 9 de julio de 1993, en su cap\u00edtulo II de la armada en su art. 24 textualmente dice: \u201cson partes integrantes del comando de la ARMADA INC \u201ce\u201d el comando de apoyo de combate\u201d, hasta ese entonces las unidades componentes de la gran unidad eran independientes seg\u00fan lo establec\u00eda la Ley N\u00ba 74 del 20 de noviembre de 1991 que fue derogada por la ley 216 antes mencionada.<\/p>\n\n\n\n<p class=\"fs-5\">A partir de esa fecha el COAPCOM, funcionaba en el comando de transportes navales, hasta que en fecha 18 de mayo del 2001, se inaugura la nueva sede de la direcci\u00f3n de hidrograf\u00eda y navegaci\u00f3n de la armada, en mariano roque alonso.<\/p>\n\n\n\n<p class=\"fs-5\">El comando de apoyo de combate, traslada su pc a la DHN, donde se establece el cuartel general del COAPCOM.<\/p>\n\n\n\n<p class=\"fs-5\"><strong><u>Direcci\u00f3n de Hidrograf\u00eda y Navegaci\u00f3n de la Armada<\/u><\/strong><\/p>\n\n\n\n<p class=\"fs-5\">La DHN es un organismo cient\u00edfico, t\u00e9cnico y administrativo, capacitado para atender esencialmente todo lo relacionado con la hidrograf\u00eda y navegaci\u00f3n de nuestras v\u00edas fluviales y la custres en sus diversos aspectos.<br>Tiene a su cargo formular las instrucciones y directivas para los trabajos concernientes a la hidrograf\u00eda nacional y coopera en el aspecto n\u00e1utico con la prefectura general naval.<\/p>\n\n\n\n<p class=\"fs-5\"><strong><u>Misi\u00f3n de la DHN<\/u><\/strong><\/p>\n\n\n\n<p class=\"fs-5\">\u2013 Realiza operaciones de sondaje conjuntamente con la Marina del Brasil<\/p>\n\n\n\n<p class=\"fs-5\">\u2013 Realiza estudios de aprovechamiento h\u00eddricos nacionales con otras entidades militares y civiles con funciones similares.<\/p>\n\n\n\n<p class=\"fs-5\">\u2013 Asiste al comando de la armada en sus requerimientos en asuntos de su competencia.<\/p>\n\n\n\n<p class=\"fs-5\">\u2013 Realiza trabajos hidrogr\u00e1ficos orientados a la defensa nacional (controles estad\u00edsticos del comportamiento de las v\u00edas navegables, levantamientos hidrogr\u00e1ficos, batimetr\u00edas, se\u00f1alizaciones.<\/p>\n\n\n\n<p class=\"fs-5\">\u2013 Emite boletines de alertas de crecientes, bajantes y pron\u00f3sticos de sequias.<\/p>\n\n\n\n<p class=\"fs-5\">\u2013 Emite publicaciones de avisos a los navegantes.<\/p>\n\n\n\n<p class=\"fs-5\">\u2013 Edita cartas n\u00e1uticas de los r\u00edos nacionales con el sello de la DHN de la armada paraguaya.<\/p>\n\n\n\n<p class=\"fs-5\">\u2013 Realiza servicios de buceo en apoyo a la ciudadan\u00eda, consistente en b\u00fasqueda y rescate de personas desaparecidas en los r\u00edos, riachos, lagos y lagunas de todo el territorio nacional.<\/p>\n\n\n\n<p class=\"fs-5\">\u2013 Integra comisiones intergubernamentales (hidrov\u00eda Paraguay-Paran\u00e1, comisi\u00f3n Pilcomayo), brindando asesoramientos correspondientes.<\/p>\n\n\n\n<h3 class=\"wp-block-heading has-text-align-center has-mitic-blue-color has-text-color has-link-color wp-elements-0100967d50ccf332b3c05123d9834f31\">ORGANIGRAMA<\/h3>\n\n\n<div class=\"wp-block-image\">\n<figure class=\"aligncenter size-full\"><img fetchpriority=\"high\" decoding=\"async\" width=\"751\" height=\"561\" src=\"https:\/\/cimefor.mil.py\/armadaparaguaya\/wp-content\/uploads\/sites\/6\/2025\/07\/Organigrama-COAPCOM.png\" alt=\"\" class=\"wp-image-538\" srcset=\"https:\/\/ffmm.mil.py\/armadaparaguaya\/wp-content\/uploads\/sites\/6\/2025\/07\/Organigrama-COAPCOM.png 751w, https:\/\/ffmm.mil.py\/armadaparaguaya\/wp-content\/uploads\/sites\/6\/2025\/07\/Organigrama-COAPCOM-300x224.png 300w\" sizes=\"(max-width: 751px) 100vw, 751px\" \/><\/figure>\n<\/div>\n\n\n<p class=\"fs-5\"><strong><u>Grupo de Instrucci\u00f3n:<\/u><\/strong><\/p>\n\n\n\n<p class=\"fs-5\">Es la encargada de dictar el curso de&nbsp;buceo de borda a todos los se\u00f1ores oficiales y sub oficiales voluntarios, de la armada paraguaya. el curso de buceo tiene una duraci\u00f3n total de 600 horas c\u00e1tedras. divididas en tres instrucciones:<\/p>\n\n\n\n<p class=\"fs-5\"><strong><u>Instrucci\u00f3n Te\u00f3rica:<\/u><\/strong><\/p>\n\n\n\n<p class=\"fs-5\">\u2013 F\u00edsica del buceo.<\/p>\n\n\n\n<p class=\"fs-5\">\u2013 Fisiopatolog\u00eda del buceo.<\/p>\n\n\n\n<p class=\"fs-5\">\u2013 Materiales, equipos, accesorios y mantenimientos.<\/p>\n\n\n\n<p class=\"fs-5\">\u2013 T\u00e9cnicas de buceo y normas de seguridad.<\/p>\n\n\n\n<p class=\"fs-5\">&nbsp;\u2013 Primeros auxilios.<\/p>\n\n\n\n<div class=\"wp-block-group alignwide is-content-justification-center is-nowrap is-layout-flex wp-container-core-group-is-layout-23441af8 wp-block-group-is-layout-flex\">\n<figure class=\"wp-block-image size-full\"><img decoding=\"async\" width=\"269\" height=\"300\" src=\"https:\/\/cimefor.mil.py\/armadaparaguaya\/wp-content\/uploads\/sites\/6\/2025\/07\/primerosauxilio-269x300-1.png\" alt=\"\" class=\"wp-image-539\"\/><\/figure>\n\n\n\n<figure class=\"wp-block-image size-full\"><img decoding=\"async\" width=\"253\" height=\"300\" src=\"https:\/\/cimefor.mil.py\/armadaparaguaya\/wp-content\/uploads\/sites\/6\/2025\/07\/primero2-253x300-1.png\" alt=\"\" class=\"wp-image-540\"\/><\/figure>\n<\/div>\n\n\n\n<p class=\"fs-5\"><strong>Instrucci\u00f3n de Nataci\u00f3n:<\/strong><\/p>\n\n\n\n<p class=\"fs-5\">\u2013 Acuatizaci\u00f3n.<br>\u2013 Nataci\u00f3n b\u00e1sica y utilitaria.<br>\u2013 Nataci\u00f3n con equipos b\u00e1sicos de buceo.<\/p>\n\n\n\n<p class=\"fs-5\"><strong><u>Instrucci\u00f3n practica de Buceo:<\/u><\/strong><\/p>\n\n\n\n<p class=\"fs-5\">\u2013 Preparaci\u00f3n de los equipos de buceo.<br>\u2013 Ingreso al medio acu\u00e1tico.<br>\u2013 Ejecuci\u00f3n del buceo.<br>\u2013 Procedimientos en situaciones de emergencia.<br>\u2013 Buceo en aguas turbias.<br>\u2013 Procedimientos ante salvatajes.<\/p>\n\n\n\n<p class=\"fs-5\"><strong><u>Instrucci\u00f3n grupo de B\u00fasqueda y Rescate:<\/u><\/strong><\/p>\n\n\n\n<p class=\"fs-5\">El grupo de b\u00fasqueda y rescate est\u00e1 organizada en brigadas de guardia de tal manera a dar una cobertura total, estando en condiciones de ser empleados a orden del escal\u00f3n superior. las brigadas de buzos dan cumplimiento al procedimiento operativo normal (pon) emitido por la direcci\u00f3n de hidrograf\u00eda y navegaci\u00f3n.<\/p>\n\n\n\n<h3 class=\"wp-block-heading has-text-align-center has-mitic-blue-color has-text-color has-link-color wp-elements-7139ef219476c90796e6bfba9f3ebfa8\">COMANDOS DE TRANSPORTES NAVALES<\/h3>\n\n\n<div class=\"wp-block-image\">\n<figure class=\"aligncenter size-full\"><img loading=\"lazy\" decoding=\"async\" width=\"259\" height=\"300\" src=\"https:\/\/cimefor.mil.py\/armadaparaguaya\/wp-content\/uploads\/sites\/6\/2025\/07\/Comando-de-Transportes-Navales-259x300-1.png\" alt=\"\" class=\"wp-image-541\"\/><\/figure>\n<\/div>\n\n\n<p><\/p>\n\n\n\n<h3 class=\"wp-block-heading has-text-align-center has-mitic-blue-color has-text-color has-link-color wp-elements-e9ac0352c96f7ff1ffce2c713bdf61eb\">MISI\u00d3N<\/h3>\n\n\n\n<p class=\"fs-5\">La misi\u00f3n encomendada al comando de transportes navales como componente del comando de apoyo de combate, es la realizar transporte de personal y material en el \u00e1mbito fluvial nacional e internacional, en apoyo a operaciones militares, instrucci\u00f3n y adiestramiento con las unidades de la armada, del ej\u00e9rcito, aeron\u00e1utica y otras necesidades de inter\u00e9s naval. integrar con parte de sus medios la organizaci\u00f3n de tareas, a fin de contribuir para el cumplimiento de la misi\u00f3n del escal\u00f3n superior.<\/p>\n\n\n\n<div class=\"wp-block-group alignwide is-content-justification-center is-nowrap is-layout-flex wp-container-core-group-is-layout-23441af8 wp-block-group-is-layout-flex\">\n<figure class=\"wp-block-image size-full\"><img loading=\"lazy\" decoding=\"async\" width=\"300\" height=\"188\" src=\"https:\/\/cimefor.mil.py\/armadaparaguaya\/wp-content\/uploads\/sites\/6\/2025\/07\/COM1-300x188-1.png\" alt=\"\" class=\"wp-image-543\"\/><\/figure>\n\n\n\n<figure class=\"wp-block-image size-full\"><img loading=\"lazy\" decoding=\"async\" width=\"300\" height=\"181\" src=\"https:\/\/cimefor.mil.py\/armadaparaguaya\/wp-content\/uploads\/sites\/6\/2025\/07\/COM2-300x181-1.png\" alt=\"\" class=\"wp-image-544\"\/><\/figure>\n\n\n\n<figure class=\"wp-block-image size-full\"><img loading=\"lazy\" decoding=\"async\" width=\"300\" height=\"225\" src=\"https:\/\/cimefor.mil.py\/armadaparaguaya\/wp-content\/uploads\/sites\/6\/2025\/07\/COM3-300x225-1.png\" alt=\"\" class=\"wp-image-545\"\/><\/figure>\n<\/div>\n\n\n\n<h3 class=\"wp-block-heading has-text-align-center has-mitic-blue-color has-text-color has-link-color wp-elements-11b100c9175f65a42ba0564d29727cc2\">MISI\u00d3N DEL COMCONAV<\/h3>\n\n\n\n<p class=\"fs-5\">Organizar, establecer y mantener el sistema de comunicaciones necesarias para permitir el ejercicio del comando de las autoridades navales y asistir o asesorar a la conducci\u00f3n superior de la armada en asunto de comunicaciones y guerra electr\u00f3nica.<\/p>\n\n\n\n<h3 class=\"wp-block-heading has-text-align-center has-mitic-blue-color has-text-color has-link-color wp-elements-0100967d50ccf332b3c05123d9834f31\">ORGANIGRAMA<\/h3>\n\n\n<div class=\"wp-block-image\">\n<figure class=\"aligncenter size-full\"><img loading=\"lazy\" decoding=\"async\" width=\"756\" height=\"237\" src=\"https:\/\/cimefor.mil.py\/armadaparaguaya\/wp-content\/uploads\/sites\/6\/2025\/07\/Captura-de-pantalla-2023-11-29-213939.png\" alt=\"\" class=\"wp-image-548\" srcset=\"https:\/\/ffmm.mil.py\/armadaparaguaya\/wp-content\/uploads\/sites\/6\/2025\/07\/Captura-de-pantalla-2023-11-29-213939.png 756w, https:\/\/ffmm.mil.py\/armadaparaguaya\/wp-content\/uploads\/sites\/6\/2025\/07\/Captura-de-pantalla-2023-11-29-213939-300x94.png 300w\" sizes=\"(max-width: 756px) 100vw, 756px\" \/><\/figure>\n<\/div>","protected":false},"excerpt":{"rendered":"<p>CAP N DEM WENCESLAO EVER IBARROLA PEREZCOMANDANTE DATOS PERSONALES Naci\u00f3 en la ciudad de Asunci\u00f3n, Paraguay, en fecha 06 de marzo de 1974, casado con un hijo. Por Decreto N\u00b0 11.273 de fecha 14 de noviembre de 1995, ascendido al grado de Guardiamarina del arma Combatiente.Por Orden General del Comando de la Armada N\u00b0 172 [&hellip;]<\/p>\n","protected":false},"author":1,"featured_media":0,"parent":0,"menu_order":0,"comment_status":"closed","ping_status":"closed","template":"page-nosidebar.php","meta":{"footnotes":""},"class_list":["post-537","page","type-page","status-publish","hentry"],"_links":{"self":[{"href":"https:\/\/ffmm.mil.py\/armadaparaguaya\/wp-json\/wp\/v2\/pages\/537","targetHints":{"allow":["GET"]}}],"collection":[{"href":"https:\/\/ffmm.mil.py\/armadaparaguaya\/wp-json\/wp\/v2\/pages"}],"about":[{"href":"https:\/\/ffmm.mil.py\/armadaparaguaya\/wp-json\/wp\/v2\/types\/page"}],"author":[{"embeddable":true,"href":"https:\/\/ffmm.mil.py\/armadaparaguaya\/wp-json\/wp\/v2\/users\/1"}],"replies":[{"embeddable":true,"href":"https:\/\/ffmm.mil.py\/armadaparaguaya\/wp-json\/wp\/v2\/comments?post=537"}],"version-history":[{"count":3,"href":"https:\/\/ffmm.mil.py\/armadaparaguaya\/wp-json\/wp\/v2\/pages\/537\/revisions"}],"predecessor-version":[{"id":549,"href":"https:\/\/ffmm.mil.py\/armadaparaguaya\/wp-json\/wp\/v2\/pages\/537\/revisions\/549"}],"wp:attachment":[{"href":"https:\/\/ffmm.mil.py\/armadaparaguaya\/wp-json\/wp\/v2\/media?parent=537"}],"curies":[{"name":"wp","href":"https:\/\/api.w.org\/{rel}","templated":true}]}}