{"id":550,"date":"2025-07-10T21:21:29","date_gmt":"2025-07-10T19:21:29","guid":{"rendered":"https:\/\/migracion.ffmm.mil.py\/armadaparaguaya\/?page_id=550"},"modified":"2025-07-10T21:56:21","modified_gmt":"2025-07-10T19:56:21","slug":"comando-de-instituto-navales-de-ensenanza","status":"publish","type":"page","link":"https:\/\/ffmm.mil.py\/armadaparaguaya\/comando-de-instituto-navales-de-ensenanza\/","title":{"rendered":"COMANDO DE INSTITUTO NAVALES DE ENSE\u00d1ANZA"},"content":{"rendered":"\n<h3 class=\"wp-block-heading has-text-align-center has-mitic-blue-color has-text-color has-link-color wp-elements-a0cb51128266384d38a56825d8fd4bb9\">CONTRALMIRANTE ALBINO BOGARIN FLOR<br>COMANDANTE<\/h3>\n\n\n<div class=\"wp-block-image\">\n<figure class=\"aligncenter size-full\"><img fetchpriority=\"high\" decoding=\"async\" width=\"224\" height=\"300\" src=\"https:\/\/cimefor.mil.py\/armadaparaguaya\/wp-content\/uploads\/sites\/6\/2025\/07\/Captura-de-pantalla-2024-06-18-132158-224x300-1.png\" alt=\"\" class=\"wp-image-551\"\/><\/figure>\n<\/div>\n\n\n<p class=\"fs-5\"><strong>DATOS PERSONALES<\/strong><\/p>\n\n\n\n<p class=\"fs-5\">Naci\u00f3 en la ciudad de Arroyos y Esteros, Paraguay, en fecha 29 de julio de 1972, casado con un hijo.<br>Por Decreto N\u00b0 1.327 de fecha 29 de noviembre de 1993, ascendido al grado de Guardiamarina en el arma de Combatiente.<br>Por Decreto N\u00b0 935 de fecha 27 de diciembre de 2023, es ascendido al grado de Contralmirante.<\/p>\n\n\n\n<p class=\"fs-5\">Por Orden General del Comando de la Armada N\u00b0 171 de fecha 23 de septiembre de 2024, es nombrado como Comandante del Comando de Institutos Navales de Ense\u00f1anza.<\/p>\n\n\n\n<p class=\"fs-5\"><strong>T\u00cdTULOS ACAD\u00c9MICOS<\/strong><br>\u2013 Licenciado en Ciencias Militares (concedido por la Academia Militar \u201cMcal Francisco Solano L\u00f3pez\u201d).<\/p>\n\n\n\n<p class=\"fs-5\">\u2013 M\u00e1ster en Operaciones Navales (concedido por la Escuela de Perfeccionamiento de Oficiales de la Armada).<\/p>\n\n\n\n<p class=\"fs-5\">\u2013 Mag\u00edster en Planificaci\u00f3n, Administraci\u00f3n y Comando Naval (concedido por la Escuela &nbsp;&nbsp;de Comando y Estado Mayor de la Armada).<\/p>\n\n\n\n<p class=\"fs-5\">\u2013 Magister en Planificaci\u00f3n y Conducci\u00f3n Estrat\u00e9gica Nacional.<\/p>\n\n\n\n<p class=\"fs-5\"><strong>CURSOS DE CAPACITACI\u00d3N Y ACTUALIZACI\u00d3N<\/strong><\/p>\n\n\n\n<p class=\"fs-5\">\u2013 Operaciones de Mantenimiento de Paz&nbsp;&nbsp;&nbsp;&nbsp;&nbsp;&nbsp;&nbsp;&nbsp;&nbsp;&nbsp;&nbsp;&nbsp;&nbsp;&nbsp;&nbsp;&nbsp;&nbsp;&nbsp;&nbsp;&nbsp;&nbsp;&nbsp;&nbsp;&nbsp;&nbsp;&nbsp;&nbsp;&nbsp;&nbsp;&nbsp;<\/p>\n\n\n\n<p class=\"fs-5\">\u2013 Escuela de Perfeccionamiento de Oficiales de la Armada&nbsp;&nbsp;&nbsp;&nbsp;&nbsp;&nbsp;&nbsp;&nbsp;&nbsp;&nbsp;&nbsp;<\/p>\n\n\n\n<p class=\"fs-5\">\u2013 Guardiamarinas&nbsp;&nbsp;&nbsp;&nbsp;&nbsp;&nbsp;&nbsp;&nbsp;&nbsp;&nbsp;&nbsp;&nbsp;&nbsp;&nbsp;&nbsp;&nbsp;&nbsp;&nbsp;&nbsp;&nbsp;&nbsp;&nbsp;&nbsp;&nbsp;&nbsp;&nbsp;&nbsp;&nbsp;&nbsp;&nbsp;&nbsp;&nbsp;&nbsp;&nbsp;&nbsp;&nbsp;&nbsp;&nbsp;&nbsp;&nbsp;&nbsp;&nbsp;&nbsp;&nbsp;&nbsp;&nbsp;&nbsp;&nbsp;&nbsp;&nbsp;&nbsp;<\/p>\n\n\n\n<p class=\"fs-5\">\u2013 Comando y Estado Mayor Escalaf\u00f3n Infanter\u00eda de Marina&nbsp;&nbsp;&nbsp;&nbsp;&nbsp;&nbsp;&nbsp;&nbsp;&nbsp;&nbsp;&nbsp;&nbsp;<\/p>\n\n\n\n<p class=\"fs-5\">\u2013 Comando y Estado Mayor&nbsp;&nbsp;&nbsp;&nbsp;&nbsp;&nbsp;&nbsp;&nbsp;&nbsp;&nbsp;&nbsp;&nbsp;&nbsp;&nbsp;&nbsp;&nbsp;&nbsp;&nbsp;&nbsp;&nbsp;&nbsp;&nbsp;&nbsp;&nbsp;&nbsp;&nbsp;&nbsp;&nbsp;&nbsp;&nbsp;&nbsp;&nbsp;&nbsp;&nbsp;&nbsp;&nbsp;&nbsp;&nbsp;&nbsp;&nbsp;&nbsp;&nbsp;&nbsp;<\/p>\n\n\n\n<p class=\"fs-5\">\u2013 Cursillo Regional de Formaci\u00f3n acerca de C\u00f3digos IMDG y IMSBC&nbsp;&nbsp;&nbsp; &nbsp;<\/p>\n\n\n\n<p class=\"fs-5\">\u2013 Expedito de Control Naval de Trafico Mar\u00edtimo para oficiales&nbsp;&nbsp;&nbsp;&nbsp;&nbsp;<\/p>\n\n\n\n<p class=\"fs-5\">\u2013 Programa de Maestr\u00eda en Planificaci\u00f3n y Conducci\u00f3n Estrat\u00e9gica NCNAL<\/p>\n\n\n\n<p class=\"fs-5\"><strong>CARGOS RELEVANTES<\/strong><br>\u2013 COMANDANTE DE LA SUB AREA DE PACIFICACION N\u00ba 3 ARPAR<\/p>\n\n\n\n<p class=\"fs-5\">\u2013 COMANDANTE DEL COMANDO LOCAL DE CONTROL OPERATIVO (COLCO)<\/p>\n\n\n\n<p class=\"fs-5\">\u2013 &nbsp;COMANDANTE DEL AREA NAVAL Y PREFECTO DE ZONA DE CANINDEYU<\/p>\n\n\n\n<p class=\"fs-5\">\u2013 &nbsp;COMANDANTE DEL BIM-2 VALLEMI<\/p>\n\n\n\n<p class=\"fs-5\">\u2013 COMANDANTE DEL PATRULLERO ITAIPU<\/p>\n\n\n\n<p class=\"fs-5\">\u2013 COMANDANTE DEL AREA NAVAL Y PREFECTURA ZONA DE ITAPUA<\/p>\n\n\n\n<p class=\"fs-5\">\u2013 COMANDANTE DEL COMANDO DE APOYO DE COMBATE<\/p>\n\n\n\n<p class=\"fs-5\">\u2013 COMANDANTE INTERINO DEL COMANDO DE INFANTERIA DE MARINA.<\/p>\n\n\n\n<p class=\"fs-5\">\u2013 PREFECTO GENERAL NAVAL.<\/p>\n\n\n\n<p class=\"fs-5\"><strong>MEDALLAS, DISTINTIVOS Y MENCIONES<\/strong><br>\u2013 DISTINTIVO \u00abCOMANDO Y ESTADO MAYOR DE LA ARMADA\u00bb<\/p>\n\n\n\n<p class=\"fs-5\">\u2013 MEDALLA DE HONOR AL MERITO ACADEMICO (ARPAR)<\/p>\n\n\n\n<p class=\"fs-5\">\u2013 MEDALLA DE HONOR DE LA MISION NAVAL ARGENTINA DE INSTRUCCCIO (ARGENTINA)<\/p>\n\n\n\n<p class=\"fs-5\">\u2013 MEDALLA DE HONOR DEL COMANDO EN JEFE DE LAS FFAANN<\/p>\n\n\n\n<p class=\"fs-5\">\u2013 MEDALLA HONORIFICA Y DISTINTIVO (2 ESTRELLAS)<\/p>\n\n\n\n<p class=\"fs-5\">\u2013 MEDALLA HONORIFICA Y DISTINTIVO TIEMPO DE SERVICIOS (20 A\u00d1OS)<\/p>\n\n\n\n<p class=\"fs-5\">\u2013 MEDALLA DE HONOR DEL COMANDO DE INFANTERIA DE MARINA<\/p>\n\n\n\n<p class=\"fs-5\">\u2013 MEDALLA DE HONOR DE LA ARMADA PARAGUAYA<\/p>\n\n\n\n<p class=\"fs-5\">\u2013 MEDALLA DE HONOR DEL CENTRO FINANCIERO N\u00ba 3 ARPAR<\/p>\n\n\n\n<p class=\"fs-5\">\u2013 MEDALLA DE HONOR DE LA PREFECTURA GENERAL NAVAL<\/p>\n\n\n\n<p class=\"fs-5\">\u2013 MEDALLA DE HONOR DE LA DIRECCION DEL MATERIAL DE LA ARMADA<\/p>\n\n\n\n<p class=\"fs-5\">\u2013 MEDALLA DE HONOR DEL COMANDO DE LA FLOTA DE GUERRA DE LA ARPAR<\/p>\n\n\n\n<p class=\"fs-5\">\u2013 MEDALLA DE HONOR DEL COMANDO DE LA AVIACION NAVAL DE LA ARPAR<\/p>\n\n\n\n<p class=\"fs-5\">\u2013 MEDALLA DE HONOR DEL LICEO MILITAR ACOSTA \u00d1U<\/p>\n\n\n\n<p class=\"fs-5\">\u2013 MEDALLA DE HONOR DEL COMANDO DE INSTITUTOS NAVALES DE ENSE\u00d1ANZA&nbsp;<\/p>\n\n\n\n<p class=\"fs-5\">\u2013 MEDALLA DE HONOR DE LA DIAPSER<\/p>\n\n\n\n<h3 class=\"wp-block-heading has-text-align-center has-mitic-blue-color has-text-color has-link-color wp-elements-e9ac0352c96f7ff1ffce2c713bdf61eb\">MISI\u00d3N<\/h3>\n\n\n\n<p class=\"fs-5\">Orientar, coordinar y supervisar la Ense\u00f1anza e Instrucci\u00f3n Naval, con la finalidad de contribuir en la preparaci\u00f3n del personal para el empleo del Poder Naval.<\/p>\n\n\n\n<h3 class=\"wp-block-heading has-text-align-center has-mitic-blue-color has-text-color has-link-color wp-elements-77145def7382de2de38efe2731412c26\">HISTORIA<\/h3>\n\n\n\n<p class=\"fs-5\">El Comando de Institutos Navales de Ense\u00f1anza, tiene su origen en la Orden General N\u00ba 121 de la Direcci\u00f3n General de la Armada de fecha 03 de octubre de 1940, con la denominaci\u00f3n de Direcci\u00f3n de Institutos Navales de Ense\u00f1anza, posteriormente disuelta por reorganizaci\u00f3n de la Armada, siendo reactivada por Ley 832\/80 en abril de 1980, con asiento en la calle \u00d1uflo de Ch\u00e1vez esquina Carlos Antonio L\u00f3pez del Barrio Sajonia de Asunci\u00f3n.<\/p>\n\n\n\n<p class=\"fs-5\">Cuenta con 7 (siete) unidades acad\u00e9micas conformadas por la Escuela de Comando y Estado Mayor de la Armada \u2013 ECEMA, quien capacita a los Se\u00f1ores Oficiales Superiores, para desempe\u00f1arse como Comandantes de Unidades, Directores de Servicios y miembros de un Estado Mayor.<\/p>\n\n\n\n<p class=\"fs-5\">La Escuela de Perfeccionamiento para Oficiales \u2013 EPOA, proporciona conocimientos conforme a las funciones que puedan desempe\u00f1ar en las distintas Unidades de la Armada.<\/p>\n\n\n\n<p class=\"fs-5\">En la escuela de formaci\u00f3n de Sub Oficiales de la Armada \u2013 EFSOA, se suministra Ense\u00f1anza T\u00e9cnico Profesional y Adiestramiento Militar a los grumetes, con el fin de formar Sub Oficiales para la Armada Paraguaya.<\/p>\n\n\n\n<p class=\"fs-5\">El departamento de Cursos Especiales \u2013 CCEE, desarrolla Curso de Guardiamarinas, que nivela y complementa la formaci\u00f3n T\u00e9cnico Profesional del personal en ese grado.<\/p>\n\n\n\n<p class=\"fs-5\">La Escuela de Perfeccionamiento de Sub Oficiales de la Armada \u2013 EPSOA, perfecciona los conocimientos adquiridos por estos, conforme a las funciones que puedan desempe\u00f1ar a bordo y en otras unidades.<\/p>\n\n\n\n<p class=\"fs-5\">En el post Grado en Did\u00e1ctica Superior, se fortalece la Formaci\u00f3n Pedag\u00f3gica y Did\u00e1ctica el personal militar y civil con t\u00edtulos de grados y\/o T\u00e9cnico de Nivel Superior para la mejor orientaci\u00f3n del proceso de ense\u00f1anza \u2013 aprendizaje.<\/p>\n\n\n\n<p class=\"fs-5\">La Escuela N\u00e1utica de la Armada \u2013 ENA, orienta, gu\u00eda y desarrolla la instrucci\u00f3n para formar al personal de la Marina Mercante Nacional en las distintas categor\u00edas de cubierta, m\u00e1quina y Agentes Mar\u00edtimos, as\u00ed como los certifica en aquellas capacitaciones impuestas por la Organizaci\u00f3n Mar\u00edtima Internacional.<\/p>\n\n\n\n<h3 class=\"wp-block-heading has-text-align-center has-mitic-blue-color has-text-color has-link-color wp-elements-0100967d50ccf332b3c05123d9834f31\">ORGANIGRAMA<\/h3>\n\n\n<div class=\"wp-block-image\">\n<figure class=\"aligncenter size-large\"><img decoding=\"async\" width=\"1024\" height=\"405\" src=\"https:\/\/cimefor.mil.py\/armadaparaguaya\/wp-content\/uploads\/sites\/6\/2025\/07\/ORGANIGRAMA-CINAE-1024x405.png\" alt=\"\" class=\"wp-image-552\" srcset=\"https:\/\/ffmm.mil.py\/armadaparaguaya\/wp-content\/uploads\/sites\/6\/2025\/07\/ORGANIGRAMA-CINAE-1024x405.png 1024w, https:\/\/ffmm.mil.py\/armadaparaguaya\/wp-content\/uploads\/sites\/6\/2025\/07\/ORGANIGRAMA-CINAE-300x119.png 300w, https:\/\/ffmm.mil.py\/armadaparaguaya\/wp-content\/uploads\/sites\/6\/2025\/07\/ORGANIGRAMA-CINAE-768x304.png 768w, https:\/\/ffmm.mil.py\/armadaparaguaya\/wp-content\/uploads\/sites\/6\/2025\/07\/ORGANIGRAMA-CINAE.png 1186w\" sizes=\"(max-width: 1024px) 100vw, 1024px\" \/><\/figure>\n<\/div>","protected":false},"excerpt":{"rendered":"<p>CONTRALMIRANTE ALBINO BOGARIN FLORCOMANDANTE DATOS PERSONALES Naci\u00f3 en la ciudad de Arroyos y Esteros, Paraguay, en fecha 29 de julio de 1972, casado con un hijo.Por Decreto N\u00b0 1.327 de fecha 29 de noviembre de 1993, ascendido al grado de Guardiamarina en el arma de Combatiente.Por Decreto N\u00b0 935 de fecha 27 de diciembre de [&hellip;]<\/p>\n","protected":false},"author":1,"featured_media":0,"parent":0,"menu_order":0,"comment_status":"closed","ping_status":"closed","template":"page-nosidebar.php","meta":{"footnotes":""},"class_list":["post-550","page","type-page","status-publish","hentry"],"_links":{"self":[{"href":"https:\/\/ffmm.mil.py\/armadaparaguaya\/wp-json\/wp\/v2\/pages\/550","targetHints":{"allow":["GET"]}}],"collection":[{"href":"https:\/\/ffmm.mil.py\/armadaparaguaya\/wp-json\/wp\/v2\/pages"}],"about":[{"href":"https:\/\/ffmm.mil.py\/armadaparaguaya\/wp-json\/wp\/v2\/types\/page"}],"author":[{"embeddable":true,"href":"https:\/\/ffmm.mil.py\/armadaparaguaya\/wp-json\/wp\/v2\/users\/1"}],"replies":[{"embeddable":true,"href":"https:\/\/ffmm.mil.py\/armadaparaguaya\/wp-json\/wp\/v2\/comments?post=550"}],"version-history":[{"count":2,"href":"https:\/\/ffmm.mil.py\/armadaparaguaya\/wp-json\/wp\/v2\/pages\/550\/revisions"}],"predecessor-version":[{"id":555,"href":"https:\/\/ffmm.mil.py\/armadaparaguaya\/wp-json\/wp\/v2\/pages\/550\/revisions\/555"}],"wp:attachment":[{"href":"https:\/\/ffmm.mil.py\/armadaparaguaya\/wp-json\/wp\/v2\/media?parent=550"}],"curies":[{"name":"wp","href":"https:\/\/api.w.org\/{rel}","templated":true}]}}