{"id":558,"date":"2025-07-10T21:28:24","date_gmt":"2025-07-10T19:28:24","guid":{"rendered":"https:\/\/migracion.ffmm.mil.py\/armadaparaguaya\/?page_id=558"},"modified":"2025-07-10T21:56:39","modified_gmt":"2025-07-10T19:56:39","slug":"direccion-del-material","status":"publish","type":"page","link":"https:\/\/ffmm.mil.py\/armadaparaguaya\/direccion-del-material\/","title":{"rendered":"DIRECCION DEL MATERIAL"},"content":{"rendered":"\n<h3 class=\"wp-block-heading has-text-align-center has-mitic-blue-color has-text-color has-link-color wp-elements-6ebce9dc477b2ccb492857856084d44d\">CAP N DEM LINO ARNALDO ASCURRA NU\u00d1EZ<br>DIRECTOR<\/h3>\n\n\n\n<p class=\"fs-5\"><strong>DATOS PERSONALES<\/strong><\/p>\n\n\n\n<p class=\"fs-5\">Naci\u00f3 en la ciudad de Asunci\u00f3n, Paraguay, en fecha 23 de julio de 1972, casado con dos hijos.<\/p>\n\n\n\n<p class=\"fs-5\">Por Decreto N\u00b0 11.273 de fecha 14 de noviembre de 1995, ascendido al grado de Guardiamarina del arma Combatiente.<br>Por Orden General del Comando de la Armada N\u00b0 172 de fecha 24 de septiembre de 2024, es nombrado Director de la Direcci\u00f3n del Material de la Armada.<\/p>\n\n\n\n<p class=\"fs-5\">&nbsp;<strong>T\u00cdTULOS ACAD\u00c9MICOS<\/strong><br>\u2013 Licenciado en Ciencias Militares (concedido por la Academia Militar \u201cMcal Francisco Solano L\u00f3pez\u201d).<br>\u2013 Mag\u00edster en Planificaci\u00f3n, Administraci\u00f3n y Comando Naval (concedido por la Escuela de Comando y Estado Mayor de la Armada).<\/p>\n\n\n\n<p class=\"fs-5\">&nbsp;<strong>CURSOS DE CAPACITACI\u00d3N Y ACTUALIZACI\u00d3N<\/strong><br>\u2013 Escuela de Perfeccionamiento de Oficiales de la Armada.<br>\u2013 Comando y Estado Mayor de la Armada.<br>\u2013 Licenciado en Ciencias Militares.<br>\u2013 Auditor de Protecci\u00f3n de Buques.&nbsp;<\/p>\n\n\n\n<p class=\"fs-5\">\u2013 Mag\u00edster en Planificaci\u00f3n, Administraci\u00f3n y Comando Naval (concedido por la Escuela de Comando y Estado Mayor de la Armada).&nbsp;<\/p>\n\n\n\n<p class=\"fs-5\">\u2013&nbsp; Mag\u00edster en Planificaci\u00f3n y Conducci\u00f3n Estrat\u00e9gica Nacional.&nbsp;&nbsp;&nbsp;&nbsp;&nbsp;&nbsp;&nbsp;&nbsp;<\/p>\n\n\n\n<p class=\"fs-5\">&nbsp;&nbsp;<strong>CARGOS RELEVANTES<\/strong><br>\u2013 Jefe de Maquinas del Patrullero \u201cTEBICUARY\u201d.<br>\u2013 Jefe de Maquinas del Patrullero \u201cITAIPU\u201d.<br>\u2013 G-1 Personal de la DIRMAT.<br>\u2013 G-3 Operaciones de la DIRMAT.<br>\u2013 Prefecto Zona Pilar<br>\u2013 Jefe de Maquinas del Comando de la Flota de Guerra.<\/p>\n\n\n\n<p class=\"fs-5\">\u2013 Jefe de Estado Mayor de la Direcci\u00f3n del Material.<\/p>\n\n\n\n<p class=\"fs-5\">\u2013 Jefe del Departamento T\u00e9cnico de la PGN.<\/p>\n\n\n\n<p class=\"fs-5\">&nbsp;&nbsp;&nbsp;<strong>MEDALLAS, DISTINTIVOS Y MENCIONES<\/strong><br>\u2013 Distintivo de \u00abComando y Estado Mayor de la Armada\u00bb (Paraguay).<\/p>\n\n\n\n<p class=\"fs-5\">\u2013 Distintivo de \u00abB\u00e1sico de Paracaidista Militar\u00bb (Paraguay).<\/p>\n\n\n\n<p class=\"fs-5\">\u2013 Medalla de Honor al M\u00e9rito acad\u00e9mico (ARP)\u00bb (Paraguay).<br>\u2013 Medalla Honorifica y tiempo de Servicio (3 estrellas) (Paraguay).<\/p>\n\n\n\n<p class=\"fs-5\">\u2013 Medalla Honorifica y tiempo de Servicio (4 estrellas) (25 a\u00f1os) (Paraguay).<\/p>\n\n\n\n<p class=\"fs-5\">\u2013 Medalla de Honor del Comando de la Aviaci\u00f3n Naval ARPAR (Paraguay).<\/p>\n\n\n\n<p class=\"fs-5\">\u2013 Medalla de Honor de la Prefectura General Naval (Paraguay).<\/p>\n\n\n\n<p class=\"fs-5\">\u2013 Medalla de Honor de la Direcci\u00f3n del Material de la Armada (Paraguay).<\/p>\n\n\n\n<h3 class=\"wp-block-heading has-text-align-center has-mitic-blue-color has-text-color has-link-color wp-elements-e9ac0352c96f7ff1ffce2c713bdf61eb\">MISI\u00d3N<\/h3>\n\n\n\n<p class=\"fs-5\">Ejercer el control t\u00e9cnico del mantenimiento y alistamiento del material naval.<\/p>\n\n\n\n<p class=\"fs-5\">Planificar y fiscalizar la construcci\u00f3n y modificaciones edificadas de la armada.<\/p>\n\n\n\n<p class=\"fs-5\">Adiestrar cuadros destinados para la ejecuci\u00f3n de las tareas procedentes de acuerdo a los programas y pol\u00edticas por el alto mando naval.<\/p>\n\n\n\n<h3 class=\"wp-block-heading has-text-align-center has-mitic-blue-color has-text-color has-link-color wp-elements-590cbe079ac6f6042b999811698b41ea\">COMPETE A LA DIRECCI\u00d3N DEL MATERIAL Y ARSENAL DE MARINA:<\/h3>\n\n\n\n<p class=\"fs-5\">El control t\u00e9cnico sobre la conservaci\u00f3n y empleo del material en uso de la armada, el estudio y elaboraci\u00f3n de los planes de armamento y sost\u00e9n log\u00edstico, desde el punto de vista del material naval.<\/p>\n\n\n\n<p class=\"fs-5\">La intervenci\u00f3n en la adquisici\u00f3n, el an\u00e1lisis qu\u00edmico y el control del consumo de combustibles y lubricantes, el estudio de las modificaciones de los buques de la armada.<\/p>\n\n\n\n<p class=\"fs-5\">Mantener en funcionamiento un astillero para satisfacer las necesidades de construcci\u00f3n y reparaci\u00f3n de embarcaciones de la armada y empresas privadas. La producci\u00f3n de equipos y materiales navales<\/p>\n\n\n\n<p class=\"fs-5\">El asesoramiento gratuito a los organismos estatales, en todas las consultas de car\u00e1cter t\u00e9cnico, industrial o de laboratorio.<\/p>\n\n\n\n<p class=\"fs-5\">Adiestrar cuadros destinados a la ejecuci\u00f3n de las tareas mencionadas precedentemente.&nbsp;<\/p>\n\n\n\n<h3 class=\"wp-block-heading has-text-align-center has-mitic-blue-color has-text-color has-link-color wp-elements-77145def7382de2de38efe2731412c26\">HISTORIA<\/h3>\n\n\n\n<p class=\"fs-5\">Durante el periodo presidencial de don Carlos Antonio L\u00f3pez, la administraci\u00f3n p\u00fablica se hab\u00eda consolidado sobre nuevas bases, y el Paraguay progres\u00f3 con pasos acelerados. las relaciones con los pa\u00edses vecinos se hab\u00edan intensificado y el comercio alcanz\u00f3 un impulso excepcional: en 1953 entraron al puerto de asunci\u00f3n unas 85 embarcaciones mercantiles.<\/p>\n\n\n\n<p class=\"fs-5\">el transporte y la defensa nacional se beneficiaron con la creaci\u00f3n de la marina mercante y de guerra. los buques \u201crio blanco\u201d, \u201cYpora\u201d, \u201cTacuary\u201d, llegaron hasta los puertos rio platenses con pasajeros y cargas.<\/p>\n\n\n\n<p class=\"fs-5\">en 1854, Francisco Solano L\u00f3pez, viaj\u00f3 a Europa para ratificar los tratados de amistad y comercio suscripto por el Paraguay con Gran Breta\u00f1a, Prusia y Cerde\u00f1a, trayendo a su regreso, centenares de t\u00e9cnicos para los arsenales, las escuelas de artes y oficio, los astilleros, el tel\u00e9grafo, las fundiciones metal\u00fargicas y el ferrocarril. entre los contratados se encontraba, el ingeniero Jhoan Willian K. Whythehead, fundador, organizador y director del arsenal y astillero durante el decenio 1855 \u2013 1865.<\/p>\n\n\n\n<p class=\"fs-5\">El arsenal estaba ubicado en el lugar ocupado actualmente por los talleres de valores fiscales y la direcci\u00f3n del servicio de intendencia de la armada. a una distancia de 200 metros se ubic\u00f3 el astillero que formaba parte de los arsenales, sobre la denominada \u201cplaya escobero\u201d.<\/p>\n\n\n\n<p class=\"fs-5\">Al t\u00e9rmino de la guerra grande, tropas de la triple alianza desmantelaron el arsenal, que pr\u00e1cticamente desapareci\u00f3. hacia el a\u00f1o 1922, don Andr\u00e9s Scala, coloc\u00f3 los primeros varales del actual varadero en Sajonia.<\/p>\n\n\n\n<p class=\"fs-5\">El 9 de marzo de 1925 por decreto N\u00ba 20.297, el guardiamarina Jose A. Bozzano es nombrado como director del arsenal de guerra y marina.<\/p>\n\n\n\n<p class=\"fs-5\">El 25 de marzo de 1925 por decreto 20.438 se crea el arsenal de guerra y marina haci\u00e9ndose cargo del predio en Sajonia el guardiamarina Jose A. Bozzano, con la autorizaci\u00f3n de construir un varadero. se adquieren todos los elementos del astillero de don Andr\u00e9s Scala, as\u00ed tomo cuerpo, se inici\u00f3, construy\u00f3 y organiz\u00f3 lo que ser\u00eda m\u00e1s adelante el arsenal de marina.<\/p>\n\n\n\n<p class=\"fs-5\">En 1928 la direcci\u00f3n del arsenal de guerra y marina, pasa a denominarse direcci\u00f3n del material y arsenales.<\/p>\n\n\n\n<p class=\"fs-5\">El 6 de diciembre de 1928 por decreto N\u00ba 32.163 pasa a depender de la direcci\u00f3n del departamento de marina desempe\u00f1ando un papel preponderante como uno de los primeros actores del apoyo log\u00edstico durante la guerra con Bolivia de 1932 a 1935.<\/p>\n\n\n\n<p class=\"fs-5\">En 1928 la direcci\u00f3n del arsenal de guerra y marina, pasa a denominarse direcci\u00f3n del material y arsenales.<\/p>\n\n\n\n<p class=\"fs-5\">El 6 de diciembre de 1928 por decreto N\u00ba 32.163 pasa a depender de la direcci\u00f3n del departamento de marina desempe\u00f1ando un papel preponderante en el apoyo log\u00edstico durante la guerra con Bolivia. el 26 de noviembre de 1948, por decreto no. 53 fue creada la direcci\u00f3n de industrias paraguayas, y se hace cargo del inventario de la direcci\u00f3n del material y arsenales.<\/p>\n\n\n\n<p class=\"fs-5\">El 26 de noviembre de 1948, por decreto no. 53 fue creada la direcci\u00f3n de industrias paraguayas y se hace cargo del inventario de la direcci\u00f3n del material y arsenales.<\/p>\n\n\n\n<p class=\"fs-5\">El 26 de agosto de 1952 por decreto N\u00ba 143 el astillero se separa de la direcci\u00f3n de industrias militares.<\/p>\n\n\n\n<p class=\"fs-5\">El 31 de marzo de 1955 se promulga el decreto-ley N\u00ba 70 por la cual se crea la direcci\u00f3n del material naval y astilleros dependiente del comando de la armada paraguaya, disgreg\u00e1ndose de la direcci\u00f3n de industrias paraguayas de la que formaba parte, junto con industrias militares.<\/p>\n\n\n\n<p class=\"fs-5\">El 26 de marzo de 1989, por orden general N\u00ba 06\/89 del comando de la armada, la direcci\u00f3n del material naval y astilleros pasa a denominarse arsenal de marina.<\/p>\n\n\n\n<p class=\"fs-5\">El 31 de marzo de 1992 por decreto N\u00ba 13094 se crea la DIRMAT, direcci\u00f3n del material, pasando el arsenal de marina a ser una unidad subordinada a esta direcci\u00f3n.<\/p>\n\n\n\n<p class=\"fs-5\">El 2 de marzo de de 1994 por orden especial del comando de la armada se designa al arsenal de marina con el nombre de Cap N ING. Jos\u00e9 A. Bozzano B.<\/p>\n\n\n\n<p class=\"fs-5\"><strong><u>ORGANIZACI\u00d3N<\/u><\/strong><\/p>\n\n\n\n<p class=\"fs-5\">De la Direcci\u00f3n del Material, dependen dos sub unidades: El Arsenal de Marina y la Direcci\u00f3n de Ingenier\u00eda de la Armada.<\/p>\n\n\n\n<p class=\"fs-5\"><strong><u>El Arsenal de Marina, tiene la siguiente organizaci\u00f3n:<\/u><\/strong><\/p>\n\n\n\n<p class=\"fs-5\">Ayudant\u00eda general, Secretar\u00eda general, Inform\u00e1tica y los Siguientes departamentos:<\/p>\n\n\n\n<p class=\"fs-5\">\u2022 Departamento T\u00e9cnico<br>\u2022 Departamento de Personal y Servicios<br>\u2022 Departamento de Astilleros<br>\u2022 Departamento Agroindustrial<br>\u2022 Departamento del Material Naval<br>\u2022 Departamento Administrativo<\/p>\n\n\n\n<p class=\"fs-5\">La Direcci\u00f3n del Servicio de Ingenier\u00eda de la Armada tiene la siguiente organizaci\u00f3n:<\/p>\n\n\n\n<p class=\"fs-5\">\u2022 Secretar\u00eda general<br>\u2022 Departamento de personal y servicios<br>\u2022 Departamento de producci\u00f3n<\/p>\n\n\n\n<h3 class=\"wp-block-heading has-text-align-center has-mitic-blue-color has-text-color has-link-color wp-elements-0100967d50ccf332b3c05123d9834f31\">ORGANIGRAMA<\/h3>\n\n\n<div class=\"wp-block-image\">\n<figure class=\"aligncenter size-full\"><img fetchpriority=\"high\" decoding=\"async\" width=\"817\" height=\"288\" src=\"https:\/\/cimefor.mil.py\/armadaparaguaya\/wp-content\/uploads\/sites\/6\/2025\/07\/OrganigramaDIRMAT.png\" alt=\"\" class=\"wp-image-559\" srcset=\"https:\/\/ffmm.mil.py\/armadaparaguaya\/wp-content\/uploads\/sites\/6\/2025\/07\/OrganigramaDIRMAT.png 817w, https:\/\/ffmm.mil.py\/armadaparaguaya\/wp-content\/uploads\/sites\/6\/2025\/07\/OrganigramaDIRMAT-300x106.png 300w, https:\/\/ffmm.mil.py\/armadaparaguaya\/wp-content\/uploads\/sites\/6\/2025\/07\/OrganigramaDIRMAT-768x271.png 768w\" sizes=\"(max-width: 817px) 100vw, 817px\" \/><\/figure>\n<\/div>","protected":false},"excerpt":{"rendered":"<p>CAP N DEM LINO ARNALDO ASCURRA NU\u00d1EZDIRECTOR DATOS PERSONALES Naci\u00f3 en la ciudad de Asunci\u00f3n, Paraguay, en fecha 23 de julio de 1972, casado con dos hijos. Por Decreto N\u00b0 11.273 de fecha 14 de noviembre de 1995, ascendido al grado de Guardiamarina del arma Combatiente.Por Orden General del Comando de la Armada N\u00b0 172 [&hellip;]<\/p>\n","protected":false},"author":1,"featured_media":0,"parent":0,"menu_order":0,"comment_status":"closed","ping_status":"closed","template":"page-nosidebar.php","meta":{"footnotes":""},"class_list":["post-558","page","type-page","status-publish","hentry"],"_links":{"self":[{"href":"https:\/\/ffmm.mil.py\/armadaparaguaya\/wp-json\/wp\/v2\/pages\/558","targetHints":{"allow":["GET"]}}],"collection":[{"href":"https:\/\/ffmm.mil.py\/armadaparaguaya\/wp-json\/wp\/v2\/pages"}],"about":[{"href":"https:\/\/ffmm.mil.py\/armadaparaguaya\/wp-json\/wp\/v2\/types\/page"}],"author":[{"embeddable":true,"href":"https:\/\/ffmm.mil.py\/armadaparaguaya\/wp-json\/wp\/v2\/users\/1"}],"replies":[{"embeddable":true,"href":"https:\/\/ffmm.mil.py\/armadaparaguaya\/wp-json\/wp\/v2\/comments?post=558"}],"version-history":[{"count":2,"href":"https:\/\/ffmm.mil.py\/armadaparaguaya\/wp-json\/wp\/v2\/pages\/558\/revisions"}],"predecessor-version":[{"id":580,"href":"https:\/\/ffmm.mil.py\/armadaparaguaya\/wp-json\/wp\/v2\/pages\/558\/revisions\/580"}],"wp:attachment":[{"href":"https:\/\/ffmm.mil.py\/armadaparaguaya\/wp-json\/wp\/v2\/media?parent=558"}],"curies":[{"name":"wp","href":"https:\/\/api.w.org\/{rel}","templated":true}]}}