{"id":565,"date":"2025-07-10T21:33:04","date_gmt":"2025-07-10T19:33:04","guid":{"rendered":"https:\/\/migracion.ffmm.mil.py\/armadaparaguaya\/?page_id=565"},"modified":"2025-07-10T21:55:45","modified_gmt":"2025-07-10T19:55:45","slug":"area-naval-de-canindeyu","status":"publish","type":"page","link":"https:\/\/ffmm.mil.py\/armadaparaguaya\/area-naval-de-canindeyu\/","title":{"rendered":"AREA NAVAL DE CANINDEYU"},"content":{"rendered":"\n<h3 class=\"wp-block-heading has-text-align-center has-mitic-blue-color has-text-color has-link-color wp-elements-919cc68ce160eb6e389c36e67aeaea8f\">Cap N DEM JORGE DAVID MALDONADO LARROSA<br>COMANDANTE<\/h3>\n\n\n\n<p class=\"fs-5\"><strong>DATOS PERSONALES<\/strong><\/p>\n\n\n\n<p class=\"fs-5\">Naci\u00f3 en la ciudad de Asunci\u00f3n, Paraguay, en fecha 09 de junio de 1975, casado con 02 hijos.<\/p>\n\n\n\n<p class=\"fs-5\">Por Decreto N\u00b0 19.303 de fecha 09 de diciembre de 1995, es ascendido al grado de Guardiamarina del arma Combatiente.<br>Por Orden General del Comando de la Armada N\u00b0 270 de fecha 27 de diciembre de 2023, es nombrado Comandante del \u00c1rea Naval y Prefecto zona Canindey\u00fa.<\/p>\n\n\n\n<p class=\"fs-5\">&nbsp;<strong>T\u00cdTULOS ACAD\u00c9MICOS<\/strong><br>\u2013 Licenciado en Ciencias Militares (concedido por la Academia Militar \u201cMcal Francisco Solano L\u00f3pez\u201d).<br>\u2013 Mag\u00edster en Planificaci\u00f3n, Administraci\u00f3n y Comando Naval (concedido por la Escuela de Comando y Estado Mayor de la Armada).<\/p>\n\n\n\n<p class=\"fs-5\">\u2013 Mag\u00edster en Planificaci\u00f3n y Conducci\u00f3n Estrat\u00e9gica Nacional.<\/p>\n\n\n\n<p class=\"fs-5\">&nbsp;<strong>CURSOS DE CAPACITACI\u00d3N Y ACTUALIZACI\u00d3N<\/strong><br>\u2013 Escuela de Perfeccionamiento de Oficiales de la Armada.<br>\u2013 Comando y Estado Mayor de la Armada.<br>\u2013 Avanzado de Infanter\u00eda de Marina.<br>\u2013 Did\u00e1ctica Superior Militar.<br>\u2013 Magister en Operaciones Navales.<\/p>\n\n\n\n<p class=\"fs-5\">\u2013 Operador de lanchas patrulleras.&nbsp;<\/p>\n\n\n\n<p class=\"fs-5\">\u2013 Medicina Militar.&nbsp;&nbsp;&nbsp;&nbsp;&nbsp;<\/p>\n\n\n\n<p class=\"fs-5\">&nbsp;&nbsp;<strong>CARGOS RELEVANTES<\/strong><br>\u2013 Segundo Comandante de la Base Naval de Villa Florida.<br>\u2013 Segundo Comandante del BIM-01 Rosario<br>\u2013 Ayudante General de la Jefatura de Estado Mayor de la Armada.<br>\u2013 Segundo Comandante del \u00c1rea Naval de Confluencia<br>\u2013 Segundo Comandante del \u00c1rea Naval de Bah\u00eda Negra.<\/p>\n\n\n\n<p class=\"fs-5\">\u2013 Comandante de la Sub \u00c1rea de Pacificaci\u00f3n N\u00b03 ARPAR.<\/p>\n\n\n\n<p class=\"fs-5\">\u2013 Segundo Comandante del BIM-03 Asunci\u00f3n.<\/p>\n\n\n\n<p class=\"fs-5\">\u2013 Director de la Direcci\u00f3n de Asuntos Civiles de la Armada<\/p>\n\n\n\n<p class=\"fs-5\">\u2013 Comandante del Comando de Comunicaciones Navales<\/p>\n\n\n\n<p class=\"fs-5\">\u2013 Director de la Direcci\u00f3n de Tecnolog\u00edas de la Informaci\u00f3n y Comunicaci\u00f3n de la Armada<\/p>\n\n\n\n<p class=\"fs-5\">\u2013 Comandante del \u00c1rea Naval de Bah\u00eda Negra.<\/p>\n\n\n\n<p class=\"fs-5\">\u2013 Comandante del \u00c1rea Naval de Itapu\u00e1.<\/p>\n\n\n\n<p class=\"fs-5\">&nbsp;&nbsp;&nbsp;<strong>MEDALLAS, DISTINTIVOS Y MENCIONES<\/strong><br>\u2013 Distintivo de \u00abComando y Estado Mayor de la Armada\u00bb (Paraguay).<\/p>\n\n\n\n<p class=\"fs-5\">\u2013 Distintivo de \u00abAbordaje y seguridad Mar\u00edtima\u00bb (Paraguay).<\/p>\n\n\n\n<p class=\"fs-5\">\u2013 Distintivo de \u00abCurso avanzado de Infanter\u00eda Marina\u00bb (Paraguay).<br>\u2013 Medalla Honorifica y tiempo de Servicio (2 estrellas) (Paraguay).<\/p>\n\n\n\n<p class=\"fs-5\">\u2013 Medalla Honorifica y tiempo de Servicio (4 estrellas) (25 a\u00f1os) (Paraguay).<\/p>\n\n\n\n<p class=\"fs-5\">\u2013 Distintivo \u201cCurso Post Grado en Did\u00e1ctica Superior\u201d (Paraguay).<\/p>\n\n\n\n<p class=\"fs-5\">\u2013 Distintivo \u201cEspecializaci\u00f3n en Tutor\u00eda de Tesis\u201d (Paraguay).<\/p>\n\n\n\n<p class=\"fs-5\">\u2013 Distintivo \u201cDid\u00e1ctica Superior Militar\u201d (Paraguay).<\/p>\n","protected":false},"excerpt":{"rendered":"<p>Cap N DEM JORGE DAVID MALDONADO LARROSACOMANDANTE DATOS PERSONALES Naci\u00f3 en la ciudad de Asunci\u00f3n, Paraguay, en fecha 09 de junio de 1975, casado con 02 hijos. Por Decreto N\u00b0 19.303 de fecha 09 de diciembre de 1995, es ascendido al grado de Guardiamarina del arma Combatiente.Por Orden General del Comando de la Armada N\u00b0 [&hellip;]<\/p>\n","protected":false},"author":1,"featured_media":0,"parent":0,"menu_order":0,"comment_status":"closed","ping_status":"closed","template":"page-nosidebar.php","meta":{"footnotes":""},"class_list":["post-565","page","type-page","status-publish","hentry"],"_links":{"self":[{"href":"https:\/\/ffmm.mil.py\/armadaparaguaya\/wp-json\/wp\/v2\/pages\/565","targetHints":{"allow":["GET"]}}],"collection":[{"href":"https:\/\/ffmm.mil.py\/armadaparaguaya\/wp-json\/wp\/v2\/pages"}],"about":[{"href":"https:\/\/ffmm.mil.py\/armadaparaguaya\/wp-json\/wp\/v2\/types\/page"}],"author":[{"embeddable":true,"href":"https:\/\/ffmm.mil.py\/armadaparaguaya\/wp-json\/wp\/v2\/users\/1"}],"replies":[{"embeddable":true,"href":"https:\/\/ffmm.mil.py\/armadaparaguaya\/wp-json\/wp\/v2\/comments?post=565"}],"version-history":[{"count":1,"href":"https:\/\/ffmm.mil.py\/armadaparaguaya\/wp-json\/wp\/v2\/pages\/565\/revisions"}],"predecessor-version":[{"id":566,"href":"https:\/\/ffmm.mil.py\/armadaparaguaya\/wp-json\/wp\/v2\/pages\/565\/revisions\/566"}],"wp:attachment":[{"href":"https:\/\/ffmm.mil.py\/armadaparaguaya\/wp-json\/wp\/v2\/media?parent=565"}],"curies":[{"name":"wp","href":"https:\/\/api.w.org\/{rel}","templated":true}]}}