{"id":569,"date":"2025-07-10T21:36:19","date_gmt":"2025-07-10T19:36:19","guid":{"rendered":"https:\/\/migracion.ffmm.mil.py\/armadaparaguaya\/?page_id=569"},"modified":"2025-07-10T21:55:54","modified_gmt":"2025-07-10T19:55:54","slug":"area-naval-de-itapua","status":"publish","type":"page","link":"https:\/\/ffmm.mil.py\/armadaparaguaya\/area-naval-de-itapua\/","title":{"rendered":"AREA NAVAL DE ITAPUA"},"content":{"rendered":"\n<h3 class=\"wp-block-heading has-text-align-center has-mitic-blue-color has-text-color has-link-color wp-elements-e5db2b6b8c22e73b0010d8bb7f0345bc\">Cap N DEM CARLOS MARTIN BARRETO GONZALEZ<br>COMANDANTE<\/h3>\n\n\n\n<p class=\"fs-5\"><strong>DATOS PERSONALES<\/strong><\/p>\n\n\n\n<p class=\"fs-5\">Naci\u00f3 en la ciudad de Asunci\u00f3n, Paraguay, en fecha 09 de enero de 1974, casado con 04 hijos.<\/p>\n\n\n\n<p class=\"fs-5\">Por Decreto N\u00b0 11.273 de fecha 14 de noviembre de 1995, ascendido al grado de Guardiamarina del arma Combatiente.<br>Por Orden General del Comando de la Armada N\u00b0 172 de fecha 24 de septiembre de 2024, es nombrado Comandante del \u00c1rea Naval y Prefecto zona de Itapu\u00e1.<\/p>\n\n\n\n<p class=\"fs-5\">&nbsp;<strong>T\u00cdTULOS ACAD\u00c9MICOS<\/strong><br>\u2013 Licenciado en Ciencias Militares (concedido por la Academia Militar \u201cMcal Francisco Solano L\u00f3pez\u201d).<br>\u2013 Mag\u00edster en Planificaci\u00f3n y Conducci\u00f3n Estrat\u00e9gica Nacional.<\/p>\n\n\n\n<p class=\"fs-5\">&nbsp;<strong>CURSOS DE CAPACITACI\u00d3N Y ACTUALIZACI\u00d3N<\/strong><br>\u2013 Escuela de Perfeccionamiento de Oficiales de la Armada.<br>\u2013 Comando y Estado Mayor de la Armada.<br>\u2013 Licenciado en Ciencias Militares.<br>\u2013 Agente Mar\u00edtimo.<br>\u2013 Plan de Acci\u00f3n en caso de crisis.<\/p>\n\n\n\n<p class=\"fs-5\">&nbsp;\u2013 Operaciones Rivere\u00f1as.&nbsp;&nbsp;&nbsp;&nbsp;&nbsp;&nbsp;&nbsp;&nbsp;&nbsp;<\/p>\n\n\n\n<p class=\"fs-5\">&nbsp;&nbsp;<strong>CARGOS RELEVANTES<\/strong><br>\u2013 Comandante del CONTRANAV.<br>\u2013 Segundo Comandante de la Base Naval de Pozo Hondo.<br>\u2013 Comandante del Patrullero P-02 Nanawa.<br>\u2013 Comandante del Patrullero P-01 Cap Cabral.<br>\u2013 Prefecto Zona Ayolas.<\/p>\n\n\n\n<p class=\"fs-5\">\u2013 Comandante del \u00c1rea Naval y Prefecto Zona Pozo Hondo.<\/p>\n\n\n\n<p class=\"fs-5\">\u2013 Comandante del Patrullero P-05 Itaipu.<\/p>\n\n\n\n<p class=\"fs-5\">\u2013 Sub Director de la Escuela N\u00e1utica de la Armada.<\/p>\n\n\n\n<p class=\"fs-5\">\u2013 Comandante de la Escuela de Formaci\u00f3n de Sub Oficiales de la Armada.<\/p>\n\n\n\n<p class=\"fs-5\">\u2013 Jefe del Estado Mayor del Comando de la Flota de Guerra y Comandante del Ca\u00f1onero Paraguay.<\/p>\n\n\n\n<p class=\"fs-5\">&nbsp;&nbsp;&nbsp;<strong>MEDALLAS, DISTINTIVOS Y MENCIONES<\/strong><br>\u2013 Distintivo de \u00abComando y Estado Mayor de la Armada\u00bb (Paraguay).<\/p>\n\n\n\n<p class=\"fs-5\">\u2013 Distintivo de \u00abCurso de Padronizacion para Instructores Navales\u00bb (Paraguay).<br>\u2013 Medalla Honorifica y tiempo de Servicio (3 estrellas) (Paraguay).<\/p>\n\n\n\n<p class=\"fs-5\">\u2013 Medalla Honorifica y tiempo de Servicio (4 estrellas) (25 a\u00f1os) (Paraguay).<\/p>\n\n\n\n<p class=\"fs-5\">\u2013 Medalla de Honor del Comando de la Flota de Guerra.<\/p>\n\n\n\n<p class=\"fs-5\">\u2013 Medalla de Honor del Comando de Institutos Navales de Ense\u00f1anza.<\/p>\n\n\n\n<p class=\"fs-5\">\u2013 Medalla de Honor al M\u00e9rito Acad\u00e9mico de la Armada Paraguaya.<\/p>\n","protected":false},"excerpt":{"rendered":"<p>Cap N DEM CARLOS MARTIN BARRETO GONZALEZCOMANDANTE DATOS PERSONALES Naci\u00f3 en la ciudad de Asunci\u00f3n, Paraguay, en fecha 09 de enero de 1974, casado con 04 hijos. Por Decreto N\u00b0 11.273 de fecha 14 de noviembre de 1995, ascendido al grado de Guardiamarina del arma Combatiente.Por Orden General del Comando de la Armada N\u00b0 172 [&hellip;]<\/p>\n","protected":false},"author":1,"featured_media":0,"parent":0,"menu_order":0,"comment_status":"closed","ping_status":"closed","template":"page-nosidebar.php","meta":{"footnotes":""},"class_list":["post-569","page","type-page","status-publish","hentry"],"_links":{"self":[{"href":"https:\/\/ffmm.mil.py\/armadaparaguaya\/wp-json\/wp\/v2\/pages\/569","targetHints":{"allow":["GET"]}}],"collection":[{"href":"https:\/\/ffmm.mil.py\/armadaparaguaya\/wp-json\/wp\/v2\/pages"}],"about":[{"href":"https:\/\/ffmm.mil.py\/armadaparaguaya\/wp-json\/wp\/v2\/types\/page"}],"author":[{"embeddable":true,"href":"https:\/\/ffmm.mil.py\/armadaparaguaya\/wp-json\/wp\/v2\/users\/1"}],"replies":[{"embeddable":true,"href":"https:\/\/ffmm.mil.py\/armadaparaguaya\/wp-json\/wp\/v2\/comments?post=569"}],"version-history":[{"count":1,"href":"https:\/\/ffmm.mil.py\/armadaparaguaya\/wp-json\/wp\/v2\/pages\/569\/revisions"}],"predecessor-version":[{"id":570,"href":"https:\/\/ffmm.mil.py\/armadaparaguaya\/wp-json\/wp\/v2\/pages\/569\/revisions\/570"}],"wp:attachment":[{"href":"https:\/\/ffmm.mil.py\/armadaparaguaya\/wp-json\/wp\/v2\/media?parent=569"}],"curies":[{"name":"wp","href":"https:\/\/api.w.org\/{rel}","templated":true}]}}