{"id":36,"date":"2025-07-10T13:27:50","date_gmt":"2025-07-10T11:27:50","guid":{"rendered":"https:\/\/migracion.ffmm.mil.py\/bimi\/?page_id=36"},"modified":"2025-07-11T01:14:54","modified_gmt":"2025-07-10T23:14:54","slug":"historia","status":"publish","type":"page","link":"https:\/\/ffmm.mil.py\/bimi\/historia\/","title":{"rendered":"Historia"},"content":{"rendered":"\n<div class=\"wp-block-media-text alignwide is-stacked-on-mobile is-vertically-aligned-center has-normal-font-size\" style=\"margin-top:0;margin-right:0;margin-bottom:0;margin-left:0;grid-template-columns:33% auto\"><figure class=\"wp-block-media-text__media\"><img fetchpriority=\"high\" decoding=\"async\" width=\"768\" height=\"980\" src=\"https:\/\/cimefor.mil.py\/bimi\/wp-content\/uploads\/sites\/8\/2025\/07\/Gral-Patricio-Escobar-1-1.png\" alt=\"\" class=\"wp-image-110 size-thumbnail\" srcset=\"https:\/\/ffmm.mil.py\/bimi\/wp-content\/uploads\/sites\/8\/2025\/07\/Gral-Patricio-Escobar-1-1.png 768w, https:\/\/ffmm.mil.py\/bimi\/wp-content\/uploads\/sites\/8\/2025\/07\/Gral-Patricio-Escobar-1-1-235x300.png 235w\" sizes=\"(max-width: 768px) 100vw, 768px\" \/><\/figure><div class=\"wp-block-media-text__content\">\n<h1 class=\"wp-block-heading has-text-align-center\">Gral. Div Patricio Escobar C\u00e1ceres<\/h1>\n\n\n\n<p class=\"has-normal-font-size\">Naci\u00f3 en San Jos\u00e9 de los Arroyos el 17 de marzo de 1843 en el paraje llamado Ca`aguy Rugu\u00e1. Sus padres fueron don Jos\u00e9 Escobar y do\u00f1a Ana Bella C\u00e1ceres. Estuvo casado en primeras nupcias con Ignacia Garcete y en segundas nupcias con Estalaci\u00f3n E. El general Escobar fue un destacado h\u00e9roe de la Guerra de la Triple Alianza.<\/p>\n\n\n\n<p class=\"has-normal-font-size\">El Gral. Div Patricio Escobar C\u00e1ceres, realizo varias operaciones de Inteligencia por \u00f3rdenes del Mcal. Francisco Solano L\u00f3pez, infiltr\u00e1ndose en los campamentos del Ej\u00e9rcito aliado, fue un verdadero guerrero, diplom\u00e1tico y estadista durante y luego de la contienda de la Guerra de la Triple Alianza, ilustre Oficial, que con su ejemplo de vida y en especial de su carrera militar nos alienta a sentirnos orgullosos de nuestros antepasados militares y a la vez representa el digno e insigne t\u00edtulo de \u201cH\u00c9ROE NACIONAL\u201d El Gral. Div Patricio Escobar C\u00e1ceres fue uno de los \u00e9picos guerreros que acompa\u00f1\u00f3 al Mariscal Francisco Solano L\u00f3pez desde la Campa\u00f1a de Corrientes hasta el tr\u00e1gico final de Cerro Cora.&nbsp;<\/p>\n\n\n\n<p class=\"has-normal-font-size\">Alistado en Cerro Le\u00f3n como soldado, lleg\u00f3 al grado de Coronel al t\u00e9rmino de la guerra. Su trayectoria de soldado est\u00e1 aureolada por proezas singulares, figurando a la par de los m\u00e1s aguerridos paladines como Elizardo Aquino, Pantale\u00f3n Balmaceda, Jos\u00e9 Mar\u00eda Bruguez, Basilio Ben\u00edtez, Jos\u00e9 Mat\u00edas Bado, Bernardino Caballero, Remigio Cabral, Avelino Cabral, Jos\u00e9 Eduvigis D\u00edaz, Jos\u00e9 Mar\u00eda Delgado, Bernardino Denis, Pedro Duarte, Jos\u00e9 Mar\u00eda Fari\u00f1a, Ignacio Genes, Pedro V. Gill, Antonio Luis Gonz\u00e1lez, Manuel Antonio Gim\u00e9nez \u2013Cala\u2019\u00e1-, Zoilo Gonz\u00e1lez, Pedro Hermosa, Jos\u00e9 De Jes\u00fas Mart\u00ednez, Francisco Jos\u00e9 Vicente Mongel\u00f3s, Romualdo N\u00fa\u00f1ez, Florent\u00edn Oviedo, Francisco Pereira, Francisco Isidoro Resqu\u00edn, Francisco Roa, Valois Rivarola, Germ\u00e1n Serrano, Felipe Toledo, Eduardo Vera, Jos\u00e9 Vallovera, y otros valientes, merecedores de la admiraci\u00f3n y el reconocimiento de la posteridad.&nbsp;&nbsp;<\/p>\n\n\n\n<p class=\"has-normal-font-size\">Puede afirmarse que el momento estelar de la vida de PATRICIO ESCOBAR estuvo en el famoso pasaje del estero Ypecu\u00e1, despu\u00e9s del desastre de Lomas Valentinas. La historia debe recordarle como el \u00abH\u00c9ROE DE YPECUA\u00bb. Luego de vadear dicho estero con un insuperable sacrificio, ESCOBAR se present\u00f3 al Mariscal L\u00f3pez en Azcurra ostentando once heridas. Qu\u00e9 ejemplo de lealtad, de hero\u00edsmo y de amor a la Patria y as\u00ed sigui\u00f3 la marcha penosa de nuestro Ej\u00e9rcito a trav\u00e9s de las selvas, bosques y monta\u00f1as, realizando nuevas haza\u00f1as que adornan su guirnalda de H\u00e9roe. No decay\u00f3 en la cruzada, no le venci\u00f3 el peso del infortunio y lleg\u00f3 a Cerro Cora.<\/p>\n\n\n\n<p class=\"has-normal-font-size\">Para el Batall\u00f3n de Inteligencia Militar es un gran honor ser honrado con la denominaci\u00f3n de Gral. Div Patricio Escobar C\u00e1ceres y de esta manera rendirle un justo homenaje a este gran h\u00e9roe de la guerra de la triple alianza y que las futuras generaciones conozcan las grandes haza\u00f1as en las actividades de Inteligencia realizadas por este gran H\u00e9roe.<\/p>\n\n\n\n<p><\/p>\n<\/div><\/div>\n\n\n\n<div style=\"height:100px\" aria-hidden=\"true\" class=\"wp-block-spacer\"><\/div>\n\n\n\n<div class=\"wp-block-media-text is-stacked-on-mobile\" style=\"grid-template-columns:38% auto\"><figure class=\"wp-block-media-text__media\"><img decoding=\"async\" width=\"150\" height=\"150\" src=\"https:\/\/cimefor.mil.py\/bimi\/wp-content\/uploads\/sites\/8\/2025\/07\/Buenaventura-150x150.png\" alt=\"\" class=\"wp-image-114 size-thumbnail\"\/><\/figure><div class=\"wp-block-media-text__content\">\n<h1 class=\"wp-block-heading has-text-align-center\">San Buenaventura &#8211; Patrono del Batall\u00f3n de Inteligencia Militar<\/h1>\n\n\n\n<p class=\"has-normal-font-size\">San Buenaventura es Doctor de la Iglesia, dotado de una prodigiosa inteligencia y magistral sabidur\u00eda de un profundo respeto a la tradici\u00f3n, fue un santo y m\u00edstico franciscano, desarrollo el profundo saber, representa la figura de San Francisco de As\u00eds proyectada en la Inteligencia, dio el paso por medio de la raz\u00f3n y la fe de la creatura al creador, de lo finito a lo infinito, de lo temporal a lo eterno. El Principio de San Buenaventura es pensar y rezar.<\/p>\n\n\n\n<div style=\"height:50px\" aria-hidden=\"true\" class=\"wp-block-spacer\"><\/div>\n\n\n\n<p class=\"has-text-align-center has-normal-font-size\"><strong>Oraci\u00f3n a San Buenaventura<\/strong><\/p>\n\n\n\n<p class=\"has-text-align-center has-normal-font-size\">\u00a1Oh Dios! Creador de la Luz<\/p>\n\n\n\n<p class=\"has-text-align-center has-normal-font-size\">Ilumina al Batall\u00f3n de Inteligencia Militar en el trabajo<br>perseverante y disciplinado de sus hombres y mujeres,<br>Leales a las virtudes militares heredado de nuestros antepasados<br>Como expresi\u00f3n sublime de amor a la Patria<\/p>\n\n\n\n<p class=\"has-text-align-center has-normal-font-size\">Por la intersecci\u00f3n del Santo Patrono San Buenaventura;<br>Te pedimos, Se\u00f1or, el don de la sabidur\u00eda, prudencia y fortaleza;<br>D\u00edgnate a edificar en cada uno de nosotros la agudeza del esp\u00edritu<br>de la inteligencia que crea conocimiento y rectitud<\/p>\n\n\n\n<p class=\"has-text-align-center has-normal-font-size\">En la b\u00fasqueda del prop\u00f3sito de la Unidad resuelto en el combate;<br>analizamos con discernimiento en las manifestaciones del enemigo,<br>que la iniciativa y la innovaci\u00f3n en la lucha contra toda la amenaza<br>emergente nos mueva al buen \u00e9xito de la paz.<\/p>\n\n\n\n<p class=\"has-text-align-center has-normal-font-size\">Haz que cada tarea realizada sea emulada por muchos<br>Y la humildad acompa\u00f1\u00e9 siempre nuestras acciones, de manera<br>A obtener con esfuerzo y sacrificio laureles de gloria<br>que eleve el honor de los componentes del Ej\u00e9rcito Paraguayo.<\/p>\n\n\n\n<p class=\"has-text-align-center has-normal-font-size\">Por Jesucristo, nuestro se\u00f1or.<br>Am\u00e9n.<\/p>\n<\/div><\/div>\n\n\n\n<p><\/p>\n","protected":false},"excerpt":{"rendered":"<p>Gral. Div Patricio Escobar C\u00e1ceres Naci\u00f3 en San Jos\u00e9 de los Arroyos el 17 de marzo de 1843 en el paraje llamado Ca`aguy Rugu\u00e1. Sus padres fueron don Jos\u00e9 Escobar y do\u00f1a Ana Bella C\u00e1ceres. Estuvo casado en primeras nupcias con Ignacia Garcete y en segundas nupcias con Estalaci\u00f3n E. El general Escobar fue un [&hellip;]<\/p>\n","protected":false},"author":1,"featured_media":0,"parent":0,"menu_order":0,"comment_status":"closed","ping_status":"closed","template":"page-nosidebar.php","meta":{"footnotes":""},"class_list":["post-36","page","type-page","status-publish","hentry"],"_links":{"self":[{"href":"https:\/\/ffmm.mil.py\/bimi\/wp-json\/wp\/v2\/pages\/36","targetHints":{"allow":["GET"]}}],"collection":[{"href":"https:\/\/ffmm.mil.py\/bimi\/wp-json\/wp\/v2\/pages"}],"about":[{"href":"https:\/\/ffmm.mil.py\/bimi\/wp-json\/wp\/v2\/types\/page"}],"author":[{"embeddable":true,"href":"https:\/\/ffmm.mil.py\/bimi\/wp-json\/wp\/v2\/users\/1"}],"replies":[{"embeddable":true,"href":"https:\/\/ffmm.mil.py\/bimi\/wp-json\/wp\/v2\/comments?post=36"}],"version-history":[{"count":35,"href":"https:\/\/ffmm.mil.py\/bimi\/wp-json\/wp\/v2\/pages\/36\/revisions"}],"predecessor-version":[{"id":183,"href":"https:\/\/ffmm.mil.py\/bimi\/wp-json\/wp\/v2\/pages\/36\/revisions\/183"}],"wp:attachment":[{"href":"https:\/\/ffmm.mil.py\/bimi\/wp-json\/wp\/v2\/media?parent=36"}],"curies":[{"name":"wp","href":"https:\/\/api.w.org\/{rel}","templated":true}]}}