{"id":51,"date":"2025-07-10T13:37:21","date_gmt":"2025-07-10T11:37:21","guid":{"rendered":"https:\/\/migracion.ffmm.mil.py\/bimi\/?page_id=51"},"modified":"2025-07-10T14:55:44","modified_gmt":"2025-07-10T12:55:44","slug":"politica-sig","status":"publish","type":"page","link":"https:\/\/ffmm.mil.py\/bimi\/politica-sig\/","title":{"rendered":"Pol\u00edtica SIG"},"content":{"rendered":"\n<h2 class=\"wp-block-heading has-text-align-center\"><strong>Pol\u00edtica del Sistema Integrado de Gesti\u00f3n<\/strong><\/h2>\n\n\n\n<p class=\"has-normal-font-size\">El Batall\u00f3n de Inteligencia Militar, orienta sus procesos en la anticipaci\u00f3n y prevenci\u00f3n de hechos que puedan afectar la seguridad interna y externa del pa\u00eds. Para lograr resultados \u00f3ptimos, contamos con la experiencia de los profesionales que forman parte de nuestra instituci\u00f3n, quienes implementan acciones recurrentes para mejorar el desempe\u00f1o del Sistema de Gesti\u00f3n Integrado de la Calidad y Antisoborno.<\/p>\n\n\n\n<p class=\"has-normal-font-size\"><strong>Como Instituci\u00f3n, el Batall\u00f3n de Inteligencia Militar se compromete a:<\/strong><\/p>\n\n\n\n<ul class=\"wp-block-list\">\n<li class=\"has-normal-font-size\">Cumplir los requisitos aplicables de las partes interesadas y satisfacer las necesidades de los usuarios.<\/li>\n\n\n\n<li class=\"has-normal-font-size\">Profesionalizar y motivar al personal buscando una cultura de excelencia y transparencia, que se transmita en la calidad del producto de inteligencia, generando informaci\u00f3n oportuna y confiable.<\/li>\n\n\n\n<li class=\"has-normal-font-size\">Prohibir todo acto de soborno, aplic\u00e1ndose sanciones seg\u00fan lo establecido en el C\u00f3digo de \u00c9tica y disposiciones internas, cuando se cometan actos de soborno o ante un incumplimiento de la pol\u00edtica del Sistema de Gesti\u00f3n Antisoborno (SGAS), independientemente de las consecuencias legales.<\/li>\n\n\n\n<li class=\"has-normal-font-size\">Cumplir los requisitos del sistema de gesti\u00f3n Antisoborno y requisitos legales Antisoborno aplicables a nuestra unidad.<\/li>\n\n\n\n<li class=\"has-normal-font-size\">Promover un ambiente de apertura y confianza, incentivando una cultura de reporte a trav\u00e9s de un canal de denuncia voluntario, an\u00f3nimo y confidencial de todo intento, sospecha o comisi\u00f3n de un acto de soborno o cualquier incumplimiento del Sistema de Gesti\u00f3n Antisoborno, asegurando que no se tomen represalias ante quien lo reporte.<\/li>\n\n\n\n<li class=\"has-normal-font-size\">Otorgar la autoridad e independencia a la Funci\u00f3n de Cumplimiento Antisoborno para asegurar la implementaci\u00f3n, seguimiento y mejora del Sistema de Gesti\u00f3n Antisoborno, as\u00ed como el asesoramiento y orientaci\u00f3n a nuestros colaboradores, en lo relacionado a la prevenci\u00f3n de actos de soborno.<\/li>\n\n\n\n<li class=\"has-normal-font-size\">Mitigar la materializaci\u00f3n de los riesgos identificados en los procesos del Sistema de Gesti\u00f3n Integrado.<\/li>\n<\/ul>\n\n\n\n<p><\/p>\n","protected":false},"excerpt":{"rendered":"<p>Pol\u00edtica del Sistema Integrado de Gesti\u00f3n El Batall\u00f3n de Inteligencia Militar, orienta sus procesos en la anticipaci\u00f3n y prevenci\u00f3n de hechos que puedan afectar la seguridad interna y externa del pa\u00eds. Para lograr resultados \u00f3ptimos, contamos con la experiencia de los profesionales que forman parte de nuestra instituci\u00f3n, quienes implementan acciones recurrentes para mejorar el [&hellip;]<\/p>\n","protected":false},"author":1,"featured_media":0,"parent":0,"menu_order":0,"comment_status":"closed","ping_status":"closed","template":"page-nosidebar.php","meta":{"footnotes":""},"class_list":["post-51","page","type-page","status-publish","hentry"],"_links":{"self":[{"href":"https:\/\/ffmm.mil.py\/bimi\/wp-json\/wp\/v2\/pages\/51","targetHints":{"allow":["GET"]}}],"collection":[{"href":"https:\/\/ffmm.mil.py\/bimi\/wp-json\/wp\/v2\/pages"}],"about":[{"href":"https:\/\/ffmm.mil.py\/bimi\/wp-json\/wp\/v2\/types\/page"}],"author":[{"embeddable":true,"href":"https:\/\/ffmm.mil.py\/bimi\/wp-json\/wp\/v2\/users\/1"}],"replies":[{"embeddable":true,"href":"https:\/\/ffmm.mil.py\/bimi\/wp-json\/wp\/v2\/comments?post=51"}],"version-history":[{"count":4,"href":"https:\/\/ffmm.mil.py\/bimi\/wp-json\/wp\/v2\/pages\/51\/revisions"}],"predecessor-version":[{"id":135,"href":"https:\/\/ffmm.mil.py\/bimi\/wp-json\/wp\/v2\/pages\/51\/revisions\/135"}],"wp:attachment":[{"href":"https:\/\/ffmm.mil.py\/bimi\/wp-json\/wp\/v2\/media?parent=51"}],"curies":[{"name":"wp","href":"https:\/\/api.w.org\/{rel}","templated":true}]}}