{"id":60,"date":"2025-07-10T13:38:29","date_gmt":"2025-07-10T11:38:29","guid":{"rendered":"https:\/\/migracion.ffmm.mil.py\/bimi\/?page_id=60"},"modified":"2025-07-11T01:18:14","modified_gmt":"2025-07-10T23:18:14","slug":"denuncias","status":"publish","type":"page","link":"https:\/\/ffmm.mil.py\/bimi\/denuncias\/","title":{"rendered":"Denuncias"},"content":{"rendered":"\n<h2 class=\"wp-block-heading has-text-align-center\"><strong>\u00bfQu\u00e9 es el Canal de Denuncia del Batall\u00f3n de Inteligencia Militar?<\/strong><\/h2>\n\n\n\n<p class=\"has-normal-font-size\">Es una plataforma confidencial administrada por el BIMI, donde los ciudadanos paraguayos pueden reportar casos relacionados a conductas no \u00e9ticas, violaciones a la legislaci\u00f3n, regulaciones o pol\u00edticas, incluyendo el soborno.<\/p>\n\n\n\n<div style=\"height:50px\" aria-hidden=\"true\" class=\"wp-block-spacer\"><\/div>\n\n\n\n<div class=\"wp-block-columns is-layout-flex wp-container-core-columns-is-layout-28f84493 wp-block-columns-is-layout-flex\">\n<div class=\"wp-block-column is-layout-flow wp-block-column-is-layout-flow\">\n<h2 class=\"wp-block-heading has-text-align-center\"><strong>Pol\u00edtica del Sistema Integrado de Gesti\u00f3n<\/strong><\/h2>\n\n\n\n<p class=\"has-normal-font-size\">El Batall\u00f3n de Inteligencia Militar, orienta sus procesos en la anticipaci\u00f3n y prevenci\u00f3n de hechos que puedan afectar la seguridad interna y externa del pa\u00eds. Para lograr resultados \u00f3ptimos, contamos con la experiencia de los profesionales que forman parte de nuestra instituci\u00f3n, quienes implementan acciones recurrentes para mejorar el desempe\u00f1o del Sistema de Gesti\u00f3n Integrado de la Calidad y Antisoborno.<\/p>\n<\/div>\n\n\n\n<div class=\"wp-block-column is-layout-flow wp-block-column-is-layout-flow\">\n<h2 class=\"wp-block-heading has-text-align-center\"><strong>\u00bfC\u00f3mo funciona?<\/strong><\/h2>\n\n\n\n<p class=\"has-normal-font-size\">El BIMI recibe, registra y analiza de manera confidencial los casos reportados y luego los remite a la&nbsp;Funci\u00f3n de Cumplimiento para su evaluaci\u00f3n.<\/p>\n\n\n\n<p class=\"has-normal-font-size\">El denunciante puede mantener su anonimato; sin embargo, en caso dese\u00e9 brindar sus datos, estos ser\u00e1n guardados de manera estrictamente confidencial por el BIMI.<\/p>\n\n\n\n<p class=\"has-normal-font-size\">Los canales de denuncia del BIMI (formulario web, correo electr\u00f3nico y l\u00ednea telef\u00f3nica) son operados por el BIMI asegurando la confidencialidad y el anonimato al denunciante.<\/p>\n<\/div>\n<\/div>\n\n\n\n<div style=\"height:50px\" aria-hidden=\"true\" class=\"wp-block-spacer\"><\/div>\n\n\n\n<h2 class=\"wp-block-heading has-text-align-center\"><strong>\u00bfDeseas realizar un reporte?<\/strong><\/h2>\n\n\n\n<h5 class=\"wp-block-heading has-text-align-center\">Para realizar tus denuncias facilitamos:<\/h5>\n\n\n\n<p><\/p>\n\n\n\n<p><\/p>\n\n\n\n<h5 class=\"wp-block-heading has-text-align-center\">Correo electr\u00f3nico:&nbsp;transparencia@bimi.mil.py<br>N\u00famero de contacto:&nbsp;+595976426720<\/h5>\n\n\n\n<p class=\"has-text-align-center\"><\/p>\n\n\n\n<h4 class=\"wp-block-heading has-text-align-center\">O puede realizar una denuncia an\u00f3nima a trav\u00e9s del:<\/h4>\n\n\n\n<div style=\"height:100px\" aria-hidden=\"true\" class=\"wp-block-spacer\"><\/div>\n\n\n\n<h2 class=\"wp-block-heading has-text-align-center\"><strong>Formulario de Denuncia An\u00f3nima<\/strong><\/h2>\n\n\n\n<div style=\"height:50px\" aria-hidden=\"true\" class=\"wp-block-spacer\"><\/div>\n\n\n\n<div class=\"wpcf7 no-js\" id=\"wpcf7-f5-o1\" lang=\"es-ES\" dir=\"ltr\" data-wpcf7-id=\"5\">\n<div class=\"screen-reader-response\"><p role=\"status\" aria-live=\"polite\" aria-atomic=\"true\"><\/p> <ul><\/ul><\/div>\n<form action=\"\/bimi\/wp-json\/wp\/v2\/pages\/60#wpcf7-f5-o1\" method=\"post\" class=\"wpcf7-form init mitic-form\" aria-label=\"Formulario de contacto\" enctype=\"multipart\/form-data\" novalidate=\"novalidate\" data-status=\"init\">\n<fieldset class=\"hidden-fields-container\"><input type=\"hidden\" name=\"_wpcf7\" value=\"5\" \/><input type=\"hidden\" name=\"_wpcf7_version\" value=\"6.1.5\" \/><input type=\"hidden\" name=\"_wpcf7_locale\" value=\"es_ES\" \/><input type=\"hidden\" name=\"_wpcf7_unit_tag\" value=\"wpcf7-f5-o1\" \/><input type=\"hidden\" name=\"_wpcf7_container_post\" value=\"0\" \/><input type=\"hidden\" name=\"_wpcf7_posted_data_hash\" value=\"\" \/>\n<\/fieldset>\n<div class=\"row\">\n\t<div class=\"col-6\">\n\t\t<p><label> \u00bfQui\u00e9n es (son) el(los) responsable(s) \/ involucrado(s)? *<br \/>\n<span class=\"wpcf7-form-control-wrap\" data-name=\"responsables\"><input size=\"40\" maxlength=\"400\" class=\"wpcf7-form-control wpcf7-text wpcf7-validates-as-required\" aria-required=\"true\" aria-invalid=\"false\" value=\"\" type=\"text\" name=\"responsables\" \/><\/span> <\/label>\n\t\t<\/p>\n\t<\/div>\n\t<div class=\"col-6\">\n\t\t<p><label> \u00bfCu\u00e1l(es) es (son) su(s) cargo(s) o posici\u00f3n(es)? *<br \/>\n<span class=\"wpcf7-form-control-wrap\" data-name=\"cargos\"><input size=\"40\" maxlength=\"400\" class=\"wpcf7-form-control wpcf7-text wpcf7-validates-as-required\" aria-required=\"true\" aria-invalid=\"false\" value=\"\" type=\"text\" name=\"cargos\" \/><\/span> <\/label>\n\t\t<\/p>\n\t<\/div>\n\t<p><label> \u00bfQu\u00e9 hizo (hicieron)? *<br \/>\n<span class=\"wpcf7-form-control-wrap\" data-name=\"que_hizo\"><textarea cols=\"40\" rows=\"6\" maxlength=\"2000\" class=\"wpcf7-form-control wpcf7-textarea wpcf7-validates-as-required\" aria-required=\"true\" aria-invalid=\"false\" name=\"que_hizo\"><\/textarea><\/span> <\/label>\n\t<\/p>\n\t<p><label> \u00bfQu\u00e9 sucedi\u00f3? *<br \/>\n<span class=\"wpcf7-form-control-wrap\" data-name=\"que_sucedio\"><textarea cols=\"40\" rows=\"6\" maxlength=\"2000\" class=\"wpcf7-form-control wpcf7-textarea wpcf7-validates-as-required\" aria-required=\"true\" aria-invalid=\"false\" name=\"que_sucedio\"><\/textarea><\/span> <\/label>\n\t<\/p>\n\t<div class=\"col-6\">\n\t\t<p><label> \u00bfCu\u00e1ndo ocurri\u00f3? *<br \/>\n<span class=\"wpcf7-form-control-wrap\" data-name=\"fecha_ocurrencia\"><input class=\"wpcf7-form-control wpcf7-date wpcf7-validates-as-required wpcf7-validates-as-date form-control\" aria-required=\"true\" aria-invalid=\"false\" placeholder=\"Elegir fecha\" value=\"\" type=\"date\" name=\"fecha_ocurrencia\" \/><\/span> <\/label>\n\t\t<\/p>\n\t<\/div>\n\t<div class=\"col-3\">\n\t\t<p><label> \u00bfA qu\u00e9 hora ocurri\u00f3? (Horas) *<br \/>\n<span class=\"wpcf7-form-control-wrap\" data-name=\"hora_ocurrencia\"><input class=\"wpcf7-form-control wpcf7-number wpcf7-validates-as-required wpcf7-validates-as-number form-control\" min=\"0\" max=\"23\" aria-required=\"true\" aria-invalid=\"false\" placeholder=\"Ejemplo: 16\" value=\"\" type=\"number\" name=\"hora_ocurrencia\" \/><\/span> <\/label>\n\t\t<\/p>\n\t<\/div>\n\t<div class=\"col-3\">\n\t\t<p><label> Minutos *<br \/>\n<span class=\"wpcf7-form-control-wrap\" data-name=\"minuto_ocurrencia\"><input class=\"wpcf7-form-control wpcf7-number wpcf7-validates-as-required wpcf7-validates-as-number form-control\" min=\"0\" max=\"59\" aria-required=\"true\" aria-invalid=\"false\" placeholder=\"Ejemplo: 00\" value=\"\" type=\"number\" name=\"minuto_ocurrencia\" \/><\/span> <\/label>\n\t\t<\/p>\n\t<\/div>\n\t<div class=\"col-6\">\n\t\t<p><label> \u00bfDurante cu\u00e1nto tiempo sucedi\u00f3? *<br \/>\n<span class=\"wpcf7-form-control-wrap\" data-name=\"duracion_suceso\"><input size=\"40\" maxlength=\"400\" class=\"wpcf7-form-control wpcf7-text wpcf7-validates-as-required\" aria-required=\"true\" aria-invalid=\"false\" value=\"\" type=\"text\" name=\"duracion_suceso\" \/><\/span> <\/label>\n\t\t<\/p>\n\t<\/div>\n\t<div class=\"col-6\">\n\t\t<p><label> \u00bfTodav\u00eda est\u00e1 ocurriendo? *<br \/>\n<span class=\"wpcf7-form-control-wrap\" data-name=\"esta_ocurriendo\"><select class=\"wpcf7-form-control wpcf7-select wpcf7-validates-as-required\" aria-required=\"true\" aria-invalid=\"false\" name=\"esta_ocurriendo\"><option value=\"\">&#8212;Por favor, elige una opci\u00f3n&#8212;<\/option><option value=\"S\u00ed\">S\u00ed<\/option><option value=\"No\">No<\/option><option value=\"No s\u00e9\">No s\u00e9<\/option><\/select><\/span> <\/label>\n\t\t<\/p>\n\t<\/div>\n\t<div class=\"col-6\">\n\t\t<p><label> \u00bfD\u00f3nde existen evidencias o sustentos que puedan ser validados? *<br \/>\n<span class=\"wpcf7-form-control-wrap\" data-name=\"evidencia_lugar\"><textarea cols=\"40\" rows=\"6\" maxlength=\"2000\" class=\"wpcf7-form-control wpcf7-textarea wpcf7-validates-as-required\" aria-required=\"true\" aria-invalid=\"false\" name=\"evidencia_lugar\"><\/textarea><\/span> <\/label>\n\t\t<\/p>\n\t<\/div>\n\t<div class=\"col-6\">\n\t\t<p><label> \u00bfQui\u00e9n m\u00e1s conoce de esta situaci\u00f3n? *<br \/>\n<span class=\"wpcf7-form-control-wrap\" data-name=\"quien_conoce\"><textarea cols=\"40\" rows=\"6\" maxlength=\"2000\" class=\"wpcf7-form-control wpcf7-textarea wpcf7-validates-as-required\" aria-required=\"true\" aria-invalid=\"false\" name=\"quien_conoce\"><\/textarea><\/span> <\/label>\n\t\t<\/p>\n\t<\/div>\n\t<p><label> \u00bfEste hecho ha sido comunicado con anterioridad? \u00bfC\u00f3mo? \u00bfQu\u00e9 pas\u00f3? *<br \/>\n<span class=\"wpcf7-form-control-wrap\" data-name=\"comunicado_anterior\"><textarea cols=\"40\" rows=\"6\" maxlength=\"2000\" class=\"wpcf7-form-control wpcf7-textarea wpcf7-validates-as-required\" aria-required=\"true\" aria-invalid=\"false\" name=\"comunicado_anterior\"><\/textarea><\/span> <\/label>\n\t<\/p>\n\t<p><label> Adjuntar Evidencia<br \/>\n<span class=\"wpcf7-form-control-wrap\" data-name=\"evidencia\"><input size=\"40\" class=\"wpcf7-form-control wpcf7-file\" accept=\".jpg,.jpeg,.png,.webp,.mp3,.m4a,.wav,.mp4\" aria-invalid=\"false\" type=\"file\" name=\"evidencia\" \/><\/span> <\/label>\n\t<\/p>\n\t<p><input class=\"wpcf7-form-control wpcf7-submit has-spinner\" type=\"submit\" value=\"Enviar mensaje\" \/>\n\t<\/p>\n<\/div><p style=\"display: none !important;\" class=\"akismet-fields-container\" data-prefix=\"_wpcf7_ak_\"><label>&#916;<textarea name=\"_wpcf7_ak_hp_textarea\" cols=\"45\" rows=\"8\" maxlength=\"100\"><\/textarea><\/label><input type=\"hidden\" id=\"ak_js_1\" name=\"_wpcf7_ak_js\" value=\"245\"\/><script>\ndocument.getElementById( \"ak_js_1\" ).setAttribute( \"value\", ( new Date() ).getTime() );\n<\/script>\n<\/p><div class=\"wpcf7-response-output\" aria-hidden=\"true\"><\/div>\n<\/form>\n<\/div>\n\n\n\n\n<p><\/p>\n","protected":false},"excerpt":{"rendered":"<p>\u00bfQu\u00e9 es el Canal de Denuncia del Batall\u00f3n de Inteligencia Militar? Es una plataforma confidencial administrada por el BIMI, donde los ciudadanos paraguayos pueden reportar casos relacionados a conductas no \u00e9ticas, violaciones a la legislaci\u00f3n, regulaciones o pol\u00edticas, incluyendo el soborno. Pol\u00edtica del Sistema Integrado de Gesti\u00f3n El Batall\u00f3n de Inteligencia Militar, orienta sus procesos [&hellip;]<\/p>\n","protected":false},"author":1,"featured_media":0,"parent":0,"menu_order":0,"comment_status":"closed","ping_status":"closed","template":"page-nosidebar.php","meta":{"footnotes":""},"class_list":["post-60","page","type-page","status-publish","hentry"],"_links":{"self":[{"href":"https:\/\/ffmm.mil.py\/bimi\/wp-json\/wp\/v2\/pages\/60","targetHints":{"allow":["GET"]}}],"collection":[{"href":"https:\/\/ffmm.mil.py\/bimi\/wp-json\/wp\/v2\/pages"}],"about":[{"href":"https:\/\/ffmm.mil.py\/bimi\/wp-json\/wp\/v2\/types\/page"}],"author":[{"embeddable":true,"href":"https:\/\/ffmm.mil.py\/bimi\/wp-json\/wp\/v2\/users\/1"}],"replies":[{"embeddable":true,"href":"https:\/\/ffmm.mil.py\/bimi\/wp-json\/wp\/v2\/comments?post=60"}],"version-history":[{"count":20,"href":"https:\/\/ffmm.mil.py\/bimi\/wp-json\/wp\/v2\/pages\/60\/revisions"}],"predecessor-version":[{"id":184,"href":"https:\/\/ffmm.mil.py\/bimi\/wp-json\/wp\/v2\/pages\/60\/revisions\/184"}],"wp:attachment":[{"href":"https:\/\/ffmm.mil.py\/bimi\/wp-json\/wp\/v2\/media?parent=60"}],"curies":[{"name":"wp","href":"https:\/\/api.w.org\/{rel}","templated":true}]}}