{"id":141,"date":"2026-03-25T22:02:52","date_gmt":"2026-03-25T21:02:52","guid":{"rendered":"https:\/\/ffmm.mil.py\/ccpc\/?page_id=141"},"modified":"2026-04-07T22:08:09","modified_gmt":"2026-04-07T20:08:09","slug":"investigacion-y-postgrados","status":"publish","type":"page","link":"https:\/\/ffmm.mil.py\/ccpc\/investigacion-y-postgrados\/","title":{"rendered":"INVESTIGACI\u00d3N Y POSTGRADOS"},"content":{"rendered":"\t\t<div data-elementor-type=\"wp-page\" data-elementor-id=\"141\" class=\"elementor elementor-141\" data-elementor-post-type=\"page\">\n\t\t\t\t<div class=\"elementor-element elementor-element-503bba7 e-flex e-con-boxed e-con e-parent\" data-id=\"503bba7\" data-element_type=\"container\" data-e-type=\"container\">\n\t\t\t\t\t<div class=\"e-con-inner\">\n\t\t\t\t<div class=\"elementor-element elementor-element-21e24d5 elementor-widget elementor-widget-text-editor\" data-id=\"21e24d5\" data-element_type=\"widget\" data-e-type=\"widget\" data-widget_type=\"text-editor.default\">\n\t\t\t\t\t\t\t\t\t<div class=\"Y3BBE\" data-sfc-cp=\"\" data-sfc-root=\"c\" data-sfc-cb=\"\" data-hveid=\"CAEIBBAA\" data-complete=\"true\" data-processed=\"true\">Te damos la bienvenida a nuestro espacio de gesti\u00f3n del conocimiento del\u00a0<strong class=\"Yjhzub\" data-sfc-root=\"c\" data-sfc-cb=\"\" data-complete=\"true\" data-processed=\"true\">Centro de Capacitaci\u00f3n Pedag\u00f3gica del CIMEE<\/strong>.<\/div><div class=\"Y3BBE\" data-sfc-cp=\"\" data-sfc-root=\"c\" data-sfc-cb=\"\" data-hveid=\"CAEIBRAA\" data-complete=\"true\" data-processed=\"true\">Este repositorio funciona como un ecosistema digital dise\u00f1ado para organizar, preservar y potenciar la visibilidad de la producci\u00f3n intelectual de nuestra comunidad. Aqu\u00ed se integran los recursos acad\u00e9micos y cient\u00edficos generados tanto por docentes como por estudiantes, consolidando el fruto de la excelencia pedag\u00f3gica de nuestra instituci\u00f3n.<\/div><div class=\"Y3BBE\" data-sfc-cp=\"\" data-sfc-root=\"c\" data-sfc-cb=\"\" data-hveid=\"CAEIBhAA\" data-complete=\"true\" data-processed=\"true\">En el\u00a0<strong class=\"Yjhzub\" data-sfc-root=\"c\" data-sfc-cb=\"\" data-complete=\"true\" data-processed=\"true\">Centro de Capacitaci\u00f3n Pedag\u00f3gica del CIMEE<\/strong>, impulsamos firmemente la filosof\u00eda de acceso abierto. Estamos convencidos de que el saber generado en nuestras aulas debe ser un bien compartido, facilitando su consulta libre para contribuir al progreso educativo de toda la sociedad.<\/div>\t\t\t\t\t\t\t\t<\/div>\n\t\t\t\t\t<\/div>\n\t\t\t\t<\/div>\n\t\t<div class=\"elementor-element elementor-element-7ae3553 e-flex e-con-boxed e-con e-parent\" data-id=\"7ae3553\" data-element_type=\"container\" data-e-type=\"container\">\n\t\t\t\t\t<div class=\"e-con-inner\">\n\t\t\t\t\t<\/div>\n\t\t\t\t<\/div>\n\t\t<div class=\"elementor-element elementor-element-e2af9bc e-grid e-con-boxed e-con e-parent\" data-id=\"e2af9bc\" data-element_type=\"container\" data-e-type=\"container\">\n\t\t\t\t\t<div class=\"e-con-inner\">\n\t\t\t\t<div class=\"elementor-element elementor-element-d304abf elementor-align-justify elementor-widget elementor-widget-button\" data-id=\"d304abf\" data-element_type=\"widget\" data-e-type=\"widget\" data-widget_type=\"button.default\">\n\t\t\t\t\t\t\t\t\t\t<a class=\"elementor-button elementor-button-link elementor-size-sm\" href=\"https:\/\/ffmm.mil.py\/ccpc\/biblioteca-virtual\/\" target=\"_blank\" id=\"BIBLIOT\">\n\t\t\t\t\t\t<span class=\"elementor-button-content-wrapper\">\n\t\t\t\t\t\t\t\t\t<span class=\"elementor-button-text\">BIBLIOTECA<\/span>\n\t\t\t\t\t<\/span>\n\t\t\t\t\t<\/a>\n\t\t\t\t\t\t\t\t<\/div>\n\t\t\t\t<div class=\"elementor-element elementor-element-70dc38a elementor-align-justify elementor-widget elementor-widget-button\" data-id=\"70dc38a\" data-element_type=\"widget\" data-e-type=\"widget\" data-widget_type=\"button.default\">\n\t\t\t\t\t\t\t\t\t\t<a class=\"elementor-button elementor-button-link elementor-size-sm\" href=\"https:\/\/ffmm.mil.py\/ccpc\/revistas-cientificas\/\" target=\"_blank\" id=\"BIBLIOT\">\n\t\t\t\t\t\t<span class=\"elementor-button-content-wrapper\">\n\t\t\t\t\t\t\t\t\t<span class=\"elementor-button-text\">REVISTAS CIENT\u00cdFICAS<\/span>\n\t\t\t\t\t<\/span>\n\t\t\t\t\t<\/a>\n\t\t\t\t\t\t\t\t<\/div>\n\t\t\t\t<div class=\"elementor-element elementor-element-abc21a0 elementor-align-justify elementor-widget elementor-widget-button\" data-id=\"abc21a0\" data-element_type=\"widget\" data-e-type=\"widget\" data-widget_type=\"button.default\">\n\t\t\t\t\t\t\t\t\t\t<a class=\"elementor-button elementor-button-link elementor-size-sm\" href=\"https:\/\/ffmm.mil.py\/ccpc\/repositorio-de-tesis\/\" target=\"_blank\" id=\"BIBLIOT\">\n\t\t\t\t\t\t<span class=\"elementor-button-content-wrapper\">\n\t\t\t\t\t\t\t\t\t<span class=\"elementor-button-text\">REPOSITORIO DE TESIS<\/span>\n\t\t\t\t\t<\/span>\n\t\t\t\t\t<\/a>\n\t\t\t\t\t\t\t\t<\/div>\n\t\t\t\t<div class=\"elementor-element elementor-element-9b270b8 elementor-align-justify elementor-widget elementor-widget-button\" data-id=\"9b270b8\" data-element_type=\"widget\" data-e-type=\"widget\" data-widget_type=\"button.default\">\n\t\t\t\t\t\t\t\t\t\t<a class=\"elementor-button elementor-button-link elementor-size-sm\" href=\"https:\/\/ffmm.mil.py\/ccpc\/produccion-cientifica-reciente\/\" target=\"_blank\">\n\t\t\t\t\t\t<span class=\"elementor-button-content-wrapper\">\n\t\t\t\t\t\t\t\t\t<span class=\"elementor-button-text\">PRODUCCI\u00d3N CIENT\u00cdFICA RECIENTE<\/span>\n\t\t\t\t\t<\/span>\n\t\t\t\t\t<\/a>\n\t\t\t\t\t\t\t\t<\/div>\n\t\t\t\t\t<\/div>\n\t\t\t\t<\/div>\n\t\t\t\t<\/div>\n\t\t","protected":false},"excerpt":{"rendered":"<p>Te damos la bienvenida a nuestro espacio de gesti\u00f3n del conocimiento del\u00a0Centro de Capacitaci\u00f3n Pedag\u00f3gica del CIMEE.Este repositorio funciona como un ecosistema digital dise\u00f1ado para organizar, preservar y potenciar la visibilidad de la producci\u00f3n intelectual de nuestra comunidad. Aqu\u00ed se integran los recursos acad\u00e9micos y cient\u00edficos generados tanto por docentes como por estudiantes, consolidando el [&hellip;]<\/p>\n","protected":false},"author":13,"featured_media":0,"parent":0,"menu_order":0,"comment_status":"closed","ping_status":"closed","template":"page-full.php","meta":{"footnotes":""},"class_list":["post-141","page","type-page","status-publish","hentry"],"_links":{"self":[{"href":"https:\/\/ffmm.mil.py\/ccpc\/wp-json\/wp\/v2\/pages\/141","targetHints":{"allow":["GET"]}}],"collection":[{"href":"https:\/\/ffmm.mil.py\/ccpc\/wp-json\/wp\/v2\/pages"}],"about":[{"href":"https:\/\/ffmm.mil.py\/ccpc\/wp-json\/wp\/v2\/types\/page"}],"author":[{"embeddable":true,"href":"https:\/\/ffmm.mil.py\/ccpc\/wp-json\/wp\/v2\/users\/13"}],"replies":[{"embeddable":true,"href":"https:\/\/ffmm.mil.py\/ccpc\/wp-json\/wp\/v2\/comments?post=141"}],"version-history":[{"count":52,"href":"https:\/\/ffmm.mil.py\/ccpc\/wp-json\/wp\/v2\/pages\/141\/revisions"}],"predecessor-version":[{"id":256,"href":"https:\/\/ffmm.mil.py\/ccpc\/wp-json\/wp\/v2\/pages\/141\/revisions\/256"}],"wp:attachment":[{"href":"https:\/\/ffmm.mil.py\/ccpc\/wp-json\/wp\/v2\/media?parent=141"}],"curies":[{"name":"wp","href":"https:\/\/api.w.org\/{rel}","templated":true}]}}