{"id":17,"date":"2025-07-03T21:42:05","date_gmt":"2025-07-03T19:42:05","guid":{"rendered":"https:\/\/migracion.ffmm.mil.py\/ccpc\/?page_id=17"},"modified":"2025-07-04T18:10:00","modified_gmt":"2025-07-04T16:10:00","slug":"mision-y-vision","status":"publish","type":"page","link":"https:\/\/ffmm.mil.py\/ccpc\/mision-y-vision\/","title":{"rendered":"Misi\u00f3n y Visi\u00f3n"},"content":{"rendered":"\n<h2 class=\"wp-block-heading\">MISI\u00d3N<\/h2>\n\n\n\n<p class=\"fs-4 has-normal-font-size\">El CCPC tiene la misi\u00f3n de realizar la gesti\u00f3n educativa de los programas de post-grado, pos t\u00edtulos, diplomados y otras instancias de capacitaci\u00f3n para el Personal Militar y Profesionales Universitarios, orientadas a complementar, profundizar y actualizar sus conocimientos y competencias, tanto pedag\u00f3gicas como did\u00e1cticas.<\/p>\n\n\n\n<div style=\"height:50px\" aria-hidden=\"true\" class=\"wp-block-spacer\"><\/div>\n\n\n\n<h2 class=\"wp-block-heading\">VISI\u00d3N<\/h2>\n\n\n\n<p class=\"fs-4\">Constituirse en una instituci\u00f3n enfocada a la formaci\u00f3n de ciudadanos militares y civiles comprometidos con la excelencia de la educaci\u00f3n superior, siguiendo las l\u00edneas de gesti\u00f3n establecidas por la pol\u00edtica institucional (CIMEE) y nacional; con una propuesta adaptada a innovaciones acorde a los cambios constantes, y permaneciendo como eje transversal, el impulso a una din\u00e1mica educativa apoyada en el respeto, la disciplina, la responsabilidad y cohesi\u00f3n.<\/p>\n\n\n\n<p><\/p>\n","protected":false},"excerpt":{"rendered":"<p>MISI\u00d3N El CCPC tiene la misi\u00f3n de realizar la gesti\u00f3n educativa de los programas de post-grado, pos t\u00edtulos, diplomados y otras instancias de capacitaci\u00f3n para el Personal Militar y Profesionales Universitarios, orientadas a complementar, profundizar y actualizar sus conocimientos y competencias, tanto pedag\u00f3gicas como did\u00e1cticas. VISI\u00d3N Constituirse en una instituci\u00f3n enfocada a la formaci\u00f3n de [&hellip;]<\/p>\n","protected":false},"author":1,"featured_media":0,"parent":0,"menu_order":0,"comment_status":"closed","ping_status":"closed","template":"page-nosidebar.php","meta":{"footnotes":""},"class_list":["post-17","page","type-page","status-publish","hentry"],"_links":{"self":[{"href":"https:\/\/ffmm.mil.py\/ccpc\/wp-json\/wp\/v2\/pages\/17","targetHints":{"allow":["GET"]}}],"collection":[{"href":"https:\/\/ffmm.mil.py\/ccpc\/wp-json\/wp\/v2\/pages"}],"about":[{"href":"https:\/\/ffmm.mil.py\/ccpc\/wp-json\/wp\/v2\/types\/page"}],"author":[{"embeddable":true,"href":"https:\/\/ffmm.mil.py\/ccpc\/wp-json\/wp\/v2\/users\/1"}],"replies":[{"embeddable":true,"href":"https:\/\/ffmm.mil.py\/ccpc\/wp-json\/wp\/v2\/comments?post=17"}],"version-history":[{"count":8,"href":"https:\/\/ffmm.mil.py\/ccpc\/wp-json\/wp\/v2\/pages\/17\/revisions"}],"predecessor-version":[{"id":76,"href":"https:\/\/ffmm.mil.py\/ccpc\/wp-json\/wp\/v2\/pages\/17\/revisions\/76"}],"wp:attachment":[{"href":"https:\/\/ffmm.mil.py\/ccpc\/wp-json\/wp\/v2\/media?parent=17"}],"curies":[{"name":"wp","href":"https:\/\/api.w.org\/{rel}","templated":true}]}}