{"id":20,"date":"2025-07-03T21:42:31","date_gmt":"2025-07-03T19:42:31","guid":{"rendered":"https:\/\/migracion.ffmm.mil.py\/ccpc\/?page_id=20"},"modified":"2025-07-04T18:11:29","modified_gmt":"2025-07-04T16:11:29","slug":"historia","status":"publish","type":"page","link":"https:\/\/ffmm.mil.py\/ccpc\/historia\/","title":{"rendered":"Historia"},"content":{"rendered":"\n<h2 class=\"wp-block-heading\">HISTORIA<\/h2>\n\n\n\n<p class=\"fs-4\">El Centro de Capacitaci\u00f3n Pedag\u00f3gica del CIMEE (CCPC) heredera de una tradici\u00f3n educativa de varias d\u00e9cadas; es una instituci\u00f3n que imparte programas en los niveles de posgrado, implementando pol\u00edticas institucionales enfocadas a promover la innovaci\u00f3n y la investigaci\u00f3n entre su comunidad educativa.<\/p>\n\n\n\n<p class=\"fs-4\">El CCPC fue creado por orden general N\u00ba 95 del comando en jefe de las Fuerzas Armadas de la Naci\u00f3n, de fecha 03 de junio de 2004, de la misma forma han sido instituidos por orden general los siguientes programas:<\/p>\n\n\n\n<p class=\"fs-4\">Orden General N\u00b0 62 de fecha 14 de abril del 2005, el curso de post grado en did\u00e1ctica superior militar,<br>Orden General N\u00b0 47 de fecha 02 de mayo de 2012 el curso de especializaci\u00f3n en tutor\u00eda de tesis,<br>En fecha 09 de diciembre de 2019 se modifica la denominaci\u00f3n del curso de especializaci\u00f3n en tutor\u00eda de tesis por programa de Especializaci\u00f3n en Metodolog\u00eda de la Investigaci\u00f3n en Ciencias Militares.<\/p>\n","protected":false},"excerpt":{"rendered":"<p>HISTORIA El Centro de Capacitaci\u00f3n Pedag\u00f3gica del CIMEE (CCPC) heredera de una tradici\u00f3n educativa de varias d\u00e9cadas; es una instituci\u00f3n que imparte programas en los niveles de posgrado, implementando pol\u00edticas institucionales enfocadas a promover la innovaci\u00f3n y la investigaci\u00f3n entre su comunidad educativa. El CCPC fue creado por orden general N\u00ba 95 del comando en [&hellip;]<\/p>\n","protected":false},"author":1,"featured_media":0,"parent":0,"menu_order":0,"comment_status":"closed","ping_status":"closed","template":"page-nosidebar.php","meta":{"footnotes":""},"class_list":["post-20","page","type-page","status-publish","hentry"],"_links":{"self":[{"href":"https:\/\/ffmm.mil.py\/ccpc\/wp-json\/wp\/v2\/pages\/20","targetHints":{"allow":["GET"]}}],"collection":[{"href":"https:\/\/ffmm.mil.py\/ccpc\/wp-json\/wp\/v2\/pages"}],"about":[{"href":"https:\/\/ffmm.mil.py\/ccpc\/wp-json\/wp\/v2\/types\/page"}],"author":[{"embeddable":true,"href":"https:\/\/ffmm.mil.py\/ccpc\/wp-json\/wp\/v2\/users\/1"}],"replies":[{"embeddable":true,"href":"https:\/\/ffmm.mil.py\/ccpc\/wp-json\/wp\/v2\/comments?post=20"}],"version-history":[{"count":3,"href":"https:\/\/ffmm.mil.py\/ccpc\/wp-json\/wp\/v2\/pages\/20\/revisions"}],"predecessor-version":[{"id":78,"href":"https:\/\/ffmm.mil.py\/ccpc\/wp-json\/wp\/v2\/pages\/20\/revisions\/78"}],"wp:attachment":[{"href":"https:\/\/ffmm.mil.py\/ccpc\/wp-json\/wp\/v2\/media?parent=20"}],"curies":[{"name":"wp","href":"https:\/\/api.w.org\/{rel}","templated":true}]}}