{"id":7,"date":"2025-07-03T21:39:12","date_gmt":"2025-07-03T19:39:12","guid":{"rendered":"https:\/\/migracion.ffmm.mil.py\/ccpc\/?page_id=7"},"modified":"2026-03-25T21:24:54","modified_gmt":"2026-03-25T20:24:54","slug":"inicio","status":"publish","type":"page","link":"https:\/\/ffmm.mil.py\/ccpc\/","title":{"rendered":"Inicio"},"content":{"rendered":"\t\t<div data-elementor-type=\"wp-page\" data-elementor-id=\"7\" class=\"elementor elementor-7\" data-elementor-post-type=\"page\">\n\t\t\t\t<div class=\"elementor-element elementor-element-4b806c83 e-flex e-con-boxed e-con e-parent\" data-id=\"4b806c83\" data-element_type=\"container\" data-e-type=\"container\">\n\t\t\t\t\t<div class=\"e-con-inner\">\n\t\t\t\t<div class=\"elementor-element elementor-element-6d388d31 elementor-widget elementor-widget-text-editor\" data-id=\"6d388d31\" data-element_type=\"widget\" data-e-type=\"widget\" data-widget_type=\"text-editor.default\">\n\t\t\t\t\t\t\t\t\t\n<div class=\"wp-block-columns is-layout-flex wp-container-core-columns-is-layout-28f84493 wp-block-columns-is-layout-flex\">\n<div class=\"wp-block-column contentsidebar has-mitic-gray-200-background-color has-background is-layout-flow wp-container-core-column-is-layout-e62f6290 wp-block-column-is-layout-flow\" style=\"border-radius: 0px;flex-basis: 25%\">\n<div class=\"wp-block-group is-vertical is-layout-flex wp-container-core-group-is-layout-fe9cc265 wp-block-group-is-layout-flex\">\n<p>\u00a0<\/p>\n<\/div>\n<form role=\"search\" method=\"get\" action=\"https:\/\/ffmm.mil.py\/ccpc\/\" class=\"wp-block-search__button-outside wp-block-search__text-button wp-block-search\"    ><label class=\"wp-block-search__label\" for=\"wp-block-search__input-3\" >Buscar<\/label><div class=\"wp-block-search__inside-wrapper\" ><input class=\"wp-block-search__input\" id=\"wp-block-search__input-3\" placeholder=\"\" value=\"\" type=\"search\" name=\"s\" required \/><button aria-label=\"Buscar\" class=\"wp-block-search__button wp-element-button\" type=\"submit\" >Buscar<\/button><\/div><\/form>\n<p>\u00a0<\/p>\n\n<h5 class=\"wp-block-heading mt-3\">Principales secciones<\/h5>\n<nav class=\"is-responsive items-justified-left is-vertical mt-2 wp-block-navigation is-content-justification-left is-layout-flex wp-container-core-navigation-is-layout-810fbbe0 wp-block-navigation-is-layout-flex\" aria-label=\"Men\u00fa 2\" \n\t\t data-wp-interactive=\"core\/navigation\" data-wp-context='{\"overlayOpenedBy\":{\"click\":false,\"hover\":false,\"focus\":false},\"type\":\"overlay\",\"roleAttribute\":\"\",\"ariaLabel\":\"Men\\u00fa\"}'><button aria-haspopup=\"dialog\" aria-label=\"Abrir el men\u00fa\" class=\"wp-block-navigation__responsive-container-open\" \n\t\t\t\tdata-wp-on--click=\"actions.openMenuOnClick\"\n\t\t\t\tdata-wp-on--keydown=\"actions.handleMenuKeydown\"\n\t\t\t><svg width=\"24\" height=\"24\" xmlns=\"http:\/\/www.w3.org\/2000\/svg\" viewBox=\"0 0 24 24\" aria-hidden=\"true\" focusable=\"false\"><path d=\"M4 7.5h16v1.5H4z\"><\/path><path d=\"M4 15h16v1.5H4z\"><\/path><\/svg><\/button>\n\t\t\t\t<div class=\"wp-block-navigation__responsive-container\"  id=\"modal-4\" \n\t\t\t\tdata-wp-class--has-modal-open=\"state.isMenuOpen\"\n\t\t\t\tdata-wp-class--is-menu-open=\"state.isMenuOpen\"\n\t\t\t\tdata-wp-watch=\"callbacks.initMenu\"\n\t\t\t\tdata-wp-on--keydown=\"actions.handleMenuKeydown\"\n\t\t\t\tdata-wp-on--focusout=\"actions.handleMenuFocusout\"\n\t\t\t\ttabindex=\"-1\"\n\t\t\t>\n\t\t\t\t\t<div class=\"wp-block-navigation__responsive-close\" tabindex=\"-1\">\n\t\t\t\t\t\t<div class=\"wp-block-navigation__responsive-dialog\" \n\t\t\t\tdata-wp-bind--aria-modal=\"state.ariaModal\"\n\t\t\t\tdata-wp-bind--aria-label=\"state.ariaLabel\"\n\t\t\t\tdata-wp-bind--role=\"state.roleAttribute\"\n\t\t\t>\n\t\t\t\t\t\t\t<button aria-label=\"Cerrar el men\u00fa\" class=\"wp-block-navigation__responsive-container-close\" \n\t\t\t\tdata-wp-on--click=\"actions.closeMenuOnClick\"\n\t\t\t><svg xmlns=\"http:\/\/www.w3.org\/2000\/svg\" viewBox=\"0 0 24 24\" width=\"24\" height=\"24\" aria-hidden=\"true\" focusable=\"false\"><path d=\"m13.06 12 6.47-6.47-1.06-1.06L12 10.94 5.53 4.47 4.47 5.53 10.94 12l-6.47 6.47 1.06 1.06L12 13.06l6.47 6.47 1.06-1.06L13.06 12Z\"><\/path><\/svg><\/button>\n\t\t\t\t\t\t\t<div class=\"wp-block-navigation__responsive-container-content\" \n\t\t\t\tdata-wp-watch=\"callbacks.focusFirstElement\"\n\t\t\t id=\"modal-4-content\">\n\t\t\t\t\t\t\t\t<ul class=\"wp-block-navigation__container is-responsive items-justified-left is-vertical mt-2 wp-block-navigation\"><li class=\" wp-block-navigation-item wp-block-navigation-link\"><a class=\"wp-block-navigation-item__content\"  href=\"https:\/\/ffmm.mil.py\/ccpc\/informaciones\/\"><span class=\"wp-block-navigation-item__label\">Informaciones<\/span><\/a><\/li><li class=\" wp-block-navigation-item wp-block-navigation-link\"><a class=\"wp-block-navigation-item__content\"  href=\"#\"><span class=\"wp-block-navigation-item__label\">Transparencia<\/span><\/a><\/li><li class=\" wp-block-navigation-item wp-block-navigation-link\"><a class=\"wp-block-navigation-item__content\"  href=\"#\"><span class=\"wp-block-navigation-item__label\">MECIP<\/span><\/a><\/li><\/ul>\n\t\t\t\t\t\t\t<\/div>\n\t\t\t\t\t\t<\/div>\n\t\t\t\t\t<\/div>\n\t\t\t\t<\/div><\/nav><\/div>\n\n<div class=\"wp-block-column is-layout-flow wp-block-column-is-layout-flow\" style=\"flex-basis: 50%\">\n<div class=\"wp-block-spacer\" style=\"height: 5px\" aria-hidden=\"true\">\u00a0<\/div>\n\n<h5 class=\"wp-block-heading has-mitic-gray-700-color has-text-color has-link-color wp-elements-5c0305a6ffbce44943f27a9534c24eaa\">\u00daltimas noticias publicadas<\/h5>\n\n<div class=\"wp-block-query blog-home is-layout-flow wp-block-query-is-layout-flow\">\n<div class=\"wp-block-columns alignwide is-layout-flex news-item\">\n<div class=\"wp-block-column wp-block-post-featured-image\"><a href=\"https:\/\/ffmm.mil.py\/ccpc\/2026\/04\/21\/el-centro-de-capacitacion-pedagogica-sigue-impulsando-la-investigacion-y-el-conocimiento-como-pilares-fundamentales-%f0%9f%8e%96%ef%b8%8f%f0%9f%93%96\/\"><img fetchpriority=\"high\" decoding=\"async\" width=\"768\" height=\"1024\" src=\"https:\/\/ffmm.mil.py\/ccpc\/wp-content\/uploads\/sites\/4\/2026\/04\/image-2-768x1024.png\" class=\"attachment-large size-large wp-post-image wp-post-image\" alt=\"\" srcset=\"https:\/\/ffmm.mil.py\/ccpc\/wp-content\/uploads\/sites\/4\/2026\/04\/image-2-768x1024.png 768w, https:\/\/ffmm.mil.py\/ccpc\/wp-content\/uploads\/sites\/4\/2026\/04\/image-2-225x300.png 225w, https:\/\/ffmm.mil.py\/ccpc\/wp-content\/uploads\/sites\/4\/2026\/04\/image-2.png 960w\" sizes=\"(max-width: 768px) 100vw, 768px\" \/><\/a><\/div>\n<div class=\"wp-block-column\">\n<h2 class=\"wp-block-post-title\"><a href=\"https:\/\/ffmm.mil.py\/ccpc\/2026\/04\/21\/el-centro-de-capacitacion-pedagogica-sigue-impulsando-la-investigacion-y-el-conocimiento-como-pilares-fundamentales-%f0%9f%8e%96%ef%b8%8f%f0%9f%93%96\/\">El Centro de Capacitaci\u00f3n Pedag\u00f3gica sigue impulsando la investigaci\u00f3n y el conocimiento como pilares fundamentales. \ud83c\udf96\ufe0f\ud83d\udcd6<\/a><\/h2>\n<p class=\"post-date my-2\">21 de abril de 2026<\/p>\n<div class=\"wp-block-post-excerpt\">Dando cumplimiento al programa acad\u00e9mico del Centro de Capacitaci\u00f3n Pedag\u00f3gica del CIMEE CCPC, informamos que contin\u00faa con \u00e9xito el desarrollo del Programa&#8230;<\/div>\n<\/div>\n<\/div>\n<div class=\"wp-block-columns alignwide is-layout-flex news-item\">\n<div class=\"wp-block-column wp-block-post-featured-image\"><a href=\"https:\/\/ffmm.mil.py\/ccpc\/2026\/04\/07\/elementor-246\/\"><img decoding=\"async\" width=\"800\" height=\"463\" src=\"https:\/\/ffmm.mil.py\/ccpc\/wp-content\/uploads\/sites\/4\/2026\/04\/MAESTRIA-POLITICA-Y-ESTRATEGIA-MILITAR-CIMEE-COPIA.jpeg\" class=\"attachment-large size-large wp-post-image wp-post-image\" alt=\"\" srcset=\"https:\/\/ffmm.mil.py\/ccpc\/wp-content\/uploads\/sites\/4\/2026\/04\/MAESTRIA-POLITICA-Y-ESTRATEGIA-MILITAR-CIMEE-COPIA.jpeg 891w, https:\/\/ffmm.mil.py\/ccpc\/wp-content\/uploads\/sites\/4\/2026\/04\/MAESTRIA-POLITICA-Y-ESTRATEGIA-MILITAR-CIMEE-COPIA-300x174.jpeg 300w, https:\/\/ffmm.mil.py\/ccpc\/wp-content\/uploads\/sites\/4\/2026\/04\/MAESTRIA-POLITICA-Y-ESTRATEGIA-MILITAR-CIMEE-COPIA-768x445.jpeg 768w\" sizes=\"(max-width: 800px) 100vw, 800px\" \/><\/a><\/div>\n<div class=\"wp-block-column\">\n<h2 class=\"wp-block-post-title\"><a href=\"https:\/\/ffmm.mil.py\/ccpc\/2026\/04\/07\/elementor-246\/\">MAESTRIA POLITICA Y ESTRATEGIA MILITAR CIMEE<\/a><\/h2>\n<p class=\"post-date my-2\">7 de abril de 2026<\/p>\n<div class=\"wp-block-post-excerpt\"><\/div>\n<\/div>\n<\/div>\n<div class=\"wp-block-columns alignwide is-layout-flex news-item\">\n<div class=\"wp-block-column wp-block-post-featured-image\"><a href=\"https:\/\/ffmm.mil.py\/ccpc\/2024\/10\/24\/video-institucional-del-ccpc\/\"><img decoding=\"async\" width=\"700\" height=\"450\" src=\"https:\/\/ffmm.mil.py\/ccpc\/wp-content\/uploads\/sites\/4\/2025\/07\/FACHADA-CCPC-700x450-1.jpeg\" class=\"attachment-large size-large wp-post-image wp-post-image\" alt=\"\" srcset=\"https:\/\/ffmm.mil.py\/ccpc\/wp-content\/uploads\/sites\/4\/2025\/07\/FACHADA-CCPC-700x450-1.jpeg 700w, https:\/\/ffmm.mil.py\/ccpc\/wp-content\/uploads\/sites\/4\/2025\/07\/FACHADA-CCPC-700x450-1-300x193.jpeg 300w\" sizes=\"(max-width: 700px) 100vw, 700px\" \/><\/a><\/div>\n<div class=\"wp-block-column\">\n<h2 class=\"wp-block-post-title\"><a href=\"https:\/\/ffmm.mil.py\/ccpc\/2024\/10\/24\/video-institucional-del-ccpc\/\">VIDEO INSTITUCIONAL DEL CCPC<\/a><\/h2>\n<p class=\"post-date my-2\">24 de octubre de 2024<\/p>\n<div class=\"wp-block-post-excerpt\"><\/div>\n<\/div>\n<\/div>\n<\/div>\n<\/div>\n\n<div class=\"wp-block-column is-layout-flow wp-block-column-is-layout-flow\">\n<div class=\"wp-block-spacer\" style=\"height: 10px\" aria-hidden=\"true\">\u00a0<\/div>\n\n<div class=\"wp-block-group is-vertical is-layout-flex wp-container-core-group-is-layout-fe9cc265 wp-block-group-is-layout-flex\">\n<figure class=\"wp-block-image size-full\"><a href=\"https:\/\/ffmm.mil.py\/rendicion-de-cuentas-al-ciudadano\/\"><img decoding=\"async\" class=\"wp-image-159\" src=\"https:\/\/cimefor.mil.py\/wp-content\/uploads\/2025\/06\/rendicion-al-ciudadano-300x196-1.jpg\" alt=\"\" \/><\/a><\/figure>\n<\/div>\n\n<figure class=\"wp-block-image size-full\"><img decoding=\"async\" class=\"wp-image-160\" src=\"https:\/\/cimefor.mil.py\/wp-content\/uploads\/2025\/06\/Transparencia-300x119-1.png\" alt=\"\" \/><\/figure>\n\n<figure class=\"wp-block-image size-full\"><img decoding=\"async\" class=\"wp-image-161\" src=\"https:\/\/cimefor.mil.py\/wp-content\/uploads\/2025\/06\/elegi-tu-tramite-en-linea-izquierda-300x119-1.gif\" alt=\"\" \/><\/figure>\n<\/div>\n<\/div>\n\n<p>\u00a0<\/p>\n\t\t\t\t\t\t\t\t<\/div>\n\t\t\t\t\t<\/div>\n\t\t\t\t<\/div>\n\t\t\t\t<\/div>\n\t\t","protected":false},"excerpt":{"rendered":"<p>\u00a0 \u00a0 Principales secciones \u00daltimas noticias publicadas \u00a0<\/p>\n","protected":false},"author":1,"featured_media":0,"parent":0,"menu_order":0,"comment_status":"closed","ping_status":"closed","template":"page-nosidebar.php","meta":{"footnotes":""},"class_list":["post-7","page","type-page","status-publish","hentry"],"_links":{"self":[{"href":"https:\/\/ffmm.mil.py\/ccpc\/wp-json\/wp\/v2\/pages\/7","targetHints":{"allow":["GET"]}}],"collection":[{"href":"https:\/\/ffmm.mil.py\/ccpc\/wp-json\/wp\/v2\/pages"}],"about":[{"href":"https:\/\/ffmm.mil.py\/ccpc\/wp-json\/wp\/v2\/types\/page"}],"author":[{"embeddable":true,"href":"https:\/\/ffmm.mil.py\/ccpc\/wp-json\/wp\/v2\/users\/1"}],"replies":[{"embeddable":true,"href":"https:\/\/ffmm.mil.py\/ccpc\/wp-json\/wp\/v2\/comments?post=7"}],"version-history":[{"count":5,"href":"https:\/\/ffmm.mil.py\/ccpc\/wp-json\/wp\/v2\/pages\/7\/revisions"}],"predecessor-version":[{"id":136,"href":"https:\/\/ffmm.mil.py\/ccpc\/wp-json\/wp\/v2\/pages\/7\/revisions\/136"}],"wp:attachment":[{"href":"https:\/\/ffmm.mil.py\/ccpc\/wp-json\/wp\/v2\/media?parent=7"}],"curies":[{"name":"wp","href":"https:\/\/api.w.org\/{rel}","templated":true}]}}