{"id":102,"date":"2025-06-30T18:11:55","date_gmt":"2025-06-30T16:11:55","guid":{"rendered":"https:\/\/migracion.ffmm.mil.py\/digetic\/?page_id=102"},"modified":"2025-06-30T18:12:14","modified_gmt":"2025-06-30T16:12:14","slug":"compromiso-de-la-alta-direccion","status":"publish","type":"page","link":"https:\/\/ffmm.mil.py\/digetic\/compromiso-de-la-alta-direccion\/","title":{"rendered":"Compromiso de la Alta Direccion"},"content":{"rendered":"\n<figure class=\"wp-block-table\"><table class=\"has-fixed-layout\"><thead><tr><th>T\u00edtulo<\/th><th>A\u00f1o<\/th><th>Instituci\u00f3n<\/th><th>Descripci\u00f3n<\/th><th>Archivo<\/th><\/tr><\/thead><tbody><tr><td>Acta de Compromiso para la Implementaci\u00f3n del MECIP<\/td><td>2.025<\/td><td>FFMM<\/td><td>Adopci\u00f3n del MECIP y compromisos de implementaci\u00f3n<\/td><td><a href=\"https:\/\/ffmm.mil.py\/wp-content\/uploads\/2025\/06\/Acta-de-compromiso.pdf\" target=\"_blank\" rel=\"noreferrer noopener\">Ver<br>Archivo<\/a><\/td><\/tr><\/tbody><\/table><\/figure>\n","protected":false},"excerpt":{"rendered":"<p>T\u00edtulo A\u00f1o Instituci\u00f3n Descripci\u00f3n Archivo Acta de Compromiso para la Implementaci\u00f3n del MECIP 2.025 FFMM Adopci\u00f3n del MECIP y compromisos de implementaci\u00f3n VerArchivo<\/p>\n","protected":false},"author":1,"featured_media":0,"parent":0,"menu_order":0,"comment_status":"closed","ping_status":"closed","template":"page-nosidebar.php","meta":{"footnotes":""},"class_list":["post-102","page","type-page","status-publish","hentry"],"_links":{"self":[{"href":"https:\/\/ffmm.mil.py\/digetic\/wp-json\/wp\/v2\/pages\/102","targetHints":{"allow":["GET"]}}],"collection":[{"href":"https:\/\/ffmm.mil.py\/digetic\/wp-json\/wp\/v2\/pages"}],"about":[{"href":"https:\/\/ffmm.mil.py\/digetic\/wp-json\/wp\/v2\/types\/page"}],"author":[{"embeddable":true,"href":"https:\/\/ffmm.mil.py\/digetic\/wp-json\/wp\/v2\/users\/1"}],"replies":[{"embeddable":true,"href":"https:\/\/ffmm.mil.py\/digetic\/wp-json\/wp\/v2\/comments?post=102"}],"version-history":[{"count":1,"href":"https:\/\/ffmm.mil.py\/digetic\/wp-json\/wp\/v2\/pages\/102\/revisions"}],"predecessor-version":[{"id":103,"href":"https:\/\/ffmm.mil.py\/digetic\/wp-json\/wp\/v2\/pages\/102\/revisions\/103"}],"wp:attachment":[{"href":"https:\/\/ffmm.mil.py\/digetic\/wp-json\/wp\/v2\/media?parent=102"}],"curies":[{"name":"wp","href":"https:\/\/api.w.org\/{rel}","templated":true}]}}