{"id":17,"date":"2025-06-30T15:50:08","date_gmt":"2025-06-30T13:50:08","guid":{"rendered":"https:\/\/migracion.ffmm.mil.py\/digetic\/?page_id=17"},"modified":"2025-06-30T18:19:06","modified_gmt":"2025-06-30T16:19:06","slug":"quienes-somos","status":"publish","type":"page","link":"https:\/\/ffmm.mil.py\/digetic\/quienes-somos\/","title":{"rendered":"Quienes somos"},"content":{"rendered":"\n<p><\/p>\n\n\n\n<blockquote class=\"wp-block-quote is-layout-flow wp-block-quote-is-layout-flow\">\n<p><strong>OBJETIVO<\/strong><\/p>\n\n\n\n<ol class=\"wp-block-list\">\n<li><\/li>\n<\/ol>\n\n\n\n<p>Crear y dise\u00f1ar proyectos en materia de tecnolog\u00eda de la informaci\u00f3n y comunicaci\u00f3n; planificar, coordinar, administrar, innovar y evaluar el desarrollo de estas iniciativas, estrategias y acciones a fin de lograr un desarrollo tecnol\u00f3gico ordenado, integral, eficiente y acorde a las necesidades de las Fuerzas Militares, que contribuya al cumplimiento de las metas y objetivos institucionales.<\/p>\n\n\n\n<ul class=\"wp-block-list\">\n<li><strong>MISI\u00d3N<\/strong><\/li>\n<\/ul>\n\n\n\n<p>Proporcionar apoyo en materia de Tecnolog\u00eda de Informaci\u00f3n y Comunicaciones (en adelante TICs) a las Fuerzas Armadas de la Naci\u00f3n, a trav\u00e9s de la capacitaci\u00f3n, planificaci\u00f3n, orientaci\u00f3n y elaboraci\u00f3n de proyectos para la implementaci\u00f3n de sistemas para la gesti\u00f3n de comunicaci\u00f3n propia; Adem\u00e1s, buscar la integraci\u00f3n al sistema de TICs establecido por el&nbsp; Estado Paraguayo, especialmente con los \u00f3rganos de gesti\u00f3n p\u00fablica, tanto para fines administrativos como operativos, en situaciones normales o de crisis. Como as\u00ed mismo, la implementaci\u00f3n de acciones y previsiones para la seguridad de TICs y Ciberseguridad.<\/p>\n\n\n\n<ul class=\"wp-block-list\">\n<li><strong>VISI\u00d3N<\/strong><\/li>\n<\/ul>\n\n\n\n<p>Ser una Direcci\u00f3n Proactiva, innovadora, moderna, din\u00e1mica y vers\u00e1til, capaz de incidir en el tr\u00e1fico de informaci\u00f3n emitida y recibida en el Ciber espacio; a fin de cooperar en el cumplimiento de su misi\u00f3n institucional a trav\u00e9s del Comando Electr\u00f3nico, de las Fuerzas Armadas. Influenciar en el flujo de informaci\u00f3n en voz; imagen&nbsp; y datos para la seguridad, tanto en tiempo de paz como de crisis; capaz de integrar los Sistemas de Comunicaciones de las FFAA, para el flujo de informaci\u00f3n de inteligencia, en operaciones militares conjuntas y combinadas; constituirse verdaderamente en un factor multiplicador del poder de combate y cooperador en el desarrollo nacional; contar con recursos humanos preparados, entrenados y adiestrados&nbsp; acorde a la tecnolog\u00eda m\u00e1s moderna; que est\u00e9n dotados de las virtudes militares, valores \u00e9ticos y morales, propios de un militar.&nbsp;&nbsp;<\/p>\n<\/blockquote>\n","protected":false},"excerpt":{"rendered":"","protected":false},"author":1,"featured_media":0,"parent":0,"menu_order":0,"comment_status":"closed","ping_status":"closed","template":"page-nosidebar.php","meta":{"footnotes":""},"class_list":["post-17","page","type-page","status-publish","hentry"],"_links":{"self":[{"href":"https:\/\/ffmm.mil.py\/digetic\/wp-json\/wp\/v2\/pages\/17","targetHints":{"allow":["GET"]}}],"collection":[{"href":"https:\/\/ffmm.mil.py\/digetic\/wp-json\/wp\/v2\/pages"}],"about":[{"href":"https:\/\/ffmm.mil.py\/digetic\/wp-json\/wp\/v2\/types\/page"}],"author":[{"embeddable":true,"href":"https:\/\/ffmm.mil.py\/digetic\/wp-json\/wp\/v2\/users\/1"}],"replies":[{"embeddable":true,"href":"https:\/\/ffmm.mil.py\/digetic\/wp-json\/wp\/v2\/comments?post=17"}],"version-history":[{"count":3,"href":"https:\/\/ffmm.mil.py\/digetic\/wp-json\/wp\/v2\/pages\/17\/revisions"}],"predecessor-version":[{"id":106,"href":"https:\/\/ffmm.mil.py\/digetic\/wp-json\/wp\/v2\/pages\/17\/revisions\/106"}],"wp:attachment":[{"href":"https:\/\/ffmm.mil.py\/digetic\/wp-json\/wp\/v2\/media?parent=17"}],"curies":[{"name":"wp","href":"https:\/\/api.w.org\/{rel}","templated":true}]}}