{"id":37,"date":"2025-06-30T16:10:46","date_gmt":"2025-06-30T14:10:46","guid":{"rendered":"https:\/\/migracion.ffmm.mil.py\/digetic\/?page_id=37"},"modified":"2025-06-30T18:16:41","modified_gmt":"2025-06-30T16:16:41","slug":"mecip","status":"publish","type":"page","link":"https:\/\/ffmm.mil.py\/digetic\/mecip\/","title":{"rendered":"MECIP"},"content":{"rendered":"\n<div class=\"wp-block-columns is-layout-flex wp-container-core-columns-is-layout-28f84493 wp-block-columns-is-layout-flex\">\n<div class=\"wp-block-column is-layout-flow wp-block-column-is-layout-flow\">\n<p><strong>AMBIENTE DE CONTROL<\/strong><br>\u2013&nbsp; &nbsp; Compromisos de la Alta Direcci\u00f3n<br>\u2013&nbsp; &nbsp; Acuerdos y Compromisos \u00c9ticos<br>\u2013&nbsp; &nbsp; Protocolo de Buen Gobierno<br>\u2013&nbsp; &nbsp; Pol\u00edtica de gesti\u00f3n del Talento Humano.<\/p>\n\n\n\n<p><strong>CONTROL DE PLANIFICACION<\/strong><\/p>\n\n\n\n<p>\u2013&nbsp; &nbsp;Direccionamiento estrat\u00e9gico<br>\u2013&nbsp; &nbsp;Gesti\u00f3n por Procesos<br>\u2013&nbsp; &nbsp;Estructura organizacional<br>\u2013&nbsp; &nbsp;Identificaci\u00f3n y evaluaci\u00f3n de riesgos<\/p>\n\n\n\n<p><strong>CONTROL DE LA IMPLEMENTACI\u00d3N<\/strong><br>\u2013&nbsp; &nbsp;Control operacional<br>\u2013&nbsp; &nbsp;Competencia, formaci\u00f3n y toma de conciencia<br>\u2013&nbsp; &nbsp;Gesti\u00f3n de la informaci\u00f3n<br>\u2013&nbsp; &nbsp;Comunicaci\u00f3n<\/p>\n\n\n\n<p><strong>CONTROL DE LA EVALUACI\u00d3N<\/strong><br>\u2013&nbsp; &nbsp;Seguimiento y medici\u00f3n del control interno<br>\u2013&nbsp; &nbsp;Auditor\u00eda Interna<\/p>\n\n\n\n<p><strong>CONTROL PARA LA MEJORA<\/strong><br>\u2013&nbsp; &nbsp;An\u00e1lisis cr\u00edtico del sistema de control interno<br>\u2013&nbsp; &nbsp;Mejora continua<\/p>\n<\/div>\n\n\n\n<div class=\"wp-block-column is-layout-flow wp-block-column-is-layout-flow\">\n<figure class=\"wp-block-image size-full\"><img decoding=\"async\" src=\"https:\/\/ffmm.mil.py\/digetic\/digetic\/wp-content\/uploads\/sites\/2\/2025\/06\/grafico_grande.png\" alt=\"\" class=\"wp-image-83\"\/><\/figure>\n<\/div>\n<\/div>\n\n\n\n<h2 class=\"wp-block-heading has-text-align-center\">MECIP<\/h2>\n\n\n\n<div class=\"wp-block-group border-start-2 border-info is-nowrap is-layout-flex wp-container-core-group-is-layout-7c048800 wp-block-group-is-layout-flex\" style=\"border-left-width:5px;min-height:70px;margin-top:var(--wp--preset--spacing--30);margin-bottom:var(--wp--preset--spacing--30)\">\n<p class=\"ms-2\">Esta norma se estructura en cinco Componentes, cada uno de ellos desplegado en una serie de Principios (requisitos) que, en algunos casos, vuelven a dividirse en Elementos que favorecen su entendimiento.<\/p>\n<\/div>\n\n\n\n<div style=\"height:25px\" aria-hidden=\"true\" class=\"wp-block-spacer\"><\/div>\n\n\n\n<div class=\"wp-block-columns are-vertically-aligned-center is-layout-flex wp-container-core-columns-is-layout-28f84493 wp-block-columns-is-layout-flex\">\n<div class=\"wp-block-column is-vertically-aligned-center is-layout-flow wp-block-column-is-layout-flow\">\n<div class=\"wp-block-buttons is-layout-flex wp-block-buttons-is-layout-flex\">\n<div class=\"wp-block-button has-custom-width wp-block-button__width-100 is-style-outline is-style-outline--1\"><a class=\"wp-block-button__link wp-element-button\" href=\"https:\/\/ffmm.mil.py\/digetic\/index.php\/compromiso-de-la-alta-direccion\/\">1 COMPROMISOS DE LA ALTA DIRECCI\u00d3N<\/a><\/div>\n<\/div>\n<\/div>\n\n\n\n<div class=\"wp-block-column is-vertically-aligned-center is-layout-flow wp-block-column-is-layout-flow\">\n<div class=\"wp-block-buttons is-layout-flex wp-block-buttons-is-layout-flex\">\n<div class=\"wp-block-button has-custom-width wp-block-button__width-100 is-style-outline is-style-outline--2\"><a class=\"wp-block-button__link wp-element-button\" href=\"https:\/\/ffmm.mil.py\/digetic\/index.php\/politica-de-control-interno\/\">1.1 POL\u00cdTICA DE CONTROL INTERNO<\/a><\/div>\n<\/div>\n<\/div>\n\n\n\n<div class=\"wp-block-column is-vertically-aligned-center is-layout-flow wp-block-column-is-layout-flow\">\n<div class=\"wp-block-buttons is-layout-flex wp-block-buttons-is-layout-flex\">\n<div class=\"wp-block-button has-custom-width wp-block-button__width-100 is-style-outline is-style-outline--3\"><a class=\"wp-block-button__link wp-element-button\" href=\"https:\/\/ffmm.mil.py\/digetic\/index.php\/acuerdos-y-compromisos-eticos-2\/\">2 ACUERDOS Y COMPROMISOS \u00c9TICOS<\/a><\/div>\n<\/div>\n<\/div>\n\n\n\n<div class=\"wp-block-column is-vertically-aligned-center is-layout-flow wp-block-column-is-layout-flow\">\n<div class=\"wp-block-buttons is-layout-flex wp-block-buttons-is-layout-flex\">\n<div class=\"wp-block-button has-custom-width wp-block-button__width-100 is-style-outline is-style-outline--4\"><a class=\"wp-block-button__link wp-element-button\" href=\"https:\/\/ffmm.mil.py\/digetic\/index.php\/protocolos-de-buen-gobierno\/\">3 PROTOCOLO DE BUEN GOBIERNO<\/a><\/div>\n<\/div>\n<\/div>\n<\/div>\n\n\n\n<div class=\"wp-block-columns are-vertically-aligned-center is-layout-flex wp-container-core-columns-is-layout-28f84493 wp-block-columns-is-layout-flex\">\n<div class=\"wp-block-column is-vertically-aligned-center is-layout-flow wp-block-column-is-layout-flow\">\n<div class=\"wp-block-buttons is-layout-flex wp-block-buttons-is-layout-flex\">\n<div class=\"wp-block-button has-custom-width wp-block-button__width-100 is-style-outline is-style-outline--5\"><a class=\"wp-block-button__link wp-element-button\" href=\"https:\/\/ffmm.mil.py\/digetic\/index.php\/politicas-de-talento-humano\/\">4 POL\u00cdTICA DE TALENTO HUMANO<\/a><\/div>\n<\/div>\n<\/div>\n\n\n\n<div class=\"wp-block-column is-vertically-aligned-center is-layout-flow wp-block-column-is-layout-flow\">\n<div class=\"wp-block-buttons is-layout-flex wp-block-buttons-is-layout-flex\">\n<div class=\"wp-block-button has-custom-width wp-block-button__width-100 is-style-outline is-style-outline--6\"><a class=\"wp-block-button__link wp-element-button\" href=\"https:\/\/ffmm.mil.py\/digetic\/index.php\/direccionamiento-estrategico\/\">5 DIRECCIONAMIENTO ESTRAT\u00c9GICO<\/a><\/div>\n<\/div>\n<\/div>\n\n\n\n<div class=\"wp-block-column is-vertically-aligned-center is-layout-flow wp-block-column-is-layout-flow\">\n<div class=\"wp-block-buttons is-layout-flex wp-block-buttons-is-layout-flex\">\n<div class=\"wp-block-button has-custom-width wp-block-button__width-100 is-style-outline is-style-outline--7\"><a class=\"wp-block-button__link wp-element-button\" href=\"https:\/\/ffmm.mil.py\/digetic\/index.php\/gestion-por-procesos\/\">6 GESTI\u00d3N POR PROCESOS<\/a><\/div>\n<\/div>\n<\/div>\n\n\n\n<div class=\"wp-block-column is-vertically-aligned-center is-layout-flow wp-block-column-is-layout-flow\">\n<div class=\"wp-block-buttons is-layout-flex wp-block-buttons-is-layout-flex\">\n<div class=\"wp-block-button has-custom-width wp-block-button__width-100 is-style-outline is-style-outline--8\"><a class=\"wp-block-button__link wp-element-button\" href=\"https:\/\/ffmm.mil.py\/digetic\/index.php\/estructura-organizacional\/\">7 ESTRUCTURA ORGANIZACIONAL<\/a><\/div>\n<\/div>\n<\/div>\n<\/div>\n\n\n\n<div class=\"wp-block-columns are-vertically-aligned-center is-layout-flex wp-container-core-columns-is-layout-28f84493 wp-block-columns-is-layout-flex\">\n<div class=\"wp-block-column is-vertically-aligned-center is-layout-flow wp-block-column-is-layout-flow\">\n<div class=\"wp-block-buttons is-layout-flex wp-block-buttons-is-layout-flex\">\n<div class=\"wp-block-button has-custom-width wp-block-button__width-100 is-style-outline is-style-outline--9\"><a class=\"wp-block-button__link wp-element-button\" href=\"https:\/\/ffmm.mil.py\/digetic\/index.php\/identificacion-y-evaluacion-de-riesgos\/\">8 IDENTIFICACI\u00d3N Y EVALUACI\u00d3N DE RIESGOS<\/a><\/div>\n<\/div>\n<\/div>\n\n\n\n<div class=\"wp-block-column is-vertically-aligned-center is-layout-flow wp-block-column-is-layout-flow\">\n<div class=\"wp-block-buttons is-layout-flex wp-block-buttons-is-layout-flex\">\n<div class=\"wp-block-button has-custom-width wp-block-button__width-100 is-style-outline is-style-outline--10\"><a class=\"wp-block-button__link wp-element-button\" href=\"https:\/\/ffmm.mil.py\/digetic\/index.php\/control-operacional\/\">9 CONTROL OPERACIONAL<\/a><\/div>\n<\/div>\n<\/div>\n\n\n\n<div class=\"wp-block-column is-vertically-aligned-center is-layout-flow wp-block-column-is-layout-flow\">\n<div class=\"wp-block-buttons is-layout-flex wp-block-buttons-is-layout-flex\">\n<div class=\"wp-block-button has-custom-width wp-block-button__width-100 is-style-outline is-style-outline--11\"><a class=\"wp-block-button__link wp-element-button\" href=\"https:\/\/ffmm.mil.py\/digetic\/index.php\/competencia-formacion-y-toma-de-conciencia\/\">10 COMPETENCIA, FORMACI\u00d3N Y TOMA DE CONCIENCIA<\/a><\/div>\n<\/div>\n<\/div>\n\n\n\n<div class=\"wp-block-column is-vertically-aligned-center is-layout-flow wp-block-column-is-layout-flow\">\n<div class=\"wp-block-buttons is-layout-flex wp-block-buttons-is-layout-flex\">\n<div class=\"wp-block-button has-custom-width wp-block-button__width-100 is-style-outline is-style-outline--12\"><a class=\"wp-block-button__link wp-element-button\" href=\"https:\/\/ffmm.mil.py\/digetic\/index.php\/gestion-de-la-informacion\/\">11 GESTI\u00d3N DE LA INFORMACI\u00d3N<\/a><\/div>\n<\/div>\n<\/div>\n<\/div>\n\n\n\n<div class=\"wp-block-columns are-vertically-aligned-center is-layout-flex wp-container-core-columns-is-layout-28f84493 wp-block-columns-is-layout-flex\">\n<div class=\"wp-block-column is-vertically-aligned-center is-layout-flow wp-block-column-is-layout-flow\">\n<div class=\"wp-block-buttons is-layout-flex wp-block-buttons-is-layout-flex\">\n<div class=\"wp-block-button has-custom-width wp-block-button__width-100 is-style-outline is-style-outline--13\"><a class=\"wp-block-button__link wp-element-button\" href=\"https:\/\/ffmm.mil.py\/digetic\/index.php\/comunicacion\/\">12 COMUNICACI\u00d3N<\/a><\/div>\n<\/div>\n<\/div>\n\n\n\n<div class=\"wp-block-column is-vertically-aligned-center is-layout-flow wp-block-column-is-layout-flow\">\n<div class=\"wp-block-buttons is-layout-flex wp-block-buttons-is-layout-flex\">\n<div class=\"wp-block-button has-custom-width wp-block-button__width-100 is-style-outline is-style-outline--14\"><a class=\"wp-block-button__link wp-element-button\" href=\"https:\/\/ffmm.mil.py\/digetic\/index.php\/seguimiento-y-medicion-del-control-interno\/\">13 SEGUIMIENTO Y MEDICI\u00d3N DEL CONTROL INTERNO<\/a><\/div>\n<\/div>\n<\/div>\n\n\n\n<div class=\"wp-block-column is-vertically-aligned-center is-layout-flow wp-block-column-is-layout-flow\">\n<div class=\"wp-block-buttons is-layout-flex wp-block-buttons-is-layout-flex\">\n<div class=\"wp-block-button has-custom-width wp-block-button__width-100 is-style-outline is-style-outline--15\"><a class=\"wp-block-button__link wp-element-button\" href=\"https:\/\/ffmm.mil.py\/digetic\/index.php\/auditoria-interna\/\">14 AUDITOR\u00cdA INTERNA<\/a><\/div>\n<\/div>\n<\/div>\n\n\n\n<div class=\"wp-block-column is-vertically-aligned-center is-layout-flow wp-block-column-is-layout-flow\">\n<div class=\"wp-block-buttons is-layout-flex wp-block-buttons-is-layout-flex\">\n<div class=\"wp-block-button has-custom-width wp-block-button__width-100 is-style-outline is-style-outline--16\"><a class=\"wp-block-button__link wp-element-button\" href=\"https:\/\/ffmm.mil.py\/digetic\/index.php\/analisis-critico-del-sci\/\">15 AN\u00c1LISIS CR\u00cdTICO DEL SCI<\/a><\/div>\n<\/div>\n<\/div>\n<\/div>\n\n\n\n<div class=\"wp-block-columns is-layout-flex wp-container-core-columns-is-layout-28f84493 wp-block-columns-is-layout-flex\">\n<div class=\"wp-block-column is-vertically-aligned-center is-layout-flow wp-block-column-is-layout-flow\">\n<div class=\"wp-block-buttons is-layout-flex wp-block-buttons-is-layout-flex\">\n<div class=\"wp-block-button has-custom-width wp-block-button__width-100 is-style-outline is-style-outline--17\"><a class=\"wp-block-button__link wp-element-button\" href=\"https:\/\/ffmm.mil.py\/digetic\/index.php\/mejora-continua\/\">16 MEJORA CONTINUA<\/a><\/div>\n<\/div>\n<\/div>\n\n\n\n<div class=\"wp-block-column is-layout-flow wp-block-column-is-layout-flow\"><\/div>\n\n\n\n<div class=\"wp-block-column is-layout-flow wp-block-column-is-layout-flow\"><\/div>\n\n\n\n<div class=\"wp-block-column is-layout-flow wp-block-column-is-layout-flow\"><\/div>\n<\/div>\n\n\n\n<p><\/p>\n","protected":false},"excerpt":{"rendered":"<p>AMBIENTE DE CONTROL\u2013&nbsp; &nbsp; Compromisos de la Alta Direcci\u00f3n\u2013&nbsp; &nbsp; Acuerdos y Compromisos \u00c9ticos\u2013&nbsp; &nbsp; Protocolo de Buen Gobierno\u2013&nbsp; &nbsp; Pol\u00edtica de gesti\u00f3n del Talento Humano. CONTROL DE PLANIFICACION \u2013&nbsp; &nbsp;Direccionamiento estrat\u00e9gico\u2013&nbsp; &nbsp;Gesti\u00f3n por Procesos\u2013&nbsp; &nbsp;Estructura organizacional\u2013&nbsp; &nbsp;Identificaci\u00f3n y evaluaci\u00f3n de riesgos CONTROL DE LA IMPLEMENTACI\u00d3N\u2013&nbsp; &nbsp;Control operacional\u2013&nbsp; &nbsp;Competencia, formaci\u00f3n y toma de conciencia\u2013&nbsp; &nbsp;Gesti\u00f3n [&hellip;]<\/p>\n","protected":false},"author":1,"featured_media":0,"parent":0,"menu_order":0,"comment_status":"closed","ping_status":"closed","template":"page-nosidebar.php","meta":{"footnotes":""},"class_list":["post-37","page","type-page","status-publish","hentry"],"_links":{"self":[{"href":"https:\/\/ffmm.mil.py\/digetic\/wp-json\/wp\/v2\/pages\/37","targetHints":{"allow":["GET"]}}],"collection":[{"href":"https:\/\/ffmm.mil.py\/digetic\/wp-json\/wp\/v2\/pages"}],"about":[{"href":"https:\/\/ffmm.mil.py\/digetic\/wp-json\/wp\/v2\/types\/page"}],"author":[{"embeddable":true,"href":"https:\/\/ffmm.mil.py\/digetic\/wp-json\/wp\/v2\/users\/1"}],"replies":[{"embeddable":true,"href":"https:\/\/ffmm.mil.py\/digetic\/wp-json\/wp\/v2\/comments?post=37"}],"version-history":[{"count":10,"href":"https:\/\/ffmm.mil.py\/digetic\/wp-json\/wp\/v2\/pages\/37\/revisions"}],"predecessor-version":[{"id":104,"href":"https:\/\/ffmm.mil.py\/digetic\/wp-json\/wp\/v2\/pages\/37\/revisions\/104"}],"wp:attachment":[{"href":"https:\/\/ffmm.mil.py\/digetic\/wp-json\/wp\/v2\/media?parent=37"}],"curies":[{"name":"wp","href":"https:\/\/api.w.org\/{rel}","templated":true}]}}