{"id":40,"date":"2025-06-30T16:11:20","date_gmt":"2025-06-30T14:11:20","guid":{"rendered":"https:\/\/migracion.ffmm.mil.py\/digetic\/?page_id=40"},"modified":"2025-06-30T17:56:54","modified_gmt":"2025-06-30T15:56:54","slug":"noticias","status":"publish","type":"page","link":"https:\/\/ffmm.mil.py\/digetic\/noticias\/","title":{"rendered":"Noticias"},"content":{"rendered":"\n<div class=\"wp-block-columns is-layout-flex wp-container-core-columns-is-layout-28f84493 wp-block-columns-is-layout-flex\">\n<div class=\"wp-block-column is-layout-flow wp-block-column-is-layout-flow\"><form role=\"search\" method=\"get\" action=\"https:\/\/ffmm.mil.py\/digetic\/\" class=\"wp-block-search__button-inside wp-block-search__icon-button search-home-2 wp-block-search\"    ><label class=\"wp-block-search__label screen-reader-text\" for=\"wp-block-search__input-1\" >Buscar<\/label><div class=\"wp-block-search__inside-wrapper has-border-color\"  style=\"border-color: #E2E2E2;border-radius: calc(50px + 4px)\"><input class=\"wp-block-search__input has-normal-font-size\" id=\"wp-block-search__input-1\" placeholder=\"Buscar en el sitio...\" value=\"\" type=\"search\" name=\"s\" required  style=\"border-radius: 50px\"\/><button aria-label=\"Buscar\" class=\"wp-block-search__button has-normal-font-size has-icon wp-element-button\" type=\"submit\"  style=\"border-radius: 50px\"><svg class=\"search-icon\" viewBox=\"0 0 24 24\" width=\"24\" height=\"24\">\n\t\t\t\t\t<path d=\"M13 5c-3.3 0-6 2.7-6 6 0 1.4.5 2.7 1.3 3.7l-3.8 3.8 1.1 1.1 3.8-3.8c1 .8 2.3 1.3 3.7 1.3 3.3 0 6-2.7 6-6S16.3 5 13 5zm0 10.5c-2.5 0-4.5-2-4.5-4.5s2-4.5 4.5-4.5 4.5 2 4.5 4.5-2 4.5-4.5 4.5z\"><\/path>\n\t\t\t\t<\/svg><\/button><\/div><\/form><\/div>\n<\/div>\n\n\n\n<div style=\"height:10px\" aria-hidden=\"true\" class=\"wp-block-spacer\"><\/div>\n\n\n<div class=\"wp-block-query blog-home blog-columns is-layout-flow wp-block-query-is-layout-flow\"><div class=\"wp-block-columns alignwide is-layout-flex news-item\"><div class=\"wp-block-column wp-block-post-featured-image\"><a href=\"https:\/\/ffmm.mil.py\/digetic\/2025\/06\/30\/vulnerabilidades-corregidas-en-nessus-network-monitor\/\"><img fetchpriority=\"high\" decoding=\"async\" width=\"678\" height=\"381\" src=\"https:\/\/ffmm.mil.py\/digetic\/wp-content\/uploads\/sites\/2\/2025\/06\/Nessus.webp\" class=\"attachment-large size-large wp-post-image wp-post-image\" alt=\"\" srcset=\"https:\/\/ffmm.mil.py\/digetic\/wp-content\/uploads\/sites\/2\/2025\/06\/Nessus.webp 678w, https:\/\/ffmm.mil.py\/digetic\/wp-content\/uploads\/sites\/2\/2025\/06\/Nessus-300x169.webp 300w\" sizes=\"(max-width: 678px) 100vw, 678px\" \/><\/a><\/div><div class=\"wp-block-column\"><h2 class=\"wp-block-post-title\"><a href=\"https:\/\/ffmm.mil.py\/digetic\/2025\/06\/30\/vulnerabilidades-corregidas-en-nessus-network-monitor\/\">Vulnerabilidades corregidas en Nessus Network Monitor<\/a><\/h2><p class=\"post-date my-2\">30 de junio de 2025<\/p><div class=\"wp-block-post-excerpt\">Tenable ha publicado actualizaciones de seguridad que abordan m\u00faltiples vulnerabilidades en el analizador de tr\u00e1fico Nessus Network Monitor. Estas vulnerabilidades, si se...<\/div><\/div><\/div><div class=\"wp-block-columns alignwide is-layout-flex news-item\"><div class=\"wp-block-column wp-block-post-featured-image\"><a href=\"https:\/\/ffmm.mil.py\/digetic\/2025\/06\/30\/vulnerabilidad-de-los-servicios-de-escritorio-remoto-de-windows\/\"><img decoding=\"async\" width=\"311\" height=\"162\" src=\"https:\/\/ffmm.mil.py\/digetic\/wp-content\/uploads\/sites\/2\/2025\/06\/image.png\" class=\"attachment-large size-large wp-post-image wp-post-image\" alt=\"\" srcset=\"https:\/\/ffmm.mil.py\/digetic\/wp-content\/uploads\/sites\/2\/2025\/06\/image.png 311w, https:\/\/ffmm.mil.py\/digetic\/wp-content\/uploads\/sites\/2\/2025\/06\/image-300x156.png 300w\" sizes=\"(max-width: 311px) 100vw, 311px\" \/><\/a><\/div><div class=\"wp-block-column\"><h2 class=\"wp-block-post-title\"><a href=\"https:\/\/ffmm.mil.py\/digetic\/2025\/06\/30\/vulnerabilidad-de-los-servicios-de-escritorio-remoto-de-windows\/\">Vulnerabilidad de los servicios de Escritorio Remoto de Windows<\/a><\/h2><p class=\"post-date my-2\">30 de junio de 2025<\/p><div class=\"wp-block-post-excerpt\">Una vulnerabilidad de seguridad alta en los servicios de Escritorio Remoto de Windows podr\u00eda permitir a actores maliciosos no autorizados ejecutar c\u00f3digo...<\/div><\/div><\/div><div class=\"wp-block-columns alignwide is-layout-flex news-item\"><div class=\"wp-block-column wp-block-post-featured-image\"><a href=\"https:\/\/ffmm.mil.py\/digetic\/2025\/06\/30\/vulnerabilidades-corregidas-en-los-productos-de-trend-micro\/\"><img decoding=\"async\" width=\"678\" height=\"381\" src=\"https:\/\/ffmm.mil.py\/digetic\/wp-content\/uploads\/sites\/2\/2025\/06\/trend_micro.webp\" class=\"attachment-large size-large wp-post-image wp-post-image\" alt=\"\" srcset=\"https:\/\/ffmm.mil.py\/digetic\/wp-content\/uploads\/sites\/2\/2025\/06\/trend_micro.webp 678w, https:\/\/ffmm.mil.py\/digetic\/wp-content\/uploads\/sites\/2\/2025\/06\/trend_micro-300x169.webp 300w\" sizes=\"(max-width: 678px) 100vw, 678px\" \/><\/a><\/div><div class=\"wp-block-column\"><h2 class=\"wp-block-post-title\"><a href=\"https:\/\/ffmm.mil.py\/digetic\/2025\/06\/30\/vulnerabilidades-corregidas-en-los-productos-de-trend-micro\/\">Vulnerabilidades corregidas en los productos de Trend Micro<\/a><\/h2><p class=\"post-date my-2\">30 de junio de 2025<\/p><div class=\"wp-block-post-excerpt\">Se abordaron m\u00faltiples vulnerabilidades de seguridad que afectaban a los productos Trend Micro. Estas podr\u00edan permitir&nbsp;escritura de archivo arbitraria, omisi\u00f3n de autenticaci\u00f3n,...<\/div><\/div><\/div><\/div>\n","protected":false},"excerpt":{"rendered":"","protected":false},"author":1,"featured_media":0,"parent":0,"menu_order":0,"comment_status":"closed","ping_status":"closed","template":"page-nosidebar.php","meta":{"footnotes":""},"class_list":["post-40","page","type-page","status-publish","hentry"],"_links":{"self":[{"href":"https:\/\/ffmm.mil.py\/digetic\/wp-json\/wp\/v2\/pages\/40","targetHints":{"allow":["GET"]}}],"collection":[{"href":"https:\/\/ffmm.mil.py\/digetic\/wp-json\/wp\/v2\/pages"}],"about":[{"href":"https:\/\/ffmm.mil.py\/digetic\/wp-json\/wp\/v2\/types\/page"}],"author":[{"embeddable":true,"href":"https:\/\/ffmm.mil.py\/digetic\/wp-json\/wp\/v2\/users\/1"}],"replies":[{"embeddable":true,"href":"https:\/\/ffmm.mil.py\/digetic\/wp-json\/wp\/v2\/comments?post=40"}],"version-history":[{"count":8,"href":"https:\/\/ffmm.mil.py\/digetic\/wp-json\/wp\/v2\/pages\/40\/revisions"}],"predecessor-version":[{"id":94,"href":"https:\/\/ffmm.mil.py\/digetic\/wp-json\/wp\/v2\/pages\/40\/revisions\/94"}],"wp:attachment":[{"href":"https:\/\/ffmm.mil.py\/digetic\/wp-json\/wp\/v2\/media?parent=40"}],"curies":[{"name":"wp","href":"https:\/\/api.w.org\/{rel}","templated":true}]}}