{"id":7,"date":"2025-06-30T15:44:55","date_gmt":"2025-06-30T13:44:55","guid":{"rendered":"https:\/\/migracion.ffmm.mil.py\/digetic\/?page_id=7"},"modified":"2025-07-21T20:10:27","modified_gmt":"2025-07-21T18:10:27","slug":"inicio","status":"publish","type":"page","link":"https:\/\/ffmm.mil.py\/digetic\/","title":{"rendered":"INICIO v5"},"content":{"rendered":"<div class=\"wp-block-image\">\n<figure class=\"aligncenter size-full\"><img fetchpriority=\"high\" decoding=\"async\" width=\"1024\" height=\"384\" src=\"https:\/\/ffmm.mil.py\/digetic\/digetic\/wp-content\/uploads\/sites\/2\/2025\/07\/estrategiaciber-1024x384-1.png\" alt=\"\" class=\"wp-image-110\" srcset=\"https:\/\/ffmm.mil.py\/digetic\/wp-content\/uploads\/sites\/2\/2025\/07\/estrategiaciber-1024x384-1.png 1024w, https:\/\/ffmm.mil.py\/digetic\/wp-content\/uploads\/sites\/2\/2025\/07\/estrategiaciber-1024x384-1-300x113.png 300w, https:\/\/ffmm.mil.py\/digetic\/wp-content\/uploads\/sites\/2\/2025\/07\/estrategiaciber-1024x384-1-768x288.png 768w\" sizes=\"(max-width: 1024px) 100vw, 1024px\" \/><\/figure>\n<\/div>\n\n\n<div class=\"wp-block-columns is-layout-flex wp-container-core-columns-is-layout-28f84493 wp-block-columns-is-layout-flex\">\n<div class=\"wp-block-column is-layout-flow wp-block-column-is-layout-flow\">\n<figure class=\"wp-block-image size-full\"><img decoding=\"async\" width=\"400\" height=\"200\" src=\"https:\/\/ffmm.mil.py\/digetic\/digetic\/wp-content\/uploads\/sites\/2\/2025\/07\/LINEAMIENTOS_TIC.png\" alt=\"\" class=\"wp-image-112\" srcset=\"https:\/\/ffmm.mil.py\/digetic\/wp-content\/uploads\/sites\/2\/2025\/07\/LINEAMIENTOS_TIC.png 400w, https:\/\/ffmm.mil.py\/digetic\/wp-content\/uploads\/sites\/2\/2025\/07\/LINEAMIENTOS_TIC-300x150.png 300w\" sizes=\"(max-width: 400px) 100vw, 400px\" \/><\/figure>\n<\/div>\n\n\n\n<div class=\"wp-block-column is-layout-flow wp-block-column-is-layout-flow\">\n<figure class=\"wp-block-image size-full\"><img decoding=\"async\" width=\"400\" height=\"200\" src=\"https:\/\/ffmm.mil.py\/digetic\/digetic\/wp-content\/uploads\/sites\/2\/2025\/07\/c_Guia_de_contenidos_para_el_Plan_Anual_Institucional.jpg\" alt=\"\" class=\"wp-image-114\" srcset=\"https:\/\/ffmm.mil.py\/digetic\/wp-content\/uploads\/sites\/2\/2025\/07\/c_Guia_de_contenidos_para_el_Plan_Anual_Institucional.jpg 400w, https:\/\/ffmm.mil.py\/digetic\/wp-content\/uploads\/sites\/2\/2025\/07\/c_Guia_de_contenidos_para_el_Plan_Anual_Institucional-300x150.jpg 300w\" sizes=\"(max-width: 400px) 100vw, 400px\" \/><\/figure>\n<\/div>\n\n\n\n<div class=\"wp-block-column is-layout-flow wp-block-column-is-layout-flow\">\n<figure class=\"wp-block-image size-full\"><img loading=\"lazy\" decoding=\"async\" width=\"400\" height=\"200\" src=\"https:\/\/ffmm.mil.py\/digetic\/digetic\/wp-content\/uploads\/sites\/2\/2025\/07\/a_norma_de_gobierno.jpg\" alt=\"\" class=\"wp-image-115\" srcset=\"https:\/\/ffmm.mil.py\/digetic\/wp-content\/uploads\/sites\/2\/2025\/07\/a_norma_de_gobierno.jpg 400w, https:\/\/ffmm.mil.py\/digetic\/wp-content\/uploads\/sites\/2\/2025\/07\/a_norma_de_gobierno-300x150.jpg 300w\" sizes=\"(max-width: 400px) 100vw, 400px\" \/><\/figure>\n<\/div>\n<\/div>\n\n\n\n<div class=\"wp-block-columns is-layout-flex wp-container-core-columns-is-layout-28f84493 wp-block-columns-is-layout-flex\">\n<div class=\"wp-block-column is-layout-flow wp-block-column-is-layout-flow\">\n<figure class=\"wp-block-image size-full\"><img loading=\"lazy\" decoding=\"async\" width=\"400\" height=\"200\" src=\"https:\/\/ffmm.mil.py\/digetic\/digetic\/wp-content\/uploads\/sites\/2\/2025\/07\/4_CERT-PY.jpg\" alt=\"\" class=\"wp-image-116\" srcset=\"https:\/\/ffmm.mil.py\/digetic\/wp-content\/uploads\/sites\/2\/2025\/07\/4_CERT-PY.jpg 400w, https:\/\/ffmm.mil.py\/digetic\/wp-content\/uploads\/sites\/2\/2025\/07\/4_CERT-PY-300x150.jpg 300w\" sizes=\"(max-width: 400px) 100vw, 400px\" \/><\/figure>\n<\/div>\n\n\n\n<div class=\"wp-block-column is-layout-flow wp-block-column-is-layout-flow\">\n<figure class=\"wp-block-image size-full\"><img loading=\"lazy\" decoding=\"async\" width=\"400\" height=\"200\" src=\"https:\/\/ffmm.mil.py\/digetic\/digetic\/wp-content\/uploads\/sites\/2\/2025\/07\/2_Cursos_Gratuitos.png\" alt=\"\" class=\"wp-image-117\" srcset=\"https:\/\/ffmm.mil.py\/digetic\/wp-content\/uploads\/sites\/2\/2025\/07\/2_Cursos_Gratuitos.png 400w, https:\/\/ffmm.mil.py\/digetic\/wp-content\/uploads\/sites\/2\/2025\/07\/2_Cursos_Gratuitos-300x150.png 300w\" sizes=\"(max-width: 400px) 100vw, 400px\" \/><\/figure>\n<\/div>\n\n\n\n<div class=\"wp-block-column is-layout-flow wp-block-column-is-layout-flow\">\n<figure class=\"wp-block-image size-full\"><img loading=\"lazy\" decoding=\"async\" width=\"400\" height=\"200\" src=\"https:\/\/ffmm.mil.py\/digetic\/digetic\/wp-content\/uploads\/sites\/2\/2025\/07\/b_Guia_de_Redes_sociales.jpg\" alt=\"\" class=\"wp-image-118\" srcset=\"https:\/\/ffmm.mil.py\/digetic\/wp-content\/uploads\/sites\/2\/2025\/07\/b_Guia_de_Redes_sociales.jpg 400w, https:\/\/ffmm.mil.py\/digetic\/wp-content\/uploads\/sites\/2\/2025\/07\/b_Guia_de_Redes_sociales-300x150.jpg 300w\" sizes=\"(max-width: 400px) 100vw, 400px\" \/><\/figure>\n<\/div>\n<\/div>\n\n\n<div class=\"wp-block-query blog-home blog-columns is-layout-flow wp-block-query-is-layout-flow\"><div class=\"wp-block-columns alignwide is-layout-flex news-item\"><div class=\"wp-block-column wp-block-post-featured-image\"><a href=\"https:\/\/ffmm.mil.py\/digetic\/2025\/06\/30\/vulnerabilidades-corregidas-en-nessus-network-monitor\/\"><img loading=\"lazy\" decoding=\"async\" width=\"678\" height=\"381\" src=\"https:\/\/ffmm.mil.py\/digetic\/wp-content\/uploads\/sites\/2\/2025\/06\/Nessus.webp\" class=\"attachment-large size-large wp-post-image wp-post-image\" alt=\"\" srcset=\"https:\/\/ffmm.mil.py\/digetic\/wp-content\/uploads\/sites\/2\/2025\/06\/Nessus.webp 678w, https:\/\/ffmm.mil.py\/digetic\/wp-content\/uploads\/sites\/2\/2025\/06\/Nessus-300x169.webp 300w\" sizes=\"(max-width: 678px) 100vw, 678px\" \/><\/a><\/div><div class=\"wp-block-column\"><h2 class=\"wp-block-post-title\"><a href=\"https:\/\/ffmm.mil.py\/digetic\/2025\/06\/30\/vulnerabilidades-corregidas-en-nessus-network-monitor\/\">Vulnerabilidades corregidas en Nessus Network Monitor<\/a><\/h2><p class=\"post-date my-2\">30 de junio de 2025<\/p><div class=\"wp-block-post-excerpt\">Tenable ha publicado actualizaciones de seguridad que abordan m\u00faltiples vulnerabilidades en el analizador de tr\u00e1fico Nessus Network Monitor. Estas vulnerabilidades, si se...<\/div><\/div><\/div><div class=\"wp-block-columns alignwide is-layout-flex news-item\"><div class=\"wp-block-column wp-block-post-featured-image\"><a href=\"https:\/\/ffmm.mil.py\/digetic\/2025\/06\/30\/vulnerabilidad-de-los-servicios-de-escritorio-remoto-de-windows\/\"><img loading=\"lazy\" decoding=\"async\" width=\"311\" height=\"162\" src=\"https:\/\/ffmm.mil.py\/digetic\/wp-content\/uploads\/sites\/2\/2025\/06\/image.png\" class=\"attachment-large size-large wp-post-image wp-post-image\" alt=\"\" srcset=\"https:\/\/ffmm.mil.py\/digetic\/wp-content\/uploads\/sites\/2\/2025\/06\/image.png 311w, https:\/\/ffmm.mil.py\/digetic\/wp-content\/uploads\/sites\/2\/2025\/06\/image-300x156.png 300w\" sizes=\"(max-width: 311px) 100vw, 311px\" \/><\/a><\/div><div class=\"wp-block-column\"><h2 class=\"wp-block-post-title\"><a href=\"https:\/\/ffmm.mil.py\/digetic\/2025\/06\/30\/vulnerabilidad-de-los-servicios-de-escritorio-remoto-de-windows\/\">Vulnerabilidad de los servicios de Escritorio Remoto de Windows<\/a><\/h2><p class=\"post-date my-2\">30 de junio de 2025<\/p><div class=\"wp-block-post-excerpt\">Una vulnerabilidad de seguridad alta en los servicios de Escritorio Remoto de Windows podr\u00eda permitir a actores maliciosos no autorizados ejecutar c\u00f3digo...<\/div><\/div><\/div><div class=\"wp-block-columns alignwide is-layout-flex news-item\"><div class=\"wp-block-column wp-block-post-featured-image\"><a href=\"https:\/\/ffmm.mil.py\/digetic\/2025\/06\/30\/vulnerabilidades-corregidas-en-los-productos-de-trend-micro\/\"><img loading=\"lazy\" decoding=\"async\" width=\"678\" height=\"381\" src=\"https:\/\/ffmm.mil.py\/digetic\/wp-content\/uploads\/sites\/2\/2025\/06\/trend_micro.webp\" class=\"attachment-large size-large wp-post-image wp-post-image\" alt=\"\" srcset=\"https:\/\/ffmm.mil.py\/digetic\/wp-content\/uploads\/sites\/2\/2025\/06\/trend_micro.webp 678w, https:\/\/ffmm.mil.py\/digetic\/wp-content\/uploads\/sites\/2\/2025\/06\/trend_micro-300x169.webp 300w\" sizes=\"(max-width: 678px) 100vw, 678px\" \/><\/a><\/div><div class=\"wp-block-column\"><h2 class=\"wp-block-post-title\"><a href=\"https:\/\/ffmm.mil.py\/digetic\/2025\/06\/30\/vulnerabilidades-corregidas-en-los-productos-de-trend-micro\/\">Vulnerabilidades corregidas en los productos de Trend Micro<\/a><\/h2><p class=\"post-date my-2\">30 de junio de 2025<\/p><div class=\"wp-block-post-excerpt\">Se abordaron m\u00faltiples vulnerabilidades de seguridad que afectaban a los productos Trend Micro. Estas podr\u00edan permitir&nbsp;escritura de archivo arbitraria, omisi\u00f3n de autenticaci\u00f3n,...<\/div><\/div><\/div><\/div>\n","protected":false},"excerpt":{"rendered":"","protected":false},"author":1,"featured_media":0,"parent":0,"menu_order":0,"comment_status":"closed","ping_status":"closed","template":"page-nosidebar.php","meta":{"footnotes":""},"class_list":["post-7","page","type-page","status-publish","hentry"],"_links":{"self":[{"href":"https:\/\/ffmm.mil.py\/digetic\/wp-json\/wp\/v2\/pages\/7","targetHints":{"allow":["GET"]}}],"collection":[{"href":"https:\/\/ffmm.mil.py\/digetic\/wp-json\/wp\/v2\/pages"}],"about":[{"href":"https:\/\/ffmm.mil.py\/digetic\/wp-json\/wp\/v2\/types\/page"}],"author":[{"embeddable":true,"href":"https:\/\/ffmm.mil.py\/digetic\/wp-json\/wp\/v2\/users\/1"}],"replies":[{"embeddable":true,"href":"https:\/\/ffmm.mil.py\/digetic\/wp-json\/wp\/v2\/comments?post=7"}],"version-history":[{"count":13,"href":"https:\/\/ffmm.mil.py\/digetic\/wp-json\/wp\/v2\/pages\/7\/revisions"}],"predecessor-version":[{"id":137,"href":"https:\/\/ffmm.mil.py\/digetic\/wp-json\/wp\/v2\/pages\/7\/revisions\/137"}],"wp:attachment":[{"href":"https:\/\/ffmm.mil.py\/digetic\/wp-json\/wp\/v2\/media?parent=7"}],"curies":[{"name":"wp","href":"https:\/\/api.w.org\/{rel}","templated":true}]}}