{"id":17,"date":"2025-07-14T18:27:16","date_gmt":"2025-07-14T16:27:16","guid":{"rendered":"https:\/\/migracion.ffmm.mil.py\/disergemil\/?page_id=17"},"modified":"2025-07-14T19:48:38","modified_gmt":"2025-07-14T17:48:38","slug":"vision","status":"publish","type":"page","link":"https:\/\/ffmm.mil.py\/disergemil\/vision\/","title":{"rendered":"Visi\u00f3n"},"content":{"rendered":"\n<p class=\"fs-5\">Ser un referente Nacional en la generaci\u00f3n de informaci\u00f3n geogr\u00e1fica y constituir un servicio de informaci\u00f3n t\u00e9cnico permanente en todo lo que se refiere a la geograf\u00eda y cartograf\u00eda del territorio Nacional, satisfaciendo las necesidades de impresi\u00f3n cartogr\u00e1fica a nivel Nacional e Institucional.<\/p>\n","protected":false},"excerpt":{"rendered":"<p>Ser un referente Nacional en la generaci\u00f3n de informaci\u00f3n geogr\u00e1fica y constituir un servicio de informaci\u00f3n t\u00e9cnico permanente en todo lo que se refiere a la geograf\u00eda y cartograf\u00eda del territorio Nacional, satisfaciendo las necesidades de impresi\u00f3n cartogr\u00e1fica a nivel Nacional e Institucional.<\/p>\n","protected":false},"author":1,"featured_media":0,"parent":0,"menu_order":0,"comment_status":"closed","ping_status":"closed","template":"page-nosidebar.php","meta":{"footnotes":""},"class_list":["post-17","page","type-page","status-publish","hentry"],"_links":{"self":[{"href":"https:\/\/ffmm.mil.py\/disergemil\/wp-json\/wp\/v2\/pages\/17","targetHints":{"allow":["GET"]}}],"collection":[{"href":"https:\/\/ffmm.mil.py\/disergemil\/wp-json\/wp\/v2\/pages"}],"about":[{"href":"https:\/\/ffmm.mil.py\/disergemil\/wp-json\/wp\/v2\/types\/page"}],"author":[{"embeddable":true,"href":"https:\/\/ffmm.mil.py\/disergemil\/wp-json\/wp\/v2\/users\/1"}],"replies":[{"embeddable":true,"href":"https:\/\/ffmm.mil.py\/disergemil\/wp-json\/wp\/v2\/comments?post=17"}],"version-history":[{"count":2,"href":"https:\/\/ffmm.mil.py\/disergemil\/wp-json\/wp\/v2\/pages\/17\/revisions"}],"predecessor-version":[{"id":57,"href":"https:\/\/ffmm.mil.py\/disergemil\/wp-json\/wp\/v2\/pages\/17\/revisions\/57"}],"wp:attachment":[{"href":"https:\/\/ffmm.mil.py\/disergemil\/wp-json\/wp\/v2\/media?parent=17"}],"curies":[{"name":"wp","href":"https:\/\/api.w.org\/{rel}","templated":true}]}}