{"id":19,"date":"2025-07-14T18:27:32","date_gmt":"2025-07-14T16:27:32","guid":{"rendered":"https:\/\/migracion.ffmm.mil.py\/disergemil\/?page_id=19"},"modified":"2025-07-14T19:45:25","modified_gmt":"2025-07-14T17:45:25","slug":"historia","status":"publish","type":"page","link":"https:\/\/ffmm.mil.py\/disergemil\/historia\/","title":{"rendered":"Historia"},"content":{"rendered":"\n<p class=\"fs-5\">Fue creado por el\u00a0 Decreto N\u00ba 7340 del a\u00f1o 1941 que en su Art. 1\u00ba dice \u00abCr\u00e9ase el Instituto Geogr\u00e1fico Militar, dependiente del Ministerio de Guerra y Marina, que constituir\u00e1 el Organismo Oficial de representaci\u00f3n del Estado, en todo lo que concierne a la geograf\u00eda, levantamiento y confecci\u00f3n de cartas del territorio de la Rep\u00fablica\u00bb. Decreto N\u00ba 40771 de fecha 27 de julio de 1983 por el cual se denomina al Instituto Geogr\u00e1fico Militar el de Direcci\u00f3n del Servicio Geogr\u00e1fico Militar, dependiente del Comando\u00a0 Log\u00edstico y Comando en Jefe de las FFAA de la\u00a0 Naci\u00f3n.<\/p>\n","protected":false},"excerpt":{"rendered":"<p>Fue creado por el\u00a0 Decreto N\u00ba 7340 del a\u00f1o 1941 que en su Art. 1\u00ba dice \u00abCr\u00e9ase el Instituto Geogr\u00e1fico Militar, dependiente del Ministerio de Guerra y Marina, que constituir\u00e1 el Organismo Oficial de representaci\u00f3n del Estado, en todo lo que concierne a la geograf\u00eda, levantamiento y confecci\u00f3n de cartas del territorio de la Rep\u00fablica\u00bb. [&hellip;]<\/p>\n","protected":false},"author":1,"featured_media":0,"parent":0,"menu_order":0,"comment_status":"closed","ping_status":"closed","template":"page-nosidebar.php","meta":{"footnotes":""},"class_list":["post-19","page","type-page","status-publish","hentry"],"_links":{"self":[{"href":"https:\/\/ffmm.mil.py\/disergemil\/wp-json\/wp\/v2\/pages\/19","targetHints":{"allow":["GET"]}}],"collection":[{"href":"https:\/\/ffmm.mil.py\/disergemil\/wp-json\/wp\/v2\/pages"}],"about":[{"href":"https:\/\/ffmm.mil.py\/disergemil\/wp-json\/wp\/v2\/types\/page"}],"author":[{"embeddable":true,"href":"https:\/\/ffmm.mil.py\/disergemil\/wp-json\/wp\/v2\/users\/1"}],"replies":[{"embeddable":true,"href":"https:\/\/ffmm.mil.py\/disergemil\/wp-json\/wp\/v2\/comments?post=19"}],"version-history":[{"count":2,"href":"https:\/\/ffmm.mil.py\/disergemil\/wp-json\/wp\/v2\/pages\/19\/revisions"}],"predecessor-version":[{"id":58,"href":"https:\/\/ffmm.mil.py\/disergemil\/wp-json\/wp\/v2\/pages\/19\/revisions\/58"}],"wp:attachment":[{"href":"https:\/\/ffmm.mil.py\/disergemil\/wp-json\/wp\/v2\/media?parent=19"}],"curies":[{"name":"wp","href":"https:\/\/api.w.org\/{rel}","templated":true}]}}