{"id":32,"date":"2025-07-14T18:29:36","date_gmt":"2025-07-14T16:29:36","guid":{"rendered":"https:\/\/migracion.ffmm.mil.py\/disergemil\/?page_id=32"},"modified":"2025-07-24T20:32:15","modified_gmt":"2025-07-24T18:32:15","slug":"mapas","status":"publish","type":"page","link":"https:\/\/ffmm.mil.py\/disergemil\/mapas\/","title":{"rendered":"Mapas"},"content":{"rendered":"\n<div class=\"wp-block-group is-nowrap is-layout-flex wp-container-core-group-is-layout-6c531013 wp-block-group-is-layout-flex\">\n<div class=\"wp-block-group is-vertical is-content-justification-center is-layout-flex wp-container-core-group-is-layout-ce155fab wp-block-group-is-layout-flex\">\n<figure class=\"wp-block-image size-full\"><a href=\"https:\/\/ffmm.mil.py\/disergemil\/mapa-historico\/\"><img decoding=\"async\" width=\"150\" height=\"150\" src=\"https:\/\/ffmm.mil.py\/disergemil\/wp-content\/uploads\/sites\/11\/2025\/07\/Mapa_historico_A0_set_page-0001-150x150-1.jpg\" alt=\"\" class=\"wp-image-81\"\/><\/a><\/figure>\n\n\n\n<h6 class=\"wp-block-heading has-text-align-center\">MAPA HIST\u00d3RICO<\/h6>\n<\/div>\n\n\n\n<div class=\"wp-block-group is-vertical is-content-justification-center is-layout-flex wp-container-core-group-is-layout-ce155fab wp-block-group-is-layout-flex\">\n<figure class=\"wp-block-image size-full\"><a href=\"https:\/\/ffmm.mil.py\/disergemil\/mapa-de-rutas\/\"><img decoding=\"async\" width=\"150\" height=\"150\" src=\"https:\/\/ffmm.mil.py\/disergemil\/wp-content\/uploads\/sites\/11\/2025\/07\/MAPA-DE-RUTAS_1250000_EDIC_2019_page-0001-150x150-1.jpg\" alt=\"\" class=\"wp-image-82\"\/><\/a><\/figure>\n\n\n\n<h6 class=\"wp-block-heading has-text-align-center\">MAPA DE RUTAS<\/h6>\n<\/div>\n\n\n\n<div class=\"wp-block-group is-vertical is-content-justification-center is-layout-flex wp-container-core-group-is-layout-ce155fab wp-block-group-is-layout-flex\">\n<figure class=\"wp-block-image size-full\"><a href=\"https:\/\/ffmm.mil.py\/disergemil\/mapa-turistico\/\"><img decoding=\"async\" width=\"150\" height=\"150\" src=\"https:\/\/ffmm.mil.py\/disergemil\/wp-content\/uploads\/sites\/11\/2025\/07\/ASUNCION-TURISTICO_1-PD_page-0001-150x150-1.jpg\" alt=\"\" class=\"wp-image-83\"\/><\/a><\/figure>\n\n\n\n<h6 class=\"wp-block-heading has-text-align-center\">MAPA TUR\u00cdSTICO<\/h6>\n<\/div>\n\n\n\n<div class=\"wp-block-group is-vertical is-content-justification-center is-layout-flex wp-container-core-group-is-layout-ce155fab wp-block-group-is-layout-flex\">\n<figure class=\"wp-block-image size-full\"><a href=\"https:\/\/ffmm.mil.py\/disergemil\/mapa-politico\/\"><img loading=\"lazy\" decoding=\"async\" width=\"150\" height=\"150\" src=\"https:\/\/ffmm.mil.py\/disergemil\/wp-content\/uploads\/sites\/11\/2025\/07\/MAPA_PY_20180711_0020-1-150x150-1.jpg\" alt=\"\" class=\"wp-image-84\"\/><\/a><\/figure>\n\n\n\n<h6 class=\"wp-block-heading has-text-align-center\">MAPA POL\u00cdTICO<\/h6>\n<\/div>\n<\/div>\n\n\n\n<p><\/p>\n","protected":false},"excerpt":{"rendered":"<p>MAPA HIST\u00d3RICO MAPA DE RUTAS MAPA TUR\u00cdSTICO MAPA POL\u00cdTICO<\/p>\n","protected":false},"author":1,"featured_media":0,"parent":0,"menu_order":0,"comment_status":"closed","ping_status":"closed","template":"page-nosidebar.php","meta":{"footnotes":""},"class_list":["post-32","page","type-page","status-publish","hentry"],"_links":{"self":[{"href":"https:\/\/ffmm.mil.py\/disergemil\/wp-json\/wp\/v2\/pages\/32","targetHints":{"allow":["GET"]}}],"collection":[{"href":"https:\/\/ffmm.mil.py\/disergemil\/wp-json\/wp\/v2\/pages"}],"about":[{"href":"https:\/\/ffmm.mil.py\/disergemil\/wp-json\/wp\/v2\/types\/page"}],"author":[{"embeddable":true,"href":"https:\/\/ffmm.mil.py\/disergemil\/wp-json\/wp\/v2\/users\/1"}],"replies":[{"embeddable":true,"href":"https:\/\/ffmm.mil.py\/disergemil\/wp-json\/wp\/v2\/comments?post=32"}],"version-history":[{"count":5,"href":"https:\/\/ffmm.mil.py\/disergemil\/wp-json\/wp\/v2\/pages\/32\/revisions"}],"predecessor-version":[{"id":156,"href":"https:\/\/ffmm.mil.py\/disergemil\/wp-json\/wp\/v2\/pages\/32\/revisions\/156"}],"wp:attachment":[{"href":"https:\/\/ffmm.mil.py\/disergemil\/wp-json\/wp\/v2\/media?parent=32"}],"curies":[{"name":"wp","href":"https:\/\/api.w.org\/{rel}","templated":true}]}}