{"id":46,"date":"2025-07-14T18:32:38","date_gmt":"2025-07-14T16:32:38","guid":{"rendered":"https:\/\/migracion.ffmm.mil.py\/disergemil\/?page_id=46"},"modified":"2025-07-24T20:36:47","modified_gmt":"2025-07-24T18:36:47","slug":"instituto-tecnico-superior-en-ciencias-geograficas","status":"publish","type":"page","link":"https:\/\/ffmm.mil.py\/disergemil\/instituto-tecnico-superior-en-ciencias-geograficas\/","title":{"rendered":"Instituto T\u00e9cnico Superior en Ciencias Geogr\u00e1ficas"},"content":{"rendered":"<div class=\"wp-block-image\">\n<figure class=\"aligncenter size-full\"><img fetchpriority=\"high\" decoding=\"async\" width=\"1599\" height=\"971\" src=\"https:\/\/cimefor.mil.py\/disergemil\/wp-content\/uploads\/sites\/11\/2025\/07\/399311591_640116384957366_4050112114578478754_n.jpg\" alt=\"\" class=\"wp-image-99\" srcset=\"https:\/\/ffmm.mil.py\/disergemil\/wp-content\/uploads\/sites\/11\/2025\/07\/399311591_640116384957366_4050112114578478754_n.jpg 1599w, https:\/\/ffmm.mil.py\/disergemil\/wp-content\/uploads\/sites\/11\/2025\/07\/399311591_640116384957366_4050112114578478754_n-300x182.jpg 300w, https:\/\/ffmm.mil.py\/disergemil\/wp-content\/uploads\/sites\/11\/2025\/07\/399311591_640116384957366_4050112114578478754_n-1024x622.jpg 1024w, https:\/\/ffmm.mil.py\/disergemil\/wp-content\/uploads\/sites\/11\/2025\/07\/399311591_640116384957366_4050112114578478754_n-768x466.jpg 768w, https:\/\/ffmm.mil.py\/disergemil\/wp-content\/uploads\/sites\/11\/2025\/07\/399311591_640116384957366_4050112114578478754_n-1536x933.jpg 1536w\" sizes=\"(max-width: 1599px) 100vw, 1599px\" \/><\/figure>\n<\/div>\n\n\n<div style=\"height:50px\" aria-hidden=\"true\" class=\"wp-block-spacer\"><\/div>\n\n\n\n<h3 class=\"wp-block-heading\">Misi\u00f3n:<\/h3>\n\n\n\n<p class=\"fs-5\">Formar y especializar profesionales de excelencia, con valores \u00e9ticos, morales y c\u00edvicos; caracterizados por su responsabilidad, liderazgo y disciplina; promoviendo la interacci\u00f3n social, la investigaci\u00f3n cient\u00edfica y tecnol\u00f3gica para contribuir al desarrollo integral del pa\u00eds, realizando actividades que permitan obtener informaci\u00f3n geogr\u00e1fica, geod\u00e9sica, hidrogr\u00e1fica y otros afines a las ciencias de la tierra, necesarias para prevenci\u00f3n integral de fronteras nacionales y para la realizaci\u00f3n de planes de desarrollo del Pa\u00eds.<\/p>\n\n\n\n<div style=\"height:50px\" aria-hidden=\"true\" class=\"wp-block-spacer\"><\/div>\n\n\n\n<h3 class=\"wp-block-heading\">Visi\u00f3n:<\/h3>\n\n\n\n<p class=\"fs-5\">Ser una Instituci\u00f3n de Educaci\u00f3n Superior con excelencia acad\u00e9mica y militar en la formaci\u00f3n de Sub Oficiales T\u00e9cnicos comprometidos con el ideario Paraguay, a trav\u00e9s de valores \u00e9ticos y morales, para contribuir con los planes, estrat\u00e9gicos de las Fuerzas Armadas de la Naci\u00f3n<\/p>\n\n\n\n<p class=\"fs-5\">Para mas Informaci\u00f3n respecto a los requisitos para postularse como Aspirante a Sub Oficial o Alumno Externo ingrese aqu\u00ed:<\/p>\n\n\n\n<p class=\"fs-5\"><a href=\"https:\/\/ffmm.mil.py\/disergemil\/wp-content\/uploads\/sites\/11\/2025\/07\/NPA-2023-2024.pdf\">NPA 2023-2024<\/a><\/p>\n\n\n\n<p><\/p>\n","protected":false},"excerpt":{"rendered":"<p>Misi\u00f3n: Formar y especializar profesionales de excelencia, con valores \u00e9ticos, morales y c\u00edvicos; caracterizados por su responsabilidad, liderazgo y disciplina; promoviendo la interacci\u00f3n social, la investigaci\u00f3n cient\u00edfica y tecnol\u00f3gica para contribuir al desarrollo integral del pa\u00eds, realizando actividades que permitan obtener informaci\u00f3n geogr\u00e1fica, geod\u00e9sica, hidrogr\u00e1fica y otros afines a las ciencias de la tierra, necesarias [&hellip;]<\/p>\n","protected":false},"author":1,"featured_media":0,"parent":0,"menu_order":0,"comment_status":"closed","ping_status":"closed","template":"page-nosidebar.php","meta":{"footnotes":""},"class_list":["post-46","page","type-page","status-publish","hentry"],"_links":{"self":[{"href":"https:\/\/ffmm.mil.py\/disergemil\/wp-json\/wp\/v2\/pages\/46","targetHints":{"allow":["GET"]}}],"collection":[{"href":"https:\/\/ffmm.mil.py\/disergemil\/wp-json\/wp\/v2\/pages"}],"about":[{"href":"https:\/\/ffmm.mil.py\/disergemil\/wp-json\/wp\/v2\/types\/page"}],"author":[{"embeddable":true,"href":"https:\/\/ffmm.mil.py\/disergemil\/wp-json\/wp\/v2\/users\/1"}],"replies":[{"embeddable":true,"href":"https:\/\/ffmm.mil.py\/disergemil\/wp-json\/wp\/v2\/comments?post=46"}],"version-history":[{"count":4,"href":"https:\/\/ffmm.mil.py\/disergemil\/wp-json\/wp\/v2\/pages\/46\/revisions"}],"predecessor-version":[{"id":162,"href":"https:\/\/ffmm.mil.py\/disergemil\/wp-json\/wp\/v2\/pages\/46\/revisions\/162"}],"wp:attachment":[{"href":"https:\/\/ffmm.mil.py\/disergemil\/wp-json\/wp\/v2\/media?parent=46"}],"curies":[{"name":"wp","href":"https:\/\/api.w.org\/{rel}","templated":true}]}}