{"id":50,"date":"2025-07-14T18:33:22","date_gmt":"2025-07-14T16:33:22","guid":{"rendered":"https:\/\/migracion.ffmm.mil.py\/disergemil\/?page_id=50"},"modified":"2025-07-14T19:48:33","modified_gmt":"2025-07-14T17:48:33","slug":"smo","status":"publish","type":"page","link":"https:\/\/ffmm.mil.py\/disergemil\/smo\/","title":{"rendered":"Servicio Militar Obligatorio"},"content":{"rendered":"\n<h3 class=\"wp-block-heading\">REQUISITOS<\/h3>\n\n\n\n<p class=\"fs-5\">1- NACIONALIDAD PARAGUAYA<\/p>\n\n\n\n<p class=\"fs-5\">2- EDAD LIMITE ( De 18 a 25 A\u00f1os)<\/p>\n\n\n\n<p class=\"fs-5\">3- Partida de Nacimiento o C\u00e9dula de Identidad Civil.<\/p>\n\n\n\n<p class=\"fs-5\">4- Aprobar verificaci\u00f3n M\u00e9dica<\/p>\n\n\n\n<p class=\"fs-5\">5- Periodo de recepci\u00f3n de Reclutas: 01 de Febrero, Marzo , hasta 30 de Abril.-<\/p>\n\n\n\n<div style=\"height:50px\" aria-hidden=\"true\" class=\"wp-block-spacer\"><\/div>\n\n\n\n<figure class=\"wp-block-image size-full\"><img fetchpriority=\"high\" decoding=\"async\" width=\"1037\" height=\"517\" src=\"https:\/\/cimefor.mil.py\/disergemil\/wp-content\/uploads\/sites\/11\/2025\/07\/Imagen1.jpg\" alt=\"\" class=\"wp-image-111\" srcset=\"https:\/\/ffmm.mil.py\/disergemil\/wp-content\/uploads\/sites\/11\/2025\/07\/Imagen1.jpg 1037w, https:\/\/ffmm.mil.py\/disergemil\/wp-content\/uploads\/sites\/11\/2025\/07\/Imagen1-300x150.jpg 300w, https:\/\/ffmm.mil.py\/disergemil\/wp-content\/uploads\/sites\/11\/2025\/07\/Imagen1-1024x511.jpg 1024w, https:\/\/ffmm.mil.py\/disergemil\/wp-content\/uploads\/sites\/11\/2025\/07\/Imagen1-768x383.jpg 768w\" sizes=\"(max-width: 1037px) 100vw, 1037px\" \/><\/figure>\n\n\n\n<figure class=\"wp-block-image size-full\"><img decoding=\"async\" width=\"1094\" height=\"460\" src=\"https:\/\/cimefor.mil.py\/disergemil\/wp-content\/uploads\/sites\/11\/2025\/07\/Imagen2.jpg\" alt=\"\" class=\"wp-image-110\" srcset=\"https:\/\/ffmm.mil.py\/disergemil\/wp-content\/uploads\/sites\/11\/2025\/07\/Imagen2.jpg 1094w, https:\/\/ffmm.mil.py\/disergemil\/wp-content\/uploads\/sites\/11\/2025\/07\/Imagen2-300x126.jpg 300w, https:\/\/ffmm.mil.py\/disergemil\/wp-content\/uploads\/sites\/11\/2025\/07\/Imagen2-1024x431.jpg 1024w, https:\/\/ffmm.mil.py\/disergemil\/wp-content\/uploads\/sites\/11\/2025\/07\/Imagen2-768x323.jpg 768w\" sizes=\"(max-width: 1094px) 100vw, 1094px\" \/><\/figure>\n","protected":false},"excerpt":{"rendered":"<p>REQUISITOS 1- NACIONALIDAD PARAGUAYA 2- EDAD LIMITE ( De 18 a 25 A\u00f1os) 3- Partida de Nacimiento o C\u00e9dula de Identidad Civil. 4- Aprobar verificaci\u00f3n M\u00e9dica 5- Periodo de recepci\u00f3n de Reclutas: 01 de Febrero, Marzo , hasta 30 de Abril.-<\/p>\n","protected":false},"author":1,"featured_media":0,"parent":0,"menu_order":0,"comment_status":"closed","ping_status":"closed","template":"page-nosidebar.php","meta":{"footnotes":""},"class_list":["post-50","page","type-page","status-publish","hentry"],"_links":{"self":[{"href":"https:\/\/ffmm.mil.py\/disergemil\/wp-json\/wp\/v2\/pages\/50","targetHints":{"allow":["GET"]}}],"collection":[{"href":"https:\/\/ffmm.mil.py\/disergemil\/wp-json\/wp\/v2\/pages"}],"about":[{"href":"https:\/\/ffmm.mil.py\/disergemil\/wp-json\/wp\/v2\/types\/page"}],"author":[{"embeddable":true,"href":"https:\/\/ffmm.mil.py\/disergemil\/wp-json\/wp\/v2\/users\/1"}],"replies":[{"embeddable":true,"href":"https:\/\/ffmm.mil.py\/disergemil\/wp-json\/wp\/v2\/comments?post=50"}],"version-history":[{"count":5,"href":"https:\/\/ffmm.mil.py\/disergemil\/wp-json\/wp\/v2\/pages\/50\/revisions"}],"predecessor-version":[{"id":113,"href":"https:\/\/ffmm.mil.py\/disergemil\/wp-json\/wp\/v2\/pages\/50\/revisions\/113"}],"wp:attachment":[{"href":"https:\/\/ffmm.mil.py\/disergemil\/wp-json\/wp\/v2\/media?parent=50"}],"curies":[{"name":"wp","href":"https:\/\/api.w.org\/{rel}","templated":true}]}}