{"id":22,"date":"2025-07-10T16:07:34","date_gmt":"2025-07-10T14:07:34","guid":{"rendered":"https:\/\/migracion.ffmm.mil.py\/edefisfa\/?page_id=22"},"modified":"2025-07-11T14:03:04","modified_gmt":"2025-07-11T12:03:04","slug":"inicio","status":"publish","type":"page","link":"https:\/\/ffmm.mil.py\/edefisfa\/","title":{"rendered":"INICIO"},"content":{"rendered":"\n<div class=\"wp-block-columns is-layout-flex wp-container-core-columns-is-layout-28f84493 wp-block-columns-is-layout-flex\">\n<div class=\"wp-block-column contentsidebar has-mitic-gray-200-background-color has-background is-layout-flow wp-container-core-column-is-layout-e62f6290 wp-block-column-is-layout-flow\" style=\"border-radius:0px;flex-basis:25%\">\n<div class=\"wp-block-group is-vertical is-layout-flex wp-container-core-group-is-layout-fe9cc265 wp-block-group-is-layout-flex\">\n<h5 class=\"wp-block-heading mb-3\">Buscar en el sitio<\/h5>\n<\/div>\n\n\n<form role=\"search\" method=\"get\" action=\"https:\/\/ffmm.mil.py\/edefisfa\/\" class=\"wp-block-search__button-outside wp-block-search__text-button wp-block-search\"    ><label class=\"wp-block-search__label\" for=\"wp-block-search__input-1\" >Buscar<\/label><div class=\"wp-block-search__inside-wrapper\" ><input class=\"wp-block-search__input\" id=\"wp-block-search__input-1\" placeholder=\"\" value=\"\" type=\"search\" name=\"s\" required \/><button aria-label=\"Buscar\" class=\"wp-block-search__button wp-element-button\" type=\"submit\" >Buscar<\/button><\/div><\/form>\n\n\n<p><\/p>\n\n\n\n<h5 class=\"wp-block-heading mt-5\">Principales secciones<\/h5>\n\n\n<nav class=\"is-responsive items-justified-left is-vertical mt-2 wp-block-navigation is-content-justification-left is-layout-flex wp-container-core-navigation-is-layout-810fbbe0 wp-block-navigation-is-layout-flex\" aria-label=\"Men\u00fa\" \n\t\t data-wp-interactive=\"core\/navigation\" data-wp-context='{\"overlayOpenedBy\":{\"click\":false,\"hover\":false,\"focus\":false},\"type\":\"overlay\",\"roleAttribute\":\"\",\"ariaLabel\":\"Men\\u00fa\"}'><button aria-haspopup=\"dialog\" aria-label=\"Abrir el men\u00fa\" class=\"wp-block-navigation__responsive-container-open\" \n\t\t\t\tdata-wp-on--click=\"actions.openMenuOnClick\"\n\t\t\t\tdata-wp-on--keydown=\"actions.handleMenuKeydown\"\n\t\t\t><svg width=\"24\" height=\"24\" xmlns=\"http:\/\/www.w3.org\/2000\/svg\" viewBox=\"0 0 24 24\" aria-hidden=\"true\" focusable=\"false\"><path d=\"M4 7.5h16v1.5H4z\"><\/path><path d=\"M4 15h16v1.5H4z\"><\/path><\/svg><\/button>\n\t\t\t\t<div class=\"wp-block-navigation__responsive-container\"  id=\"modal-2\" \n\t\t\t\tdata-wp-class--has-modal-open=\"state.isMenuOpen\"\n\t\t\t\tdata-wp-class--is-menu-open=\"state.isMenuOpen\"\n\t\t\t\tdata-wp-watch=\"callbacks.initMenu\"\n\t\t\t\tdata-wp-on--keydown=\"actions.handleMenuKeydown\"\n\t\t\t\tdata-wp-on--focusout=\"actions.handleMenuFocusout\"\n\t\t\t\ttabindex=\"-1\"\n\t\t\t>\n\t\t\t\t\t<div class=\"wp-block-navigation__responsive-close\" tabindex=\"-1\">\n\t\t\t\t\t\t<div class=\"wp-block-navigation__responsive-dialog\" \n\t\t\t\tdata-wp-bind--aria-modal=\"state.ariaModal\"\n\t\t\t\tdata-wp-bind--aria-label=\"state.ariaLabel\"\n\t\t\t\tdata-wp-bind--role=\"state.roleAttribute\"\n\t\t\t>\n\t\t\t\t\t\t\t<button aria-label=\"Cerrar el men\u00fa\" class=\"wp-block-navigation__responsive-container-close\" \n\t\t\t\tdata-wp-on--click=\"actions.closeMenuOnClick\"\n\t\t\t><svg xmlns=\"http:\/\/www.w3.org\/2000\/svg\" viewBox=\"0 0 24 24\" width=\"24\" height=\"24\" aria-hidden=\"true\" focusable=\"false\"><path d=\"m13.06 12 6.47-6.47-1.06-1.06L12 10.94 5.53 4.47 4.47 5.53 10.94 12l-6.47 6.47 1.06 1.06L12 13.06l6.47 6.47 1.06-1.06L13.06 12Z\"><\/path><\/svg><\/button>\n\t\t\t\t\t\t\t<div class=\"wp-block-navigation__responsive-container-content\" \n\t\t\t\tdata-wp-watch=\"callbacks.focusFirstElement\"\n\t\t\t id=\"modal-2-content\">\n\t\t\t\t\t\t\t\t<ul class=\"wp-block-navigation__container is-responsive items-justified-left is-vertical mt-2 wp-block-navigation\"><li class=\" wp-block-navigation-item wp-block-navigation-link\"><a class=\"wp-block-navigation-item__content\"  href=\"https:\/\/ffmm.mil.py\/edefisfa\/comandante\/\"><span class=\"wp-block-navigation-item__label\">COMANDANTE<\/span><\/a><\/li><li class=\" wp-block-navigation-item wp-block-navigation-link\"><a class=\"wp-block-navigation-item__content\"  href=\"https:\/\/ffmm.mil.py\/edefisfa\/habilitacion-pedagogica\/\"><span class=\"wp-block-navigation-item__label\">HABILITACI\u00d3N PEDAG\u00d3GICA<\/span><\/a><\/li><li class=\" wp-block-navigation-item wp-block-navigation-link\"><a class=\"wp-block-navigation-item__content\"  href=\"https:\/\/ffmm.mil.py\/edefisfa\/jefe-de-plana-mayor\/\"><span class=\"wp-block-navigation-item__label\">JEFE DE PLANA MAYOR<\/span><\/a><\/li><li class=\" wp-block-navigation-item wp-block-navigation-link\"><a class=\"wp-block-navigation-item__content\"  href=\"https:\/\/ffmm.mil.py\/edefisfa\/mision\/\"><span class=\"wp-block-navigation-item__label\">MISI\u00d3N<\/span><\/a><\/li><li class=\" wp-block-navigation-item wp-block-navigation-link\"><a class=\"wp-block-navigation-item__content\"  href=\"https:\/\/ffmm.mil.py\/edefisfa\/noticias\/\"><span class=\"wp-block-navigation-item__label\">NOTICIAS<\/span><\/a><\/li><li class=\" wp-block-navigation-item wp-block-navigation-link\"><a class=\"wp-block-navigation-item__content\"  href=\"https:\/\/ffmm.mil.py\/edefisfa\/objetivos-2\/\"><span class=\"wp-block-navigation-item__label\">OBJETIVOS<\/span><\/a><\/li><li class=\" wp-block-navigation-item wp-block-navigation-link\"><a class=\"wp-block-navigation-item__content\"  href=\"https:\/\/ffmm.mil.py\/edefisfa\/profesorado-en-educacion-fisica-y-salud\/\"><span class=\"wp-block-navigation-item__label\">PROFESORADO EN EDUCACI\u00d3N F\u00cdSICA Y SALUD<\/span><\/a><\/li><li class=\" wp-block-navigation-item wp-block-navigation-link\"><a class=\"wp-block-navigation-item__content\"  href=\"https:\/\/ffmm.mil.py\/edefisfa\/vision\/\"><span class=\"wp-block-navigation-item__label\">VISI\u00d3N<\/span><\/a><\/li><\/ul>\n\t\t\t\t\t\t\t<\/div>\n\t\t\t\t\t\t<\/div>\n\t\t\t\t\t<\/div>\n\t\t\t\t<\/div><\/nav><\/div>\n\n\n\n<div class=\"wp-block-column is-layout-flow wp-block-column-is-layout-flow\" style=\"flex-basis:50%\">\n<div style=\"height:5px\" aria-hidden=\"true\" class=\"wp-block-spacer\"><\/div>\n\n\n\n<h5 class=\"wp-block-heading has-mitic-gray-700-color has-text-color has-link-color wp-elements-5c0305a6ffbce44943f27a9534c24eaa\">\u00daltimas noticias publicadas<\/h5>\n\n\n<div class=\"wp-block-query blog-home is-layout-flow wp-block-query-is-layout-flow\"><div class=\"wp-block-columns alignwide is-layout-flex news-item\"><div class=\"wp-block-column wp-block-post-featured-image\"><a href=\"https:\/\/ffmm.mil.py\/edefisfa\/2025\/07\/11\/inscripciones-abiertas\/\"><img fetchpriority=\"high\" decoding=\"async\" width=\"700\" height=\"450\" src=\"https:\/\/ffmm.mil.py\/edefisfa\/wp-content\/uploads\/sites\/10\/2025\/07\/Habilitacion-Pedagogica-700x450-1.jpg\" class=\"attachment-large size-large wp-post-image wp-post-image\" alt=\"\" srcset=\"https:\/\/ffmm.mil.py\/edefisfa\/wp-content\/uploads\/sites\/10\/2025\/07\/Habilitacion-Pedagogica-700x450-1.jpg 700w, https:\/\/ffmm.mil.py\/edefisfa\/wp-content\/uploads\/sites\/10\/2025\/07\/Habilitacion-Pedagogica-700x450-1-300x193.jpg 300w\" sizes=\"(max-width: 700px) 100vw, 700px\" \/><\/a><\/div><div class=\"wp-block-column\"><h2 class=\"wp-block-post-title\"><a href=\"https:\/\/ffmm.mil.py\/edefisfa\/2025\/07\/11\/inscripciones-abiertas\/\">\u00a1Inscripciones abiertas!<\/a><\/h2><p class=\"post-date my-2\">11 de julio de 2025<\/p><div class=\"wp-block-post-excerpt\">Lanza tu carrera docente con \u00e9xito!\u00bfEres egresado universitario y deseas compartir tus conocimientos con los dem\u00e1s? \u00a1Este curso es para vos!Nuestro Curso...<\/div><\/div><\/div><div class=\"wp-block-columns alignwide is-layout-flex news-item\"><div class=\"wp-block-column wp-block-post-featured-image\"><a href=\"https:\/\/ffmm.mil.py\/edefisfa\/2025\/07\/11\/%f0%9d%90%82%f0%9d%90%84%f0%9d%90%91%f0%9d%90%84%f0%9d%90%8c%f0%9d%90%8e%f0%9d%90%8d%f0%9d%90%88%f0%9d%90%80-%f0%9d%90%83%f0%9d%90%84-%f0%9d%90%80%f0%9d%90%8f%f0%9d%90%84%f0%9d%90%91%f0%9d%90%93\/\"><img decoding=\"async\" width=\"700\" height=\"450\" src=\"https:\/\/ffmm.mil.py\/edefisfa\/wp-content\/uploads\/sites\/10\/2025\/07\/edd-700x450-1.jpg\" class=\"attachment-large size-large wp-post-image wp-post-image\" alt=\"\" srcset=\"https:\/\/ffmm.mil.py\/edefisfa\/wp-content\/uploads\/sites\/10\/2025\/07\/edd-700x450-1.jpg 700w, https:\/\/ffmm.mil.py\/edefisfa\/wp-content\/uploads\/sites\/10\/2025\/07\/edd-700x450-1-300x193.jpg 300w\" sizes=\"(max-width: 700px) 100vw, 700px\" \/><\/a><\/div><div class=\"wp-block-column\"><h2 class=\"wp-block-post-title\"><a href=\"https:\/\/ffmm.mil.py\/edefisfa\/2025\/07\/11\/%f0%9d%90%82%f0%9d%90%84%f0%9d%90%91%f0%9d%90%84%f0%9d%90%8c%f0%9d%90%8e%f0%9d%90%8d%f0%9d%90%88%f0%9d%90%80-%f0%9d%90%83%f0%9d%90%84-%f0%9d%90%80%f0%9d%90%8f%f0%9d%90%84%f0%9d%90%91%f0%9d%90%93\/\">\ud835\udc02\ud835\udc04\ud835\udc11\ud835\udc04\ud835\udc0c\ud835\udc0e\ud835\udc0d\ud835\udc08\ud835\udc00 \ud835\udc03\ud835\udc04 \ud835\udc00\ud835\udc0f\ud835\udc04\ud835\udc11\ud835\udc13\ud835\udc14\ud835\udc11\ud835\udc00 \ud835\udc03\ud835\udc04\ud835\udc0b \ud835\udc00\u00d1\ud835\udc0e \ud835\udc00\ud835\udc02\ud835\udc00\ud835\udc03\ud835\udc04\u0301\ud835\udc0c\ud835\udc08\ud835\udc02\ud835\udc0e \ud835\udc04\ud835\udc0d \ud835\udc0b\ud835\udc00 \ud835\udc04\ud835\udc12\ud835\udc02\ud835\udc14\ud835\udc04\ud835\udc0b\ud835\udc00 \ud835\udc03\ud835\udc04 \ud835\udc04\ud835\udc03\ud835\udc14\ud835\udc02\ud835\udc00\ud835\udc02\ud835\udc08\ud835\udc0e\u0301\ud835\udc0d \ud835\udc05\ud835\udc08\u0301\ud835\udc12\ud835\udc08\ud835\udc02\ud835\udc00 \ud835\udc03\ud835\udc04 \ud835\udc0b\ud835\udc00\ud835\udc12 \ud835\udc05\ud835\udc14\ud835\udc04\ud835\udc11\ud835\udc19\ud835\udc00\ud835\udc12 \ud835\udc00\ud835\udc11\ud835\udc0c\ud835\udc00\ud835\udc03\ud835\udc00\ud835\udc12<\/a><\/h2><p class=\"post-date my-2\">11 de julio de 2025<\/p><div class=\"wp-block-post-excerpt\">\ud835\udfd0\ud835\udfd4 \ud835\udc03\ud835\udc04 \ud835\udc05\ud835\udc04\ud835\udc01\ud835\udc11\ud835\udc04\ud835\udc11\ud835\udc0e \ud835\udc03\ud835\udc04 \ud835\udfd0\ud835\udfce\ud835\udfd0\ud835\udfd3 En la ma\u00f1ana de hoy mi\u00e9rcoles 26 de febrero, en el asiento de la Escuela de Educaci\u00f3n...<\/div><\/div><\/div><div class=\"wp-block-columns alignwide is-layout-flex news-item\"><div class=\"wp-block-column wp-block-post-featured-image\"><a href=\"https:\/\/ffmm.mil.py\/edefisfa\/2025\/07\/11\/%f0%9f%92%aa-evaluacion-superada\/\"><img decoding=\"async\" width=\"700\" height=\"450\" src=\"https:\/\/ffmm.mil.py\/edefisfa\/wp-content\/uploads\/sites\/10\/2025\/07\/e-700x450-1.jpg\" class=\"attachment-large size-large wp-post-image wp-post-image\" alt=\"\" srcset=\"https:\/\/ffmm.mil.py\/edefisfa\/wp-content\/uploads\/sites\/10\/2025\/07\/e-700x450-1.jpg 700w, https:\/\/ffmm.mil.py\/edefisfa\/wp-content\/uploads\/sites\/10\/2025\/07\/e-700x450-1-300x193.jpg 300w\" sizes=\"(max-width: 700px) 100vw, 700px\" \/><\/a><\/div><div class=\"wp-block-column\"><h2 class=\"wp-block-post-title\"><a href=\"https:\/\/ffmm.mil.py\/edefisfa\/2025\/07\/11\/%f0%9f%92%aa-evaluacion-superada\/\">\ud83d\udcaa \u00a1Evaluaci\u00f3n superada!<\/a><\/h2><p class=\"post-date my-2\">11 de julio de 2025<\/p><div class=\"wp-block-post-excerpt\">Los personales de la Escuela de Educaci\u00f3n F\u00edsica de las Fuerzas Armadas SSOO Superiores, SSOO Subalternos, Suboficiales y Alumnos del Curso de...<\/div><\/div><\/div><div class=\"wp-block-columns alignwide is-layout-flex news-item\"><div class=\"wp-block-column wp-block-post-featured-image\"><a href=\"https:\/\/ffmm.mil.py\/edefisfa\/2025\/07\/11\/visita-al-museo-de-los-mitos-y-leyendas\/\"><img loading=\"lazy\" decoding=\"async\" width=\"700\" height=\"450\" src=\"https:\/\/ffmm.mil.py\/edefisfa\/wp-content\/uploads\/sites\/10\/2025\/07\/edcapiata-700x450-1.jpg\" class=\"attachment-large size-large wp-post-image wp-post-image\" alt=\"\" srcset=\"https:\/\/ffmm.mil.py\/edefisfa\/wp-content\/uploads\/sites\/10\/2025\/07\/edcapiata-700x450-1.jpg 700w, https:\/\/ffmm.mil.py\/edefisfa\/wp-content\/uploads\/sites\/10\/2025\/07\/edcapiata-700x450-1-300x193.jpg 300w\" sizes=\"(max-width: 700px) 100vw, 700px\" \/><\/a><\/div><div class=\"wp-block-column\"><h2 class=\"wp-block-post-title\"><a href=\"https:\/\/ffmm.mil.py\/edefisfa\/2025\/07\/11\/visita-al-museo-de-los-mitos-y-leyendas\/\">Visita al Museo de los Mitos y Leyendas<\/a><\/h2><p class=\"post-date my-2\">11 de julio de 2025<\/p><div class=\"wp-block-post-excerpt\">Alumnos del Curso de Profesorado en Educaci\u00f3n F\u00edsica y Salud de la EDEFISFA realizaron una visita al Museo De los Mitos y...<\/div><\/div><\/div><div class=\"wp-block-columns alignwide is-layout-flex news-item\"><div class=\"wp-block-column wp-block-post-featured-image\"><a href=\"https:\/\/ffmm.mil.py\/edefisfa\/2025\/07\/11\/visita-al-museo-militar-del-ministerio-de-defensa\/\"><img loading=\"lazy\" decoding=\"async\" width=\"700\" height=\"450\" src=\"https:\/\/ffmm.mil.py\/edefisfa\/wp-content\/uploads\/sites\/10\/2025\/07\/edefisfa-700x450-1.jpg\" class=\"attachment-large size-large wp-post-image wp-post-image\" alt=\"\" srcset=\"https:\/\/ffmm.mil.py\/edefisfa\/wp-content\/uploads\/sites\/10\/2025\/07\/edefisfa-700x450-1.jpg 700w, https:\/\/ffmm.mil.py\/edefisfa\/wp-content\/uploads\/sites\/10\/2025\/07\/edefisfa-700x450-1-300x193.jpg 300w\" sizes=\"(max-width: 700px) 100vw, 700px\" \/><\/a><\/div><div class=\"wp-block-column\"><h2 class=\"wp-block-post-title\"><a href=\"https:\/\/ffmm.mil.py\/edefisfa\/2025\/07\/11\/visita-al-museo-militar-del-ministerio-de-defensa\/\">VISITA AL MUSEO MILITAR DEL MINISTERIO DE DEFENSA<\/a><\/h2><p class=\"post-date my-2\">11 de julio de 2025<\/p><div class=\"wp-block-post-excerpt\">El jueves 26 de junio, la Escuela de Educaci\u00f3n F\u00edsica de las Fuerzas Armadas EDEFISFA llev\u00f3 a cabo una significativa visita al...<\/div><\/div><\/div><\/div>\n<\/div>\n\n\n\n<div class=\"wp-block-column is-layout-flow wp-block-column-is-layout-flow\">\n<div style=\"height:10px\" aria-hidden=\"true\" class=\"wp-block-spacer\"><\/div>\n\n\n\n<div class=\"wp-block-group is-vertical is-layout-flex wp-container-core-group-is-layout-fe9cc265 wp-block-group-is-layout-flex\">\n<figure class=\"wp-block-image size-full\"><img decoding=\"async\" src=\"https:\/\/cimefor.mil.py\/wp-content\/uploads\/2025\/06\/rendicion-al-ciudadano-300x196-1.jpg\" alt=\"\" class=\"wp-image-159\"\/><\/figure>\n<\/div>\n\n\n\n<figure class=\"wp-block-image size-full\"><img decoding=\"async\" src=\"https:\/\/cimefor.mil.py\/wp-content\/uploads\/2025\/06\/Transparencia-300x119-1.png\" alt=\"\" class=\"wp-image-160\"\/><\/figure>\n\n\n\n<figure class=\"wp-block-image size-full\"><img decoding=\"async\" src=\"https:\/\/cimefor.mil.py\/wp-content\/uploads\/2025\/06\/elegi-tu-tramite-en-linea-izquierda-300x119-1.gif\" alt=\"\" class=\"wp-image-161\"\/><\/figure>\n<\/div>\n<\/div>\n\n\n\n<p><\/p>\n","protected":false},"excerpt":{"rendered":"<p>Buscar en el sitio Principales secciones \u00daltimas noticias publicadas<\/p>\n","protected":false},"author":1,"featured_media":0,"parent":0,"menu_order":0,"comment_status":"closed","ping_status":"closed","template":"page-nosidebar.php","meta":{"footnotes":""},"class_list":["post-22","page","type-page","status-publish","hentry"],"_links":{"self":[{"href":"https:\/\/ffmm.mil.py\/edefisfa\/wp-json\/wp\/v2\/pages\/22","targetHints":{"allow":["GET"]}}],"collection":[{"href":"https:\/\/ffmm.mil.py\/edefisfa\/wp-json\/wp\/v2\/pages"}],"about":[{"href":"https:\/\/ffmm.mil.py\/edefisfa\/wp-json\/wp\/v2\/types\/page"}],"author":[{"embeddable":true,"href":"https:\/\/ffmm.mil.py\/edefisfa\/wp-json\/wp\/v2\/users\/1"}],"replies":[{"embeddable":true,"href":"https:\/\/ffmm.mil.py\/edefisfa\/wp-json\/wp\/v2\/comments?post=22"}],"version-history":[{"count":4,"href":"https:\/\/ffmm.mil.py\/edefisfa\/wp-json\/wp\/v2\/pages\/22\/revisions"}],"predecessor-version":[{"id":153,"href":"https:\/\/ffmm.mil.py\/edefisfa\/wp-json\/wp\/v2\/pages\/22\/revisions\/153"}],"wp:attachment":[{"href":"https:\/\/ffmm.mil.py\/edefisfa\/wp-json\/wp\/v2\/media?parent=22"}],"curies":[{"name":"wp","href":"https:\/\/api.w.org\/{rel}","templated":true}]}}