{"id":33,"date":"2025-07-10T16:50:22","date_gmt":"2025-07-10T14:50:22","guid":{"rendered":"https:\/\/migracion.ffmm.mil.py\/edefisfa\/?page_id=33"},"modified":"2025-07-10T16:57:29","modified_gmt":"2025-07-10T14:57:29","slug":"mision","status":"publish","type":"page","link":"https:\/\/ffmm.mil.py\/edefisfa\/mision\/","title":{"rendered":"MISI\u00d3N"},"content":{"rendered":"\n<p class=\"has-normal-font-size\">La Escuela de Educaci\u00f3n F\u00edsica de las Fuerzas Armadas (EDEFISFA), tiene la misi\u00f3n de formar profesionales en el \u00e1rea de Educaci\u00f3n F\u00edsica a Se\u00f1ores Oficiales, Suboficiales y Civiles para propiciar la excelencia en el desempe\u00f1o profesional con fundamentos s\u00f3lidos y la actualizaci\u00f3n t\u00e9cnica del profesional conforme al progreso cient\u00edfico-tecnol\u00f3gico de la humanidad, comprometido con los preceptos de la \u00e9tica, moral y c\u00edvica.<\/p>\n","protected":false},"excerpt":{"rendered":"<p>La Escuela de Educaci\u00f3n F\u00edsica de las Fuerzas Armadas (EDEFISFA), tiene la misi\u00f3n de formar profesionales en el \u00e1rea de Educaci\u00f3n F\u00edsica a Se\u00f1ores Oficiales, Suboficiales y Civiles para propiciar la excelencia en el desempe\u00f1o profesional con fundamentos s\u00f3lidos y la actualizaci\u00f3n t\u00e9cnica del profesional conforme al progreso cient\u00edfico-tecnol\u00f3gico de la humanidad, comprometido con los [&hellip;]<\/p>\n","protected":false},"author":1,"featured_media":0,"parent":0,"menu_order":0,"comment_status":"closed","ping_status":"closed","template":"page-nosidebar.php","meta":{"footnotes":""},"class_list":["post-33","page","type-page","status-publish","hentry"],"_links":{"self":[{"href":"https:\/\/ffmm.mil.py\/edefisfa\/wp-json\/wp\/v2\/pages\/33","targetHints":{"allow":["GET"]}}],"collection":[{"href":"https:\/\/ffmm.mil.py\/edefisfa\/wp-json\/wp\/v2\/pages"}],"about":[{"href":"https:\/\/ffmm.mil.py\/edefisfa\/wp-json\/wp\/v2\/types\/page"}],"author":[{"embeddable":true,"href":"https:\/\/ffmm.mil.py\/edefisfa\/wp-json\/wp\/v2\/users\/1"}],"replies":[{"embeddable":true,"href":"https:\/\/ffmm.mil.py\/edefisfa\/wp-json\/wp\/v2\/comments?post=33"}],"version-history":[{"count":2,"href":"https:\/\/ffmm.mil.py\/edefisfa\/wp-json\/wp\/v2\/pages\/33\/revisions"}],"predecessor-version":[{"id":87,"href":"https:\/\/ffmm.mil.py\/edefisfa\/wp-json\/wp\/v2\/pages\/33\/revisions\/87"}],"wp:attachment":[{"href":"https:\/\/ffmm.mil.py\/edefisfa\/wp-json\/wp\/v2\/media?parent=33"}],"curies":[{"name":"wp","href":"https:\/\/api.w.org\/{rel}","templated":true}]}}