{"id":91,"date":"2025-07-10T16:59:28","date_gmt":"2025-07-10T14:59:28","guid":{"rendered":"https:\/\/migracion.ffmm.mil.py\/edefisfa\/?page_id=91"},"modified":"2025-07-10T18:14:44","modified_gmt":"2025-07-10T16:14:44","slug":"objetivos-2","status":"publish","type":"page","link":"https:\/\/ffmm.mil.py\/edefisfa\/objetivos-2\/","title":{"rendered":"OBJETIVOS"},"content":{"rendered":"\n<p class=\"has-normal-font-size\">Los objetivos generales de la ense\u00f1anza, constituyen las metas establecidas para todo el proceso de ense\u00f1anza\u2013aprendizaje, en ese sentido, al finalizar el proceso, los Oficiales, Suboficiales y Civiles estar\u00e1n capacitados para:<\/p>\n\n\n\n<p class=\"has-normal-font-size\">1) Preparar a Coordinadores de Eventos, \u00c1rbitros, jueces y verificadores, que conducir\u00e1n las competencias atl\u00e9ticas y deportivas de las FF. AA o de otras Instituciones, debidamente autorizadas.<\/p>\n\n\n\n<p class=\"has-normal-font-size\">2) Valorar la formaci\u00f3n filos\u00f3fica como fundamento de la acci\u00f3n pedag\u00f3gica y la importancia del desarrollo del pensamiento cr\u00edtico en la formaci\u00f3n personal y profesional del docente.<\/p>\n\n\n\n<p class=\"has-normal-font-size\">3) Analizar la problem\u00e1tica actual en forma cr\u00edtica para comprender la situaci\u00f3n sociopol\u00edtica y educativa del pa\u00eds y los fen\u00f3menos de la vida colectiva.<\/p>\n\n\n\n<p class=\"has-normal-font-size\">4) Poseer una visi\u00f3n de conjunto del desarrollo del educando para comprender la naturaleza humana en todos sus aspectos: biol\u00f3gico, psicol\u00f3gico y social.<\/p>\n\n\n\n<p class=\"has-normal-font-size\">5) Utilizar adecuadamente recursos disponibles para la prevenci\u00f3n y el tratamiento de la patolog\u00eda com\u00fan en persona (depresi\u00f3n, angustia, ansiedad, etc.) por las que pueda pasar una persona.<\/p>\n\n\n\n<p class=\"has-normal-font-size\">6) Aplicar conocimientos, h\u00e1bitos y actitudes relativas al deporte, a fin de constituirse en un agente de cambio a favor de la salud f\u00edsica y mental de la comunidad en que vive o que trabaje.<\/p>\n\n\n\n<p class=\"has-normal-font-size\">7) Tomar una actitud positiva hacia la profesi\u00f3n como factor determinante de su autorrealizaci\u00f3n y el de su comunidad educativa.<\/p>\n\n\n\n<p class=\"has-normal-font-size\">8) Interpretar adecuadamente la estructura y funci\u00f3n del organismo humano y los procesos metab\u00f3licos que en \u00e9l se producen, as\u00ed como su implicancia en la salud f\u00edsica\u2013mental y social del individuo, identificar los m\u00e9todos, t\u00e9cnicas y procedimientos elementales de asistencia m\u00e9dica, tanto curativa como preventiva y rehabilitadora.<\/p>\n\n\n\n<p class=\"has-normal-font-size\">9) Comprender la importancia de la salud y aplicar los recursos profil\u00e1cticos, terap\u00e9uticos y rehabilitadores para la promoci\u00f3n de la salud.<\/p>\n","protected":false},"excerpt":{"rendered":"<p>Los objetivos generales de la ense\u00f1anza, constituyen las metas establecidas para todo el proceso de ense\u00f1anza\u2013aprendizaje, en ese sentido, al finalizar el proceso, los Oficiales, Suboficiales y Civiles estar\u00e1n capacitados para: 1) Preparar a Coordinadores de Eventos, \u00c1rbitros, jueces y verificadores, que conducir\u00e1n las competencias atl\u00e9ticas y deportivas de las FF. AA o de otras [&hellip;]<\/p>\n","protected":false},"author":1,"featured_media":0,"parent":0,"menu_order":0,"comment_status":"closed","ping_status":"closed","template":"page-nosidebar.php","meta":{"footnotes":""},"class_list":["post-91","page","type-page","status-publish","hentry"],"_links":{"self":[{"href":"https:\/\/ffmm.mil.py\/edefisfa\/wp-json\/wp\/v2\/pages\/91","targetHints":{"allow":["GET"]}}],"collection":[{"href":"https:\/\/ffmm.mil.py\/edefisfa\/wp-json\/wp\/v2\/pages"}],"about":[{"href":"https:\/\/ffmm.mil.py\/edefisfa\/wp-json\/wp\/v2\/types\/page"}],"author":[{"embeddable":true,"href":"https:\/\/ffmm.mil.py\/edefisfa\/wp-json\/wp\/v2\/users\/1"}],"replies":[{"embeddable":true,"href":"https:\/\/ffmm.mil.py\/edefisfa\/wp-json\/wp\/v2\/comments?post=91"}],"version-history":[{"count":4,"href":"https:\/\/ffmm.mil.py\/edefisfa\/wp-json\/wp\/v2\/pages\/91\/revisions"}],"predecessor-version":[{"id":98,"href":"https:\/\/ffmm.mil.py\/edefisfa\/wp-json\/wp\/v2\/pages\/91\/revisions\/98"}],"wp:attachment":[{"href":"https:\/\/ffmm.mil.py\/edefisfa\/wp-json\/wp\/v2\/media?parent=91"}],"curies":[{"name":"wp","href":"https:\/\/api.w.org\/{rel}","templated":true}]}}