{"id":66,"date":"2025-07-09T20:44:00","date_gmt":"2025-07-09T18:44:00","guid":{"rendered":"https:\/\/migracion.ffmm.mil.py\/ejercito\/?page_id=66"},"modified":"2025-07-10T16:56:51","modified_gmt":"2025-07-10T14:56:51","slug":"licemil-acosta-nu","status":"publish","type":"page","link":"https:\/\/ffmm.mil.py\/ejercito\/licemil-acosta-nu\/","title":{"rendered":"Licemil \u00abAcosta Nu\u00bb"},"content":{"rendered":"<div class=\"wp-block-image\">\n<figure class=\"aligncenter size-full\"><img fetchpriority=\"high\" decoding=\"async\" width=\"251\" height=\"300\" src=\"https:\/\/cimefor.mil.py\/ejercito\/wp-content\/uploads\/sites\/7\/2025\/07\/LOGO-LICEMIL-251x300-1.png\" alt=\"\" class=\"wp-image-170\"\/><\/figure>\n<\/div>\n\n\n<h3 class=\"wp-block-heading\"><strong>Requisitos para la inscripci\u00f3n:<\/strong><\/h3>\n\n\n\n<p>Hasta el tope marcado como fecha l\u00edmite de inscripci\u00f3n, el postulante, por acto propio deber\u00e1 presentar todas las documentaciones oficiales que acreditan:<\/p>\n\n\n\n<p>Ser ciudadano Paraguayo natural.<\/p>\n\n\n\n<p>Poseer buena salud y desarrollo f\u00edsico compatible con las exigencias del Servicio Militar.<\/p>\n\n\n\n<p>Tener aprobado el 9\u00ba Grado de la E.E.B.<\/p>\n\n\n\n<p>Estar comprendido entre las edades de 14 y 18 a\u00f1os cumplidos en el a\u00f1o.<\/p>\n\n\n\n<p>Aprobar los ex\u00e1menes Medico, F\u00edsico, Psicol\u00f3gico y de Conocimientos (Matem\u00e1tica Comunicaci\u00f3n \u2013 Ortograf\u00eda \u2013 Caligraf\u00eda)<\/p>\n\n\n\n<p><strong>Presentar obligatoriamente dentro del plazo fijado los siguientes documentos:<\/strong><\/p>\n\n\n\n<p>a. 5 (cinco) Fotos tipo carnet<\/p>\n\n\n\n<p>b. 4 (cuatro) Fotocopia de c\u00e9dula de identidad civil autenticadas por escriban\u00eda<\/p>\n\n\n\n<p>c. 1 (un) Certificado de antecedentes policiales<\/p>\n\n\n\n<p>d. 2 (dos) Certificado de Nacimiento (Original), expedido por el Registro Civil.<\/p>\n\n\n\n<p>e. 2 (dos) Certificado de Estudios visado por el MEC.<\/p>\n\n\n\n<p>f. Certificado de Permiso del Juzgado del Menor para su permanencia dentro Instituto. Por escriban\u00eda<\/p>\n\n\n\n<p>g. Solicitud de Ingreso y haber firmado el acta de compromiso dando su conformidad de la aceptaci\u00f3n de las disposiciones vigentes del Reglamento del LICEMIL y las normas internas de la instituci\u00f3n.<\/p>\n\n\n\n<p>MAS INFORMACIONES AL: (0275) 232316<\/p>\n\n\n\n<p><a href=\"mailto:informes@liceo.mil.py\">informes@liceo.mil.py<\/a><\/p>\n\n\n\n<p>Camino Ypane \u2013 Villeta, Ypane \u2013 Ytoror\u00f3<\/p>\n\n\n\n<div class=\"wp-block-columns is-layout-flex wp-container-core-columns-is-layout-28f84493 wp-block-columns-is-layout-flex\">\n<div class=\"wp-block-column is-layout-flow wp-block-column-is-layout-flow\">\n<figure class=\"wp-block-image size-full\"><img decoding=\"async\" width=\"768\" height=\"512\" src=\"https:\/\/cimefor.mil.py\/ejercito\/wp-content\/uploads\/sites\/7\/2025\/07\/liceo1-768x512-1.jpg\" alt=\"\" class=\"wp-image-172\" srcset=\"https:\/\/ffmm.mil.py\/ejercito\/wp-content\/uploads\/sites\/7\/2025\/07\/liceo1-768x512-1.jpg 768w, https:\/\/ffmm.mil.py\/ejercito\/wp-content\/uploads\/sites\/7\/2025\/07\/liceo1-768x512-1-300x200.jpg 300w\" sizes=\"(max-width: 768px) 100vw, 768px\" \/><\/figure>\n<\/div>\n\n\n\n<div class=\"wp-block-column is-layout-flow wp-block-column-is-layout-flow\">\n<figure class=\"wp-block-image size-full\"><img decoding=\"async\" width=\"768\" height=\"512\" src=\"https:\/\/cimefor.mil.py\/ejercito\/wp-content\/uploads\/sites\/7\/2025\/07\/liceo2-768x512-1.jpg\" alt=\"\" class=\"wp-image-173\" srcset=\"https:\/\/ffmm.mil.py\/ejercito\/wp-content\/uploads\/sites\/7\/2025\/07\/liceo2-768x512-1.jpg 768w, https:\/\/ffmm.mil.py\/ejercito\/wp-content\/uploads\/sites\/7\/2025\/07\/liceo2-768x512-1-300x200.jpg 300w\" sizes=\"(max-width: 768px) 100vw, 768px\" \/><\/figure>\n<\/div>\n<\/div>\n\n\n\n<div class=\"wp-block-columns is-layout-flex wp-container-core-columns-is-layout-28f84493 wp-block-columns-is-layout-flex\">\n<div class=\"wp-block-column is-layout-flow wp-block-column-is-layout-flow\">\n<figure class=\"wp-block-image size-full\"><img loading=\"lazy\" decoding=\"async\" width=\"768\" height=\"512\" src=\"https:\/\/cimefor.mil.py\/ejercito\/wp-content\/uploads\/sites\/7\/2025\/07\/liceo3-768x512-1.jpg\" alt=\"\" class=\"wp-image-174\" srcset=\"https:\/\/ffmm.mil.py\/ejercito\/wp-content\/uploads\/sites\/7\/2025\/07\/liceo3-768x512-1.jpg 768w, https:\/\/ffmm.mil.py\/ejercito\/wp-content\/uploads\/sites\/7\/2025\/07\/liceo3-768x512-1-300x200.jpg 300w\" sizes=\"(max-width: 768px) 100vw, 768px\" \/><\/figure>\n<\/div>\n\n\n\n<div class=\"wp-block-column is-layout-flow wp-block-column-is-layout-flow\">\n<figure class=\"wp-block-image size-full\"><img loading=\"lazy\" decoding=\"async\" width=\"768\" height=\"512\" src=\"https:\/\/cimefor.mil.py\/ejercito\/wp-content\/uploads\/sites\/7\/2025\/07\/liceo4-768x512-1.jpg\" alt=\"\" class=\"wp-image-175\" srcset=\"https:\/\/ffmm.mil.py\/ejercito\/wp-content\/uploads\/sites\/7\/2025\/07\/liceo4-768x512-1.jpg 768w, https:\/\/ffmm.mil.py\/ejercito\/wp-content\/uploads\/sites\/7\/2025\/07\/liceo4-768x512-1-300x200.jpg 300w\" sizes=\"(max-width: 768px) 100vw, 768px\" \/><\/figure>\n<\/div>\n<\/div>\n","protected":false},"excerpt":{"rendered":"<p>Requisitos para la inscripci\u00f3n: Hasta el tope marcado como fecha l\u00edmite de inscripci\u00f3n, el postulante, por acto propio deber\u00e1 presentar todas las documentaciones oficiales que acreditan: Ser ciudadano Paraguayo natural. Poseer buena salud y desarrollo f\u00edsico compatible con las exigencias del Servicio Militar. Tener aprobado el 9\u00ba Grado de la E.E.B. Estar comprendido entre las [&hellip;]<\/p>\n","protected":false},"author":1,"featured_media":0,"parent":0,"menu_order":0,"comment_status":"closed","ping_status":"closed","template":"page-nosidebar.php","meta":{"footnotes":""},"class_list":["post-66","page","type-page","status-publish","hentry"],"_links":{"self":[{"href":"https:\/\/ffmm.mil.py\/ejercito\/wp-json\/wp\/v2\/pages\/66","targetHints":{"allow":["GET"]}}],"collection":[{"href":"https:\/\/ffmm.mil.py\/ejercito\/wp-json\/wp\/v2\/pages"}],"about":[{"href":"https:\/\/ffmm.mil.py\/ejercito\/wp-json\/wp\/v2\/types\/page"}],"author":[{"embeddable":true,"href":"https:\/\/ffmm.mil.py\/ejercito\/wp-json\/wp\/v2\/users\/1"}],"replies":[{"embeddable":true,"href":"https:\/\/ffmm.mil.py\/ejercito\/wp-json\/wp\/v2\/comments?post=66"}],"version-history":[{"count":3,"href":"https:\/\/ffmm.mil.py\/ejercito\/wp-json\/wp\/v2\/pages\/66\/revisions"}],"predecessor-version":[{"id":176,"href":"https:\/\/ffmm.mil.py\/ejercito\/wp-json\/wp\/v2\/pages\/66\/revisions\/176"}],"wp:attachment":[{"href":"https:\/\/ffmm.mil.py\/ejercito\/wp-json\/wp\/v2\/media?parent=66"}],"curies":[{"name":"wp","href":"https:\/\/api.w.org\/{rel}","templated":true}]}}