{"id":69,"date":"2025-07-09T20:44:00","date_gmt":"2025-07-09T18:44:00","guid":{"rendered":"https:\/\/migracion.ffmm.mil.py\/ejercito\/?page_id=69"},"modified":"2025-07-10T18:27:32","modified_gmt":"2025-07-10T16:27:32","slug":"servicio-militar","status":"publish","type":"page","link":"https:\/\/ffmm.mil.py\/ejercito\/servicio-militar\/","title":{"rendered":"Servicio Militar"},"content":{"rendered":"\n<h2 class=\"wp-block-heading\">REQUISITOS<\/h2>\n\n\n\n<p>1- NACIONALIDAD PARAGUAYA<\/p>\n\n\n\n<p>2- EDAD LIMITE ( De 18 a 25 A\u00f1os)<\/p>\n\n\n\n<p>3- Partida de Nacimiento o C\u00e9dula de Identidad Civil.<\/p>\n\n\n\n<p>4- Aprobar verificaci\u00f3n M\u00e9dica<\/p>\n\n\n\n<p>5- Periodo de recepci\u00f3n de Reclutas<\/p>\n\n\n\n<p>a) Primer periodo: 01 de Febrero, Marzo , hasta 30 de Abril.-<\/p>\n\n\n\n<p>b) Segundo periodo: 01 de Agosto, Setiembre, hasta 31 de Octubre.<\/p>\n\n\n<div class=\"wp-block-image\">\n<figure class=\"aligncenter size-large\"><img fetchpriority=\"high\" decoding=\"async\" width=\"1024\" height=\"511\" src=\"https:\/\/cimefor.mil.py\/ejercito\/wp-content\/uploads\/sites\/7\/2025\/07\/Imagen1-1024x511.jpg\" alt=\"\" class=\"wp-image-191\" srcset=\"https:\/\/ffmm.mil.py\/ejercito\/wp-content\/uploads\/sites\/7\/2025\/07\/Imagen1-1024x511.jpg 1024w, https:\/\/ffmm.mil.py\/ejercito\/wp-content\/uploads\/sites\/7\/2025\/07\/Imagen1-300x150.jpg 300w, https:\/\/ffmm.mil.py\/ejercito\/wp-content\/uploads\/sites\/7\/2025\/07\/Imagen1-768x383.jpg 768w, https:\/\/ffmm.mil.py\/ejercito\/wp-content\/uploads\/sites\/7\/2025\/07\/Imagen1.jpg 1037w\" sizes=\"(max-width: 1024px) 100vw, 1024px\" \/><\/figure>\n<\/div>\n\n<div class=\"wp-block-image\">\n<figure class=\"aligncenter size-large\"><img decoding=\"async\" width=\"1024\" height=\"431\" src=\"https:\/\/cimefor.mil.py\/ejercito\/wp-content\/uploads\/sites\/7\/2025\/07\/Imagen2-1024x431.jpg\" alt=\"\" class=\"wp-image-192\" srcset=\"https:\/\/ffmm.mil.py\/ejercito\/wp-content\/uploads\/sites\/7\/2025\/07\/Imagen2-1024x431.jpg 1024w, https:\/\/ffmm.mil.py\/ejercito\/wp-content\/uploads\/sites\/7\/2025\/07\/Imagen2-300x126.jpg 300w, https:\/\/ffmm.mil.py\/ejercito\/wp-content\/uploads\/sites\/7\/2025\/07\/Imagen2-768x323.jpg 768w, https:\/\/ffmm.mil.py\/ejercito\/wp-content\/uploads\/sites\/7\/2025\/07\/Imagen2.jpg 1094w\" sizes=\"(max-width: 1024px) 100vw, 1024px\" \/><\/figure>\n<\/div>","protected":false},"excerpt":{"rendered":"<p>REQUISITOS 1- NACIONALIDAD PARAGUAYA 2- EDAD LIMITE ( De 18 a 25 A\u00f1os) 3- Partida de Nacimiento o C\u00e9dula de Identidad Civil. 4- Aprobar verificaci\u00f3n M\u00e9dica 5- Periodo de recepci\u00f3n de Reclutas a) Primer periodo: 01 de Febrero, Marzo , hasta 30 de Abril.- b) Segundo periodo: 01 de Agosto, Setiembre, hasta 31 de Octubre.<\/p>\n","protected":false},"author":1,"featured_media":0,"parent":0,"menu_order":0,"comment_status":"closed","ping_status":"closed","template":"page-nosidebar.php","meta":{"footnotes":""},"class_list":["post-69","page","type-page","status-publish","hentry"],"_links":{"self":[{"href":"https:\/\/ffmm.mil.py\/ejercito\/wp-json\/wp\/v2\/pages\/69","targetHints":{"allow":["GET"]}}],"collection":[{"href":"https:\/\/ffmm.mil.py\/ejercito\/wp-json\/wp\/v2\/pages"}],"about":[{"href":"https:\/\/ffmm.mil.py\/ejercito\/wp-json\/wp\/v2\/types\/page"}],"author":[{"embeddable":true,"href":"https:\/\/ffmm.mil.py\/ejercito\/wp-json\/wp\/v2\/users\/1"}],"replies":[{"embeddable":true,"href":"https:\/\/ffmm.mil.py\/ejercito\/wp-json\/wp\/v2\/comments?post=69"}],"version-history":[{"count":3,"href":"https:\/\/ffmm.mil.py\/ejercito\/wp-json\/wp\/v2\/pages\/69\/revisions"}],"predecessor-version":[{"id":193,"href":"https:\/\/ffmm.mil.py\/ejercito\/wp-json\/wp\/v2\/pages\/69\/revisions\/193"}],"wp:attachment":[{"href":"https:\/\/ffmm.mil.py\/ejercito\/wp-json\/wp\/v2\/media?parent=69"}],"curies":[{"name":"wp","href":"https:\/\/api.w.org\/{rel}","templated":true}]}}