{"id":70,"date":"2025-07-09T20:44:00","date_gmt":"2025-07-09T18:44:00","guid":{"rendered":"https:\/\/migracion.ffmm.mil.py\/ejercito\/?page_id=70"},"modified":"2025-07-10T18:38:30","modified_gmt":"2025-07-10T16:38:30","slug":"como-formar-parte","status":"publish","type":"page","link":"https:\/\/ffmm.mil.py\/ejercito\/como-formar-parte\/","title":{"rendered":"Como Formar Parte"},"content":{"rendered":"\n<h2 class=\"wp-block-heading alignwide has-text-align-center\">C\u00f3mo Incorporarse<\/h2>\n\n\n\n<p class=\"has-text-align-center\"><strong>\u00abQui\u00e9n no vive para servir, no sirve para vivir (MTC)\u00bb<\/strong><\/p>\n\n\n\n<h2 class=\"wp-block-heading\">Profesionales:<\/h2>\n\n\n\n<h5 class=\"wp-block-heading\">Requisitos b\u00e1sicos para formar parte del Ej\u00e9rcito profesionalmente:<\/h5>\n\n\n\n<p>\u2013 Tener la nacionalidad paraguaya, poseer la edad requerida (Mayor\u00eda de edad), estado civil soltero y sin hijos.<\/p>\n\n\n\n<p>\u2013 Bachillerato concluido en instituciones del nivel medio.<\/p>\n\n\n\n<p>\u2013 Aprobar el examen de ingreso (riguroso y eliminatorio).<\/p>\n\n\n\n<p>\u2013 Por sobre todo poseer condiciones morales, actitud intelectual, cultural, f\u00edsica, salud y esp\u00edritu de servicio a la patria requerida para la profesi\u00f3n militar.<\/p>\n\n\n\n<h2 class=\"wp-block-heading\">De Carrera<\/h2>\n\n\n\n<p><strong>ACADEMIL<\/strong>: Forma personales que integran el cuadro de Oficiales<\/p>\n\n\n\n<p>ACADEMIA MILITAR \u201cMCAL FRANCISCO SOLANO LOPEZ\u201d<\/p>\n\n\n\n<p>Requisitos:<a href=\"https:\/\/drive.google.com\/file\/d\/1i_J6DEUqn9-gOiLYLbIpF_fKiLQwvHrI\/view?usp=sharing\">https:\/\/drive.google.com\/file\/d\/1i_J6DEUqn9-gOiLYLbIpF_fKiLQwvHrI\/view?usp=sharing<\/a><\/p>\n\n\n\n<p>Contacto Telef\u00f3nico:&nbsp;<\/p>\n\n\n\n<p><strong>COMISOE<\/strong>: Forma personales que integran el cuadro de Sub-Oficiales<\/p>\n\n\n\n<p>COLEGIO MILITAR DE SUBOFICIALES DEL EJ\u00c9RCITO<\/p>\n\n\n\n<p>Instituci\u00f3n encargada de formar personales que se integran dentro del cuadro de Sub-Oficiales<\/p>\n\n\n\n<p>Requisitos:&nbsp;<a href=\"https:\/\/drive.google.com\/file\/d\/13263fdiNSLfRJrliPH8iUx1eCf_JQ0Rp\/view?usp=sharing\">https:\/\/drive.google.com\/file\/d\/13263fdiNSLfRJrliPH8iUx1eCf_JQ0Rp\/view?usp=sharing<\/a><\/p>\n\n\n\n<p>Contacto Telef\u00f3nico:&nbsp;<\/p>\n\n\n\n<h2 class=\"wp-block-heading\">Complementario<\/h2>\n\n\n\n<p>Incorporan a profesionales egresados para formar parte de las tropas del Ej\u00e9rcito Paraguayo.<\/p>\n\n\n\n<p>El Ej\u00e9rcito Paraguayo incorpora en sus filas a Se\u00f1ores oficiales y Sub Oficiales denominados de \u00abCarrera complementaria\u00bb (Con T\u00edtulo Universitario en Ciencias Econ\u00f3micas, Agropecuario, Medicina\/Enfermer\u00eda, Ingenier\u00eda).<\/p>\n\n\n\n<p>Vacancia limitada establecida por a\u00f1o para las diferentes categor\u00edas.<\/p>\n\n\n\n<p>Para el ingreso en las diversas Categor\u00edas se dar\u00e1 especial cumplimiento a los requisitos relativos a las condiciones morales, culturales, intelectuales, f\u00edsicas y psicol\u00f3gicas, con el prop\u00f3sito de mantener a las FFAA integradas por profesionales competentes, motivados y entusiasmados por la carrera militar.<\/p>\n\n\n\n<p>Requisitos:&nbsp;<a href=\"https:\/\/drive.google.com\/file\/d\/1FNWR8cjKufOsSjZXs0gHTr4AZgKmEtMg\/view?usp=sharing\">https:\/\/drive.google.com\/file\/d\/1FNWR8cjKufOsSjZXs0gHTr4AZgKmEtMg\/view?usp=sharing<\/a><\/p>\n\n\n\n<h3 class=\"wp-block-heading\">No Profesional:<\/h3>\n\n\n\n<p>Servicio militar Obligatorio:<\/p>\n\n\n\n<p>DIGERMOV es la DIRECCI\u00d3N GENERAL DE RECLUTAMIENTO, RESERVA Y MOVILIZACI\u00d3N.<\/p>\n\n\n\n<p>Instituci\u00f3n encargada de gestionar personal en situaci\u00f3n de reserva.<\/p>\n\n\n\n<p>Acuda a la unidad militar m\u00e1s cercana a su alcance para iniciar los procesos de enrolamiento.<\/p>\n\n\n\n<h2 class=\"wp-block-heading\">REQUISITOS:<\/h2>\n\n\n\n<p>1- NACIONALIDAD PARAGUAYA<\/p>\n\n\n\n<p>2- EDAD LIMITE (De 18 a 25 A\u00f1os)<\/p>\n\n\n\n<p>3- Certificado de Nacimiento o C\u00e9dula de Identidad Civil en mano.<\/p>\n\n\n\n<p>4- Aprobar verificaci\u00f3n M\u00e9dica<\/p>\n\n\n\n<p>5- Periodo de recepci\u00f3n de Reclutas<\/p>\n\n\n\n<p>DIGERMOV<br>Consultas de periodos de recepci\u00f3n 021 605 686<\/p>\n\n\n\n<p><\/p>\n","protected":false},"excerpt":{"rendered":"<p>C\u00f3mo Incorporarse \u00abQui\u00e9n no vive para servir, no sirve para vivir (MTC)\u00bb Profesionales: Requisitos b\u00e1sicos para formar parte del Ej\u00e9rcito profesionalmente: \u2013 Tener la nacionalidad paraguaya, poseer la edad requerida (Mayor\u00eda de edad), estado civil soltero y sin hijos. \u2013 Bachillerato concluido en instituciones del nivel medio. \u2013 Aprobar el examen de ingreso (riguroso y [&hellip;]<\/p>\n","protected":false},"author":1,"featured_media":0,"parent":0,"menu_order":0,"comment_status":"closed","ping_status":"closed","template":"page-nosidebar.php","meta":{"footnotes":""},"class_list":["post-70","page","type-page","status-publish","hentry"],"_links":{"self":[{"href":"https:\/\/ffmm.mil.py\/ejercito\/wp-json\/wp\/v2\/pages\/70","targetHints":{"allow":["GET"]}}],"collection":[{"href":"https:\/\/ffmm.mil.py\/ejercito\/wp-json\/wp\/v2\/pages"}],"about":[{"href":"https:\/\/ffmm.mil.py\/ejercito\/wp-json\/wp\/v2\/types\/page"}],"author":[{"embeddable":true,"href":"https:\/\/ffmm.mil.py\/ejercito\/wp-json\/wp\/v2\/users\/1"}],"replies":[{"embeddable":true,"href":"https:\/\/ffmm.mil.py\/ejercito\/wp-json\/wp\/v2\/comments?post=70"}],"version-history":[{"count":3,"href":"https:\/\/ffmm.mil.py\/ejercito\/wp-json\/wp\/v2\/pages\/70\/revisions"}],"predecessor-version":[{"id":195,"href":"https:\/\/ffmm.mil.py\/ejercito\/wp-json\/wp\/v2\/pages\/70\/revisions\/195"}],"wp:attachment":[{"href":"https:\/\/ffmm.mil.py\/ejercito\/wp-json\/wp\/v2\/media?parent=70"}],"curies":[{"name":"wp","href":"https:\/\/api.w.org\/{rel}","templated":true}]}}