{"id":16,"date":"2025-07-11T15:16:31","date_gmt":"2025-07-11T13:16:31","guid":{"rendered":"https:\/\/migracion.ffmm.mil.py\/epoe\/?page_id=16"},"modified":"2025-07-11T15:33:25","modified_gmt":"2025-07-11T13:33:25","slug":"mision-vision-y-naturaleza","status":"publish","type":"page","link":"https:\/\/ffmm.mil.py\/epoe\/mision-vision-y-naturaleza\/","title":{"rendered":"Misi\u00f3n, Visi\u00f3n y Naturaleza"},"content":{"rendered":"\n<div class=\"wp-block-columns is-layout-flex wp-container-core-columns-is-layout-28f84493 wp-block-columns-is-layout-flex\">\n<div class=\"wp-block-column is-layout-flow wp-block-column-is-layout-flow\">\n<h2 class=\"wp-block-heading has-text-align-center\">Misi\u00f3n<\/h2>\n\n\n\n<p>La Escuela de Perfeccionamiento de Oficiales del Ej\u00e9rcito, es un Instituto Componente (IICC) de Ense\u00f1anza Superior del Comando de Instituto Militar de Ense\u00f1anza del Ej\u00e9rcito (CIMEE) y una Unidad Acad\u00e9mica del Instituto Militar de Ense\u00f1anza Superior (IMES), que tiene la misi\u00f3n de preparar y habilitar oficiales para el ejercicio de las funciones de Comandante y\/o miembro de la Plana Mayor de las Unidades (Batallones y Regimiento) del Ej\u00e9rcito.<\/p>\n<\/div>\n\n\n\n<div class=\"wp-block-column is-layout-flow wp-block-column-is-layout-flow\">\n<h2 class=\"wp-block-heading has-text-align-center\">Visi\u00f3n<\/h2>\n\n\n\n<p>La Escuela de Perfeccionamiento de Oficiales del Ej\u00e9rcito, es un Instituto de Educaci\u00f3n Superior que busca, el logro de la excelencia educativa, obtener recursos humanos de elevado valor profesional, con plena capacidad para la conducci\u00f3n y la administraci\u00f3n de los recursos que la sociedad (Estado) pone a disposici\u00f3n de sus Fuerzas Armadas.<\/p>\n<\/div>\n\n\n\n<div class=\"wp-block-column is-layout-flow wp-block-column-is-layout-flow\">\n<h2 class=\"wp-block-heading has-text-align-center\">Naturaleza<\/h2>\n\n\n\n<p>La EPOE es un Instituto Componente (IICC) de Ense\u00f1anza Superior del Comando de Instituto Militar de Ense\u00f1anza del Ej\u00e9rcito (CIMEE) y una Unidad Acad\u00e9mica del Instituto Militar de Ense\u00f1anza Superior (IMES). Como IICC se constituyen en Unidad Acad\u00e9mica establecida con el fin de prestar un servicio educativo al Ej\u00e9rcito y las FFAA para el perfeccionamiento de personal militar del cuadro de Oficiales (con el grado de Capit\u00e1n); y contribuir con el CIMEE en el otorgamiento de los T\u00edtulos de Postgrado, en los t\u00e9rminos fijados en la Ley General de Educaci\u00f3n, la Ley 2.435\/04, la Ley 6.208\/18 y los reglamentos vigentes.<\/p>\n<\/div>\n<\/div>\n\n\n\n<p><\/p>\n","protected":false},"excerpt":{"rendered":"<p>Misi\u00f3n La Escuela de Perfeccionamiento de Oficiales del Ej\u00e9rcito, es un Instituto Componente (IICC) de Ense\u00f1anza Superior del Comando de Instituto Militar de Ense\u00f1anza del Ej\u00e9rcito (CIMEE) y una Unidad Acad\u00e9mica del Instituto Militar de Ense\u00f1anza Superior (IMES), que tiene la misi\u00f3n de preparar y habilitar oficiales para el ejercicio de las funciones de Comandante [&hellip;]<\/p>\n","protected":false},"author":1,"featured_media":0,"parent":0,"menu_order":0,"comment_status":"closed","ping_status":"closed","template":"page-nosidebar.php","meta":{"footnotes":""},"class_list":["post-16","page","type-page","status-publish","hentry"],"_links":{"self":[{"href":"https:\/\/ffmm.mil.py\/epoe\/wp-json\/wp\/v2\/pages\/16","targetHints":{"allow":["GET"]}}],"collection":[{"href":"https:\/\/ffmm.mil.py\/epoe\/wp-json\/wp\/v2\/pages"}],"about":[{"href":"https:\/\/ffmm.mil.py\/epoe\/wp-json\/wp\/v2\/types\/page"}],"author":[{"embeddable":true,"href":"https:\/\/ffmm.mil.py\/epoe\/wp-json\/wp\/v2\/users\/1"}],"replies":[{"embeddable":true,"href":"https:\/\/ffmm.mil.py\/epoe\/wp-json\/wp\/v2\/comments?post=16"}],"version-history":[{"count":6,"href":"https:\/\/ffmm.mil.py\/epoe\/wp-json\/wp\/v2\/pages\/16\/revisions"}],"predecessor-version":[{"id":86,"href":"https:\/\/ffmm.mil.py\/epoe\/wp-json\/wp\/v2\/pages\/16\/revisions\/86"}],"wp:attachment":[{"href":"https:\/\/ffmm.mil.py\/epoe\/wp-json\/wp\/v2\/media?parent=16"}],"curies":[{"name":"wp","href":"https:\/\/api.w.org\/{rel}","templated":true}]}}