{"id":17,"date":"2025-07-11T15:16:31","date_gmt":"2025-07-11T13:16:31","guid":{"rendered":"https:\/\/migracion.ffmm.mil.py\/epoe\/?page_id=17"},"modified":"2025-07-11T15:36:54","modified_gmt":"2025-07-11T13:36:54","slug":"objetivos","status":"publish","type":"page","link":"https:\/\/ffmm.mil.py\/epoe\/objetivos\/","title":{"rendered":"OBJETIVOS"},"content":{"rendered":"\n<div class=\"wp-block-columns is-layout-flex wp-container-core-columns-is-layout-28f84493 wp-block-columns-is-layout-flex\">\n<div class=\"wp-block-column is-layout-flow wp-block-column-is-layout-flow\">\n<h2 class=\"wp-block-heading\">Objetivo General<\/h2>\n\n\n\n<p>Desarrollar el Curso de Perfeccionamiento de Oficiales del Ej\u00e9rcito y el Programa de Maestr\u00eda en Operaciones Militares.<\/p>\n<\/div>\n\n\n\n<div class=\"wp-block-column is-layout-flow wp-block-column-is-layout-flow\">\n<h2 class=\"wp-block-heading\">Objetivos espec\u00edficos<\/h2>\n\n\n\n<ul class=\"wp-block-list\">\n<li>Desarrollar la funci\u00f3n acad\u00e9mica visando profundizar los conocimientos en Operaciones Militares, de los Oficiales Alumnos para la conducci\u00f3n eficiente de las operaciones t\u00e1cticas y administrativas de las Unidades del Ej\u00e9rcito en ambientes de guerra convencional, no convencional; en ambiente de paz: en operaciones no militares y en operaciones de mantenimiento de paz;<\/li>\n\n\n\n<li>Dotar a los mismos del entrenamiento y vigor f\u00edsico necesario para su desempe\u00f1o eficiente como Comandante o Jefe de elemento constituido;<\/li>\n\n\n\n<li>Proporcionar los conocimientos t\u00e1cticos y cient\u00edficos suficientes e imprescindible al futuro Comandante o Administrador, a trav\u00e9s del Programa de Posgraduaci\u00f3n obteniendo el T\u00edtulo de Magister en Operaciones Militares.<\/li>\n\n\n\n<li>Brindar las condiciones necesarias de infraestructura y materiales para el desarrollo del Plan de Ense\u00f1anza.<\/li>\n\n\n\n<li>Seleccionar y preparar a los Profesores.<\/li>\n\n\n\n<li>Conceptuar la capacidad profesional, moral e intelectual de los Oficiales Alumnos.<\/li>\n<\/ul>\n<\/div>\n<\/div>\n\n\n\n<p><\/p>\n","protected":false},"excerpt":{"rendered":"<p>Objetivo General Desarrollar el Curso de Perfeccionamiento de Oficiales del Ej\u00e9rcito y el Programa de Maestr\u00eda en Operaciones Militares. Objetivos espec\u00edficos<\/p>\n","protected":false},"author":1,"featured_media":0,"parent":0,"menu_order":0,"comment_status":"closed","ping_status":"closed","template":"page-nosidebar.php","meta":{"footnotes":""},"class_list":["post-17","page","type-page","status-publish","hentry"],"_links":{"self":[{"href":"https:\/\/ffmm.mil.py\/epoe\/wp-json\/wp\/v2\/pages\/17","targetHints":{"allow":["GET"]}}],"collection":[{"href":"https:\/\/ffmm.mil.py\/epoe\/wp-json\/wp\/v2\/pages"}],"about":[{"href":"https:\/\/ffmm.mil.py\/epoe\/wp-json\/wp\/v2\/types\/page"}],"author":[{"embeddable":true,"href":"https:\/\/ffmm.mil.py\/epoe\/wp-json\/wp\/v2\/users\/1"}],"replies":[{"embeddable":true,"href":"https:\/\/ffmm.mil.py\/epoe\/wp-json\/wp\/v2\/comments?post=17"}],"version-history":[{"count":3,"href":"https:\/\/ffmm.mil.py\/epoe\/wp-json\/wp\/v2\/pages\/17\/revisions"}],"predecessor-version":[{"id":88,"href":"https:\/\/ffmm.mil.py\/epoe\/wp-json\/wp\/v2\/pages\/17\/revisions\/88"}],"wp:attachment":[{"href":"https:\/\/ffmm.mil.py\/epoe\/wp-json\/wp\/v2\/media?parent=17"}],"curies":[{"name":"wp","href":"https:\/\/api.w.org\/{rel}","templated":true}]}}