{"id":18,"date":"2025-07-11T15:16:31","date_gmt":"2025-07-11T13:16:31","guid":{"rendered":"https:\/\/migracion.ffmm.mil.py\/epoe\/?page_id=18"},"modified":"2025-07-11T15:38:10","modified_gmt":"2025-07-11T13:38:10","slug":"historial-epoe","status":"publish","type":"page","link":"https:\/\/ffmm.mil.py\/epoe\/historial-epoe\/","title":{"rendered":"HISTORIAL EPOE"},"content":{"rendered":"\n<div class=\"wp-block-columns is-layout-flex wp-container-core-columns-is-layout-28f84493 wp-block-columns-is-layout-flex\">\n<div class=\"wp-block-column is-layout-flow wp-block-column-is-layout-flow\" style=\"flex-basis:33.33%\">\n<figure class=\"wp-block-image size-full\"><img fetchpriority=\"high\" decoding=\"async\" width=\"261\" height=\"300\" src=\"https:\/\/cimefor.mil.py\/epoe\/wp-content\/uploads\/sites\/9\/2025\/07\/ESCUDO-EPOE-e1736447682489-261x300-1.png\" alt=\"\" class=\"wp-image-89\"\/><\/figure>\n<\/div>\n\n\n\n<div class=\"wp-block-column is-layout-flow wp-block-column-is-layout-flow\" style=\"flex-basis:66.66%\"><\/div>\n<\/div>\n\n\n\n<h1 class=\"wp-block-heading has-text-align-center\"><strong>HISTORIAL DE LA EPOE<\/strong><\/h1>\n\n\n\n<p>Terminada la Primera Guerra Mundial, hubo una preeminencia en la difusi\u00f3n de la doctrina francesa a los ej\u00e9rcitos en creaci\u00f3n, especialmente en Latinoam\u00e9rica.<\/p>\n\n\n\n<p>En 1926, bajo el gobierno del Dr. Eligio Ayala, se decidi\u00f3 la contrataci\u00f3n de la Misi\u00f3n Militar Francesa, y se cre\u00f3 un&nbsp;<em>\u201c<strong>Centro de Perfeccionamiento Militar<\/strong>\u201d<\/em>, Cuyo Plan de Estudios entre otros abarcaba generalidades sobre servicios de Estado Mayor y conocimientos sobre las Armas y Servicios, constituy\u00e9ndose este Centro, como la antecesora de la Escuela de Aplicaciones de las Fuerzas Armadas, que funcion\u00f3 en la antigua Escuela &nbsp;&nbsp;Militar<\/p>\n\n\n\n<p>La inestabilidad de la pol\u00edtica interna y el inminente conflicto internacional contra Bolivia (1932-1935), por los problemas lim\u00edtrofes, debido a la ocupaci\u00f3n sistem\u00e1tica del territorio chaque\u00f1o, hist\u00f3ricamente perteneciente a la Rep\u00fablica del Paraguay, impidieron la continuidad del funcionamiento de este Centro de Perfeccionamiento.<\/p>\n\n\n\n<p>El Dr. Eligio Ayala, presidente de la Rep\u00fablica del Paraguay, por Decreto N\u00b0 39.494 del 23 de febrero de 1931, contrat\u00f3 a la Misi\u00f3n Militar Argentina, para suceder a la de la misi\u00f3n militar francesa por t\u00e9rmino de contrato. Un nuevo ciclo se iniciaba en el intento de la preparaci\u00f3n profesional de nuestros cuadros, especialmente la de los Se\u00f1ores Oficiales, sin embargo, el estallido de la Guerra contra Bolivia, oblig\u00f3 al superior gobierno argentino retirar su Misi\u00f3n Militar, como prueba de neutralidad en el conflicto b\u00e9lico.<\/p>\n\n\n\n<p>De esta manera se enfrentaba el conflicto contra Bolivia con poca preparaci\u00f3n en la ciencia militar, no obstante, como la guerra es tambi\u00e9n arte, a los oficiales le cupo una excelente participaci\u00f3n, debido a su valent\u00eda y esp\u00edritu de pertenencia que tuvieron nuestros h\u00e9roes oficiales y tropas incorporadas para esta justa guerrera, venciendo a un enemigo tenaz y a una&nbsp;&nbsp;<strong>\u201cnaturaleza hostil\u201d<\/strong>,&nbsp; como pronunciara en su discurso de secesi\u00f3n de guerra, el 12 de junio de 1935, el glorioso conductor paraguayo durante la contienda chaque\u00f1a, Mcal. Jos\u00e9 F\u00e9lix Estigarribia. Sin embargo, las p\u00e9rdidas humanas y materiales podr\u00edan haber sido menos al contar con oficiales profesionales preparados, fundamentalmente, en la doctrina de empleo de guerra.<\/p>\n\n\n\n<p>Terminada la guerra contra Bolivia, en Diciembre de 1937 mediante el Decreto ley N\u00b0 3.203, nuevamente el gobierno nacional decidi\u00f3 contratar la&nbsp;<strong><em>asesor\u00eda militar francesa<\/em><\/strong>&nbsp;a trav\u00e9s de un convenio entre nuestro pa\u00eds y la Rep\u00fablica de Francia, permitiendo incorporar al Ej\u00e9rcito Nacional a Se\u00f1ores Oficiales, componentes de la Misi\u00f3n Militar Francesa presidida por el TCnel Ernesto Pettit y varios otros oficiales miembros, reinici\u00e1ndose de esa manera las actividades de preparaci\u00f3n de nuestros cuadros, despu\u00e9s de un largo periodo de inacci\u00f3n, de este modo dos a\u00f1os m\u00e1s adelante se llegar\u00eda a crear la Escuela de Aplicaciones de las Fuerzas Armadas (EAFA), con el af\u00e1n de perfeccionar los conocimientos de los Se\u00f1ores Oficiales, fundamentalmente de los capitanes del Ej\u00e9rcito y de la Fuerza A\u00e9rea y grados equivalentes de la Armada Nacional.<\/p>\n\n\n\n<p>En el a\u00f1o 1940 por intermedio del Decreto Ley N\u00b0 3.821 se rescinde el contrato con la Misi\u00f3n Militar Francesa, no obstante, el mismo a\u00f1o, por Decreto ley N\u00b0 3.878 se aprueba el contrato celebrado entre el Ministerio de Guerra y Marina del Paraguay y varios oficiales franceses sobre prestaci\u00f3n de servicios profesionales en nuestras instituciones militares superiores de ense\u00f1anza.<\/p>\n\n\n\n<p>Luego de varios intentos, en el a\u00f1o 1940 se llegaba a crear la so\u00f1ada Escuela de Aplicaciones para Oficiales de las Fuerzas Armadas Naci\u00f3n cuyas bases fundamentales fueron entre otros la creciente necesidad de contar con oficiales perfeccionados para las organizaciones militares, especialmente los cuerpos de tropas, y la preparaci\u00f3n intelectual de los capitanes para su posterior ingreso a la Escuela Superior de Guerra.<\/p>\n\n\n\n<p>Por Orden General N\u00ba 78 del COMANJEFE, de fecha 16 de octubre de 1940, fue creada la Escuela con la denominaci\u00f3n de \u201c<strong>Escuela de Aplicaciones de las Fuerzas Armadas<\/strong>\u201d, bajo la orientaci\u00f3n de algunos oficiales franceses contratados para el efecto, siendo nombrado su primer director el&nbsp;<strong>TCNEL INF MUSHUITO VILLASBOA<\/strong>.<\/p>\n\n\n\n<p>Para el funcionamiento de la misma entre otros se establecieron algunos objetivos como la de perfeccionar los conocimientos a los SS.OO. Capitanes, a fin de practicar y especializarse en las tareas de Instructores \u2013 educadores, para luego desempe\u00f1arse en los cuerpos de Tropa y prepararse para el ingreso en la Escuela Superior de guerra.<\/p>\n\n\n\n<p>A pesar de la dificultad que se tuvo en la especializaci\u00f3n de los cuadros de las fuerzas armadas por la inestabilidad pol\u00edtica interna reinante, el Paraguay declar\u00f3 la guerra a Alemania y Jap\u00f3n el 7 de febrero de 1945 bajo la presidencia del Gral. Higinio Mor\u00ednigo. Luego de la segunda guerra mundial, cambi\u00f3 el escenario pol\u00edtico militar, pasando a recibir nuestras fuerzas armadas los asesoramientos de Brasil y Estados Unidos de Norteam\u00e9rica.<\/p>\n\n\n\n<p>A partir del a\u00f1o 1946 se pas\u00f3 a recibir los asesoramientos de las misiones militares de Brasil y Estados Unidos de Norteam\u00e9rica. Ese mismo a\u00f1o la Escuela de Aplicaciones de las Fuerzas Armadas pas\u00f3 a funcionar en la sede del Comando en Jefe, bajo la direcci\u00f3n de la Misi\u00f3n Militar Brasile\u00f1a de Instrucci\u00f3n en el Paraguay, recibiendo adem\u00e1s el asesoramiento de la Misi\u00f3n Militar Terrestre de los Estados Unidos de Norteam\u00e9rica.<\/p>\n\n\n\n<p>Nuevamente la preparaci\u00f3n de los Se\u00f1ores Oficiales fue abruptamente interrumpida al estallar la Guerra civil de 1947, en la que profesores y alumnos que no se adhirieron a la causa del gobierno fueron confinados a CAACUPE, luego a la c\u00e1rcel p\u00fablica. A partir de 1949, luego de asumir en el gobierno el Partido Colorado con Federico Ch\u00e1vez como presidente de la Rep\u00fablica, las actividades acad\u00e9micas de la Escuela fueron normalizadas.<\/p>\n\n\n\n<p>En el a\u00f1o 1953, adem\u00e1s del Curso de Aplicaciones, se cre\u00f3 el Curso de Informaciones para Jefes, por orden general N\u00ba 16 de fecha 31 de marzo de 1953, que ten\u00eda el prop\u00f3sito de habilitar a los oficiales del cuadro permanente y de la reserva que no realizaron curso de aplicaciones para el ascenso al grado inmediato superior y la de preparar a los mismos para su ingreso a la Escuela Superior de Guerra. A partir del a\u00f1o 1954, bajo la presidencia del Gral. Alfredo Stroessner, en el inicio de su gobierno se iniciaron algunas reformas en la preparaci\u00f3n profesional de los oficiales del cuadro permanente y de la reserva.<\/p>\n\n\n\n<p>En 1970, fue el \u00faltimo a\u00f1o en que la Misi\u00f3n Militar terrestre del Ej\u00e9rcito de los EE UU de Norte Am\u00e9rica prest\u00f3 su asesoramiento a las Fuerzas Armadas del Paraguay a trav\u00e9s de la misi\u00f3n militar, cambiando esa modalidad por la de oficina de Cooperaci\u00f3n de Defensa, que establece relacionamiento con nuestras fuerzas armadas por intermedio de oficiales de enlace, siendo este oficial el nexo entre ambas fuerzas para la realizaci\u00f3n de actividades de entrenamiento y capacitaci\u00f3n de todas las clases profesionales de los cuadros de oficiales y sub-oficiales. Sin embargo la Misi\u00f3n Militar Brasile\u00f1a en el Paraguay sigui\u00f3 con su asesoramiento hasta el a\u00f1o 1996, pasando despu\u00e9s a prestar su ayuda a trav\u00e9s de una Oficina de Cooperaci\u00f3n. A partir de entonces la instituci\u00f3n funciona exclusivamente con profesores nacionales y los extranjeros solo son invitados para compartir sus respectivas experiencias.<\/p>\n\n\n\n<p>Desde el a\u00f1o 1980 la Escuela de Perfeccionamiento de Oficiales forma parte del Comando de Institutos Militares de Ense\u00f1anza del Ej\u00e9rcito. Desde el a\u00f1o 2004, en virtud de la ley N\u00ba 2364 de fecha 10 de agosto de 2004, la Instituci\u00f3n pasa a la categor\u00eda de Instituto Superior de Educaci\u00f3n, que lo habilita a otorgar t\u00edtulo del Grado de Maestr\u00eda en Operaciones Militares a los oficiales perfeccionados que re\u00fanen los requisitos exigidos por el Instituto Superior de Educaci\u00f3n (CIMEE).<\/p>\n","protected":false},"excerpt":{"rendered":"<p>HISTORIAL DE LA EPOE Terminada la Primera Guerra Mundial, hubo una preeminencia en la difusi\u00f3n de la doctrina francesa a los ej\u00e9rcitos en creaci\u00f3n, especialmente en Latinoam\u00e9rica. En 1926, bajo el gobierno del Dr. Eligio Ayala, se decidi\u00f3 la contrataci\u00f3n de la Misi\u00f3n Militar Francesa, y se cre\u00f3 un&nbsp;\u201cCentro de Perfeccionamiento Militar\u201d, Cuyo Plan de [&hellip;]<\/p>\n","protected":false},"author":1,"featured_media":0,"parent":0,"menu_order":0,"comment_status":"closed","ping_status":"closed","template":"page-nosidebar.php","meta":{"footnotes":""},"class_list":["post-18","page","type-page","status-publish","hentry"],"_links":{"self":[{"href":"https:\/\/ffmm.mil.py\/epoe\/wp-json\/wp\/v2\/pages\/18","targetHints":{"allow":["GET"]}}],"collection":[{"href":"https:\/\/ffmm.mil.py\/epoe\/wp-json\/wp\/v2\/pages"}],"about":[{"href":"https:\/\/ffmm.mil.py\/epoe\/wp-json\/wp\/v2\/types\/page"}],"author":[{"embeddable":true,"href":"https:\/\/ffmm.mil.py\/epoe\/wp-json\/wp\/v2\/users\/1"}],"replies":[{"embeddable":true,"href":"https:\/\/ffmm.mil.py\/epoe\/wp-json\/wp\/v2\/comments?post=18"}],"version-history":[{"count":2,"href":"https:\/\/ffmm.mil.py\/epoe\/wp-json\/wp\/v2\/pages\/18\/revisions"}],"predecessor-version":[{"id":90,"href":"https:\/\/ffmm.mil.py\/epoe\/wp-json\/wp\/v2\/pages\/18\/revisions\/90"}],"wp:attachment":[{"href":"https:\/\/ffmm.mil.py\/epoe\/wp-json\/wp\/v2\/media?parent=18"}],"curies":[{"name":"wp","href":"https:\/\/api.w.org\/{rel}","templated":true}]}}