{"id":24,"date":"2025-07-11T15:16:31","date_gmt":"2025-07-11T13:16:31","guid":{"rendered":"https:\/\/migracion.ffmm.mil.py\/epoe\/?page_id=24"},"modified":"2025-07-11T15:46:06","modified_gmt":"2025-07-11T13:46:06","slug":"plantel-de-profesores","status":"publish","type":"page","link":"https:\/\/ffmm.mil.py\/epoe\/plantel-de-profesores\/","title":{"rendered":"PLANTEL DE PROFESORES"},"content":{"rendered":"\n<ol class=\"wp-block-list\">\n<li class=\"has-normal-font-size\"><strong>Cnel DCEM RODOLFO N\u00da\u00d1EZ FERN\u00c1NDEZ\u00a0 \u00a0 \u00a0 \u00a0 \u00a0\u00a0<\/strong><\/li>\n\n\n\n<li class=\"has-normal-font-size\"><strong>Cnel DCEM ERICO GUSTAVO MEDINA VERA\u00a0<\/strong><\/li>\n\n\n\n<li class=\"has-normal-font-size\"><strong>TCnel DCEM RAFAEL VEL\u00c1ZQUEZ CHAMORRO<\/strong><\/li>\n\n\n\n<li class=\"has-normal-font-size\"><strong>TCnel DCEM JUAN FRANCISCO ACU\u00d1A NU\u00d1EZ\u00a0\u00a0\u00a0\u00a0\u00a0\u00a0\u00a0\u00a0\u00a0\u00a0\u00a0\u00a0\u00a0<\/strong><\/li>\n\n\n\n<li class=\"has-normal-font-size\"><strong>My DCEM ROLANDO GONZALEZ ROLON \u00a0\u00a0\u00a0\u00a0\u00a0\u00a0\u00a0\u00a0\u00a0\u00a0\u00a0\u00a0\u00a0\u00a0\u00a0\u00a0\u00a0\u00a0\u00a0<\/strong><\/li>\n\n\n\n<li class=\"has-normal-font-size\"><strong>My DCEM VICTOR JOSE BAREIRO MENDOZA\u00a0\u00a0\u00a0\u00a0\u00a0\u00a0\u00a0\u00a0\u00a0\u00a0\u00a0\u00a0<\/strong><\/li>\n\n\n\n<li class=\"has-normal-font-size\"><strong>My DCEM ABEL ALEJANDRO BENITEZ ZARZA\u00a0\u00a0\u00a0\u00a0\u00a0\u00a0\u00a0\u00a0\u00a0<\/strong><\/li>\n\n\n\n<li class=\"has-normal-font-size\"><strong>My DCEM ENZO BEJAMIN GARRIGOZA AGUERO\u00a0\u00a0\u00a0\u00a0\u00a0<\/strong><\/li>\n\n\n\n<li class=\"has-normal-font-size\"><strong>My DCEM JOSE MARIA MARIN VALDEZ\u00a0\u00a0\u00a0\u00a0\u00a0\u00a0\u00a0\u00a0\u00a0\u00a0\u00a0\u00a0\u00a0\u00a0\u00a0\u00a0\u00a0\u00a0\u00a0\u00a0\u00a0\u00a0<\/strong><\/li>\n\n\n\n<li class=\"has-normal-font-size\"><strong>My DCEM LUIS ENRIQUE FLORES ACOSTA\u00a0\u00a0\u00a0\u00a0\u00a0\u00a0\u00a0\u00a0\u00a0\u00a0\u00a0\u00a0\u00a0\u00a0\u00a0\u00a0<\/strong><\/li>\n\n\n\n<li class=\"has-normal-font-size\"><strong>My DCEM FREDI GASPAR GUERRERO CA\u00d1IZA\u00a0\u00a0\u00a0\u00a0\u00a0\u00a0\u00a0\u00a0\u00a0<\/strong><\/li>\n\n\n\n<li class=\"has-normal-font-size\"><strong>My DCEM JUAN VIDAL ROJAS VI\u00d1ALES<\/strong><\/li>\n<\/ol>\n","protected":false},"excerpt":{"rendered":"","protected":false},"author":1,"featured_media":0,"parent":0,"menu_order":0,"comment_status":"closed","ping_status":"closed","template":"page-nosidebar.php","meta":{"footnotes":""},"class_list":["post-24","page","type-page","status-publish","hentry"],"_links":{"self":[{"href":"https:\/\/ffmm.mil.py\/epoe\/wp-json\/wp\/v2\/pages\/24","targetHints":{"allow":["GET"]}}],"collection":[{"href":"https:\/\/ffmm.mil.py\/epoe\/wp-json\/wp\/v2\/pages"}],"about":[{"href":"https:\/\/ffmm.mil.py\/epoe\/wp-json\/wp\/v2\/types\/page"}],"author":[{"embeddable":true,"href":"https:\/\/ffmm.mil.py\/epoe\/wp-json\/wp\/v2\/users\/1"}],"replies":[{"embeddable":true,"href":"https:\/\/ffmm.mil.py\/epoe\/wp-json\/wp\/v2\/comments?post=24"}],"version-history":[{"count":4,"href":"https:\/\/ffmm.mil.py\/epoe\/wp-json\/wp\/v2\/pages\/24\/revisions"}],"predecessor-version":[{"id":99,"href":"https:\/\/ffmm.mil.py\/epoe\/wp-json\/wp\/v2\/pages\/24\/revisions\/99"}],"wp:attachment":[{"href":"https:\/\/ffmm.mil.py\/epoe\/wp-json\/wp\/v2\/media?parent=24"}],"curies":[{"name":"wp","href":"https:\/\/api.w.org\/{rel}","templated":true}]}}