{"id":249,"date":"2025-07-11T19:07:09","date_gmt":"2025-07-11T17:07:09","guid":{"rendered":"https:\/\/migracion.ffmm.mil.py\/epoe\/?page_id=249"},"modified":"2025-07-11T19:07:09","modified_gmt":"2025-07-11T17:07:09","slug":"informaciones","status":"publish","type":"page","link":"https:\/\/ffmm.mil.py\/epoe\/informaciones\/","title":{"rendered":"Informaciones"},"content":{"rendered":"\n<div class=\"wp-block-columns is-layout-flex wp-container-core-columns-is-layout-28f84493 wp-block-columns-is-layout-flex\">\n<div class=\"wp-block-column is-layout-flow wp-block-column-is-layout-flow\">\n<h2 class=\"wp-block-heading\">RA\u00cdCES HEDONISTAS<\/h2>\n\n\n\n<p>El paso cl\u00e1sico&nbsp;<em>\u201cLorem ipsum dolor sit amet\u2026\u201d<\/em>&nbsp;se atribuye a una remixaci\u00f3n del texto de&nbsp;<em>De Finibus Bonorum et Malorum (\u201cEn los extremos del bien y del mal\u201d)<\/em>, del fil\u00f3sofo romano&nbsp;<a href=\"https:\/\/en.wikipedia.org\/wiki\/Cicero\" target=\"_blank\" rel=\"noreferrer noopener\">Cicer\u00f3n<\/a>, de 45 aC. M\u00e1s espec\u00edficamente, se piensa que el pasaje proviene de las secciones 1.10.32 \u2013 33 de su texto, con la parte m\u00e1s notable extra\u00edda a continuaci\u00f3n:<\/p>\n\n\n\n<blockquote class=\"wp-block-quote is-layout-flow wp-block-quote-is-layout-flow\">\n<p>\u201cNeque porro quisquam est, qui&nbsp;<em>dolorem ipsum<\/em>&nbsp;quia&nbsp;<em>dolor sit amet, consectetur, adipisci velit, sed<\/em>&nbsp;quia non numquam eius modi tempora incidunt ut labore et dolore magnam aliquam quaerat voluptatem.\u201d<\/p>\n<\/blockquote>\n\n\n\n<p>Una traducci\u00f3n inglesa de 1914 por&nbsp;<a href=\"https:\/\/en.wikipedia.org\/wiki\/Lorem_ipsum#English_translation\" target=\"_blank\" rel=\"noreferrer noopener\">Harris Rackham<\/a>&nbsp;lee:<\/p>\n\n\n\n<blockquote class=\"wp-block-quote is-layout-flow wp-block-quote-is-layout-flow\">\n<p>\u201cNor is there anyone who loves or pursues or desires to obtain pain of itself, because it is pain, but occasionally circumstances occur in which toil and pain can procure him some great pleasure.\u201d<\/p>\n<\/blockquote>\n\n\n\n<p>De acuerdo con el profesor latino&nbsp;<a href=\"https:\/\/priceonomics.com\/the-history-of-lorem-ipsum\/\" target=\"_blank\" rel=\"noreferrer noopener\">Richard McClintock<\/a>&nbsp;\u2014 el hombre al que se atribuy\u00f3 el descubrimiento de las ra\u00edces de Lorem Ipsum \u2014 es probable que en alg\u00fan momento de la edad media un tip\u00f3grafo codificara parte de&nbsp;<em>De Finibus<\/em>&nbsp;de Cicer\u00f3n para proporcionar un texto reservado para modelar varias fuentes para un libro tipo esp\u00e9cimen. Pero ese era s\u00f3lo el inicio.<\/p>\n<\/div>\n\n\n\n<div class=\"wp-block-column is-layout-flow wp-block-column-is-layout-flow\">\n<figure class=\"wp-block-image size-large\"><img fetchpriority=\"high\" decoding=\"async\" width=\"1024\" height=\"576\" src=\"https:\/\/cimefor.mil.py\/epoe\/wp-content\/uploads\/sites\/9\/2025\/07\/006-2048x1152-1-1024x576.jpg\" alt=\"\" class=\"wp-image-250\" srcset=\"https:\/\/ffmm.mil.py\/epoe\/wp-content\/uploads\/sites\/9\/2025\/07\/006-2048x1152-1-1024x576.jpg 1024w, https:\/\/ffmm.mil.py\/epoe\/wp-content\/uploads\/sites\/9\/2025\/07\/006-2048x1152-1-300x169.jpg 300w, https:\/\/ffmm.mil.py\/epoe\/wp-content\/uploads\/sites\/9\/2025\/07\/006-2048x1152-1-768x432.jpg 768w, https:\/\/ffmm.mil.py\/epoe\/wp-content\/uploads\/sites\/9\/2025\/07\/006-2048x1152-1-1536x864.jpg 1536w, https:\/\/ffmm.mil.py\/epoe\/wp-content\/uploads\/sites\/9\/2025\/07\/006-2048x1152-1.jpg 2048w\" sizes=\"(max-width: 1024px) 100vw, 1024px\" \/><\/figure>\n<\/div>\n<\/div>\n\n\n\n<p>Lorem ipsum dolor sit amet, consectetur adipiscing elit. Ut elit tellus, luctus nec ullamcorper mattis, pulvinar dapibus leo.<\/p>\n","protected":false},"excerpt":{"rendered":"<p>RA\u00cdCES HEDONISTAS El paso cl\u00e1sico&nbsp;\u201cLorem ipsum dolor sit amet\u2026\u201d&nbsp;se atribuye a una remixaci\u00f3n del texto de&nbsp;De Finibus Bonorum et Malorum (\u201cEn los extremos del bien y del mal\u201d), del fil\u00f3sofo romano&nbsp;Cicer\u00f3n, de 45 aC. M\u00e1s espec\u00edficamente, se piensa que el pasaje proviene de las secciones 1.10.32 \u2013 33 de su texto, con la parte m\u00e1s [&hellip;]<\/p>\n","protected":false},"author":1,"featured_media":0,"parent":0,"menu_order":0,"comment_status":"closed","ping_status":"closed","template":"","meta":{"footnotes":""},"class_list":["post-249","page","type-page","status-publish","hentry"],"_links":{"self":[{"href":"https:\/\/ffmm.mil.py\/epoe\/wp-json\/wp\/v2\/pages\/249","targetHints":{"allow":["GET"]}}],"collection":[{"href":"https:\/\/ffmm.mil.py\/epoe\/wp-json\/wp\/v2\/pages"}],"about":[{"href":"https:\/\/ffmm.mil.py\/epoe\/wp-json\/wp\/v2\/types\/page"}],"author":[{"embeddable":true,"href":"https:\/\/ffmm.mil.py\/epoe\/wp-json\/wp\/v2\/users\/1"}],"replies":[{"embeddable":true,"href":"https:\/\/ffmm.mil.py\/epoe\/wp-json\/wp\/v2\/comments?post=249"}],"version-history":[{"count":1,"href":"https:\/\/ffmm.mil.py\/epoe\/wp-json\/wp\/v2\/pages\/249\/revisions"}],"predecessor-version":[{"id":251,"href":"https:\/\/ffmm.mil.py\/epoe\/wp-json\/wp\/v2\/pages\/249\/revisions\/251"}],"wp:attachment":[{"href":"https:\/\/ffmm.mil.py\/epoe\/wp-json\/wp\/v2\/media?parent=249"}],"curies":[{"name":"wp","href":"https:\/\/api.w.org\/{rel}","templated":true}]}}