{"id":254,"date":"2025-07-11T19:11:44","date_gmt":"2025-07-11T17:11:44","guid":{"rendered":"https:\/\/migracion.ffmm.mil.py\/epoe\/?page_id=254"},"modified":"2025-07-11T19:11:44","modified_gmt":"2025-07-11T17:11:44","slug":"vision","status":"publish","type":"page","link":"https:\/\/ffmm.mil.py\/epoe\/vision\/","title":{"rendered":"VISI\u00d3N"},"content":{"rendered":"\n<p><strong>La Escuela de Perfeccionamiento de Oficiales del Ej\u00e9rcito(EPOE)<\/strong>, es un Instituto de Educaci\u00f3n Superior que inquiere el logro de la excelencia educativa, un curr\u00edculo que permita obtener recursos humanos de elevado valor profesional con plena capacidad para la conducci\u00f3n y la administraci\u00f3n de los recursos que la sociedad (Estado) pone a disposici\u00f3n de sus Fuerzas Armadas.<\/p>\n\n\n\n<p><\/p>\n","protected":false},"excerpt":{"rendered":"<p>La Escuela de Perfeccionamiento de Oficiales del Ej\u00e9rcito(EPOE), es un Instituto de Educaci\u00f3n Superior que inquiere el logro de la excelencia educativa, un curr\u00edculo que permita obtener recursos humanos de elevado valor profesional con plena capacidad para la conducci\u00f3n y la administraci\u00f3n de los recursos que la sociedad (Estado) pone a disposici\u00f3n de sus Fuerzas [&hellip;]<\/p>\n","protected":false},"author":1,"featured_media":0,"parent":0,"menu_order":0,"comment_status":"closed","ping_status":"closed","template":"","meta":{"footnotes":""},"class_list":["post-254","page","type-page","status-publish","hentry"],"_links":{"self":[{"href":"https:\/\/ffmm.mil.py\/epoe\/wp-json\/wp\/v2\/pages\/254","targetHints":{"allow":["GET"]}}],"collection":[{"href":"https:\/\/ffmm.mil.py\/epoe\/wp-json\/wp\/v2\/pages"}],"about":[{"href":"https:\/\/ffmm.mil.py\/epoe\/wp-json\/wp\/v2\/types\/page"}],"author":[{"embeddable":true,"href":"https:\/\/ffmm.mil.py\/epoe\/wp-json\/wp\/v2\/users\/1"}],"replies":[{"embeddable":true,"href":"https:\/\/ffmm.mil.py\/epoe\/wp-json\/wp\/v2\/comments?post=254"}],"version-history":[{"count":1,"href":"https:\/\/ffmm.mil.py\/epoe\/wp-json\/wp\/v2\/pages\/254\/revisions"}],"predecessor-version":[{"id":255,"href":"https:\/\/ffmm.mil.py\/epoe\/wp-json\/wp\/v2\/pages\/254\/revisions\/255"}],"wp:attachment":[{"href":"https:\/\/ffmm.mil.py\/epoe\/wp-json\/wp\/v2\/media?parent=254"}],"curies":[{"name":"wp","href":"https:\/\/api.w.org\/{rel}","templated":true}]}}