{"id":64,"date":"2025-07-09T21:26:34","date_gmt":"2025-07-09T19:26:34","guid":{"rendered":"https:\/\/migracion.ffmm.mil.py\/cimefor\/?page_id=64"},"modified":"2025-07-10T13:45:42","modified_gmt":"2025-07-10T11:45:42","slug":"academil","status":"publish","type":"page","link":"https:\/\/ffmm.mil.py\/fuerzaaerea\/academil\/","title":{"rendered":"ACADEMIL"},"content":{"rendered":"\n<div class=\"wp-block-columns is-layout-flex wp-container-core-columns-is-layout-28f84493 wp-block-columns-is-layout-flex\">\n<div class=\"wp-block-column is-layout-flow wp-block-column-is-layout-flow\" style=\"flex-basis:33.33%\">\n<figure class=\"wp-block-image size-full\"><img fetchpriority=\"high\" decoding=\"async\" width=\"251\" height=\"300\" src=\"https:\/\/cimefor.mil.py\/cimefor\/wp-content\/uploads\/sites\/5\/2025\/07\/ACADEMIL-251x300-1.png\" alt=\"\" class=\"wp-image-230\"\/><\/figure>\n<\/div>\n\n\n\n<div class=\"wp-block-column is-layout-flow wp-block-column-is-layout-flow\" style=\"flex-basis:66.66%\"><\/div>\n<\/div>\n\n\n\n<h4 class=\"wp-block-heading\">Academia Militar \u00abMariscal Francisco Solano L\u00f3pez\u00bb<\/h4>\n\n\n\n<p>Es un instituto localizado en Capiat\u00e1, Paraguay encargado de formar Oficiales para el Ej\u00e9rcito de Paraguay, la Fuerza A\u00e9rea de Paraguay y la Armada Paraguaya. Sus egresados ingresan al Ej\u00e9rcito, a la Fuerza A\u00e9rea y en la Armada en el grado de Oficiales con el grado de Subteniente y Guardiamarina respectivamente.<\/p>\n\n\n\n<h4 class=\"wp-block-heading\">Historia<\/h4>\n\n\n\n<p>La Academia Militar Mcal Francisco Solano L\u00f3pez, fue creada el 23 de junio de 1915 con la denominaci\u00f3n de Escuela Militar. En el a\u00f1o 1932 con motivo de la Guerra del Chaco, la Escuela Militar sirvi\u00f3 como base de la formaci\u00f3n del Regimiento de Infanter\u00eda N\u00ba6 \u00abBoquer\u00f3n\u00bb, recibiendo su bautismo de fuego y sangre el 17 de septiembre del mismo a\u00f1o.<\/p>\n\n\n\n<p>En 1948, la Escuela Militar pasa a denominarse Colegio Militar \u00abMcal Francisco Solano L\u00f3pez\u00bb a\u00f1o en que tambi\u00e9n el Pabell\u00f3n de Guerra del Colegio Militar fue condecorado con la \u201cCruz del Chaco\u201d siendo anteriormente condecorada con la \u201cCruz del Defensor\u201d y la \u201cMedalla de Boquer\u00f3n\u201d. Estas condecoraciones fueron entregadas por el entonces Presidente de la Rep\u00fablica, General de Ej\u00e9rcito Don Jos\u00e9 F\u00e9lix Estigarribia, en la ceremonia realizada con motivo de los festejos de la Boda de Plata del Colegio Militar.<\/p>\n\n\n\n<h4 class=\"wp-block-heading\">Requisitos para la inscripci\u00f3n<\/h4>\n\n\n\n<p>Ser ciudadano Paraguayo natural.<br>Poseer edad m\u00ednima de 18 a\u00f1os para el d\u00eda de ingreso a la ACADEMIL y 22 a\u00f1os como m\u00e1ximo, hasta el 31 de diciembre del a\u00f1o de inscripci\u00f3n.<br>Poseer estatura m\u00ednima de 1,69 m . para varones y 1,59 m para mujeres.<br>Presentar copia de solicitud de suspensi\u00f3n de sus derechos y obligaciones de afiliado de alg\u00fan partido o movimiento pol\u00edtico, si lo tuviere (Art. 58, Estatuto del Personal Militar).<\/p>\n\n\n\n<p><strong>Documentos exigidos:<\/strong><\/p>\n\n\n\n<ul class=\"wp-block-list\">\n<li>Certificado de Nacimiento, expedido por el Registro Civil.<\/li>\n\n\n\n<li>Certificado de Estudios del nivel medio concluido, visado por el Ministerio de Educaci\u00f3n y Cultura.<\/li>\n\n\n\n<li>Certificado de Antecedentes Policiales.<\/li>\n\n\n\n<li>Certificado de Antecedentes Judiciales.<\/li>\n\n\n\n<li>C\u00e9dula de identidad y fotocopia de la misma autenticada.<\/li>\n\n\n\n<li>Certificado de solter\u00eda, expedido por el Registro Civil.<\/li>\n\n\n\n<li>Libreta del Servicio Militar Obligatorio o su boleta de enrolamiento.<\/li>\n\n\n\n<li>Tres fotos tipo Carnet de 2 x 3 cm<\/li>\n<\/ul>\n\n\n\n<p><strong>M\u00c1S INFORMACIONES<\/strong>&nbsp;:<\/p>\n\n\n\n<p><strong>Direcci\u00f3n:&nbsp;<\/strong>Ruta 2 Mcal. Estigarribia \u2013 km 24&nbsp; &nbsp; Capiat\u00e1 \u2013 Paraguay<br><strong>Correo:<\/strong>&nbsp;<a href=\"https:\/\/academil.mil.py\/academiltic@ejercito.mil.py\">academiltic@ejercito.mil.py<\/a><\/p>\n\n\n\n<p><strong>Tel\u00e9fonos: (<\/strong>0228) 632 800<\/p>\n","protected":false},"excerpt":{"rendered":"<p>Academia Militar \u00abMariscal Francisco Solano L\u00f3pez\u00bb Es un instituto localizado en Capiat\u00e1, Paraguay encargado de formar Oficiales para el Ej\u00e9rcito de Paraguay, la Fuerza A\u00e9rea de Paraguay y la Armada Paraguaya. Sus egresados ingresan al Ej\u00e9rcito, a la Fuerza A\u00e9rea y en la Armada en el grado de Oficiales con el grado de Subteniente y [&hellip;]<\/p>\n","protected":false},"author":1,"featured_media":0,"parent":0,"menu_order":0,"comment_status":"closed","ping_status":"closed","template":"page-nosidebar.php","meta":{"footnotes":""},"class_list":["post-64","page","type-page","status-publish","hentry"],"_links":{"self":[{"href":"https:\/\/ffmm.mil.py\/fuerzaaerea\/wp-json\/wp\/v2\/pages\/64","targetHints":{"allow":["GET"]}}],"collection":[{"href":"https:\/\/ffmm.mil.py\/fuerzaaerea\/wp-json\/wp\/v2\/pages"}],"about":[{"href":"https:\/\/ffmm.mil.py\/fuerzaaerea\/wp-json\/wp\/v2\/types\/page"}],"author":[{"embeddable":true,"href":"https:\/\/ffmm.mil.py\/fuerzaaerea\/wp-json\/wp\/v2\/users\/1"}],"replies":[{"embeddable":true,"href":"https:\/\/ffmm.mil.py\/fuerzaaerea\/wp-json\/wp\/v2\/comments?post=64"}],"version-history":[{"count":2,"href":"https:\/\/ffmm.mil.py\/fuerzaaerea\/wp-json\/wp\/v2\/pages\/64\/revisions"}],"predecessor-version":[{"id":232,"href":"https:\/\/ffmm.mil.py\/fuerzaaerea\/wp-json\/wp\/v2\/pages\/64\/revisions\/232"}],"wp:attachment":[{"href":"https:\/\/ffmm.mil.py\/fuerzaaerea\/wp-json\/wp\/v2\/media?parent=64"}],"curies":[{"name":"wp","href":"https:\/\/api.w.org\/{rel}","templated":true}]}}