{"id":67,"date":"2025-07-09T21:26:34","date_gmt":"2025-07-09T19:26:34","guid":{"rendered":"https:\/\/migracion.ffmm.mil.py\/cimefor\/?page_id=67"},"modified":"2025-07-10T13:55:25","modified_gmt":"2025-07-10T11:55:25","slug":"soldado-profesional","status":"publish","type":"page","link":"https:\/\/ffmm.mil.py\/fuerzaaerea\/soldado-profesional\/","title":{"rendered":"SOLDADO PROFESIONAL"},"content":{"rendered":"\n<div class=\"wp-block-columns is-layout-flex wp-container-core-columns-is-layout-28f84493 wp-block-columns-is-layout-flex\">\n<div class=\"wp-block-column is-layout-flow wp-block-column-is-layout-flow\" style=\"flex-basis:33.33%\">\n<figure class=\"wp-block-image size-full\"><img fetchpriority=\"high\" decoding=\"async\" width=\"377\" height=\"600\" src=\"https:\/\/cimefor.mil.py\/cimefor\/wp-content\/uploads\/sites\/5\/2025\/07\/Escudo_del_Comando_de_la_Fuerza_Aerea_Paraguaya.png\" alt=\"\" class=\"wp-image-241\" srcset=\"https:\/\/ffmm.mil.py\/fuerzaaerea\/wp-content\/uploads\/sites\/5\/2025\/07\/Escudo_del_Comando_de_la_Fuerza_Aerea_Paraguaya.png 377w, https:\/\/ffmm.mil.py\/fuerzaaerea\/wp-content\/uploads\/sites\/5\/2025\/07\/Escudo_del_Comando_de_la_Fuerza_Aerea_Paraguaya-189x300.png 189w\" sizes=\"(max-width: 377px) 100vw, 377px\" \/><\/figure>\n<\/div>\n\n\n\n<div class=\"wp-block-column is-layout-flow wp-block-column-is-layout-flow\" style=\"flex-basis:66.66%\"><\/div>\n<\/div>\n\n\n\n<h4 class=\"wp-block-heading\">Requisitos para la inscripci\u00f3n:<\/h4>\n\n\n\n<p>a.&nbsp;&nbsp;&nbsp;&nbsp; Solicitud de incorporaci\u00f3n del interesado dirigido al Comandante de la Fuerza A\u00e9rea.<\/p>\n\n\n\n<p>b.&nbsp;&nbsp;&nbsp; Certificado de Nacimiento (Original legalizado por el Registro del Estado Civil de las Personas).<\/p>\n\n\n\n<p>c.&nbsp;&nbsp;&nbsp;&nbsp; Certificado de Solter\u00eda (Original legalizado por el Registro del Estado Civil de las Personas).<\/p>\n\n\n\n<p>d.&nbsp;&nbsp;&nbsp; C\u00e9dula de Identidad Civil (Original y fotocopia) dos (2) copias.<\/p>\n\n\n\n<p>e.&nbsp;&nbsp;&nbsp; Certificado de Antecedente Policial (Original expedido por el Dpto. de Identificaci\u00f3n de la Polic\u00eda Nacional).<\/p>\n\n\n\n<p>f.&nbsp;&nbsp;&nbsp;&nbsp; Certificado de Antecedente Judicial (Original expedido por el Poder Judicial).<\/p>\n\n\n\n<p>g.&nbsp;&nbsp;&nbsp; Historial Personal (Disponible en la p\u00e1gina Web de la Fuerza A\u00e9rea).<\/p>\n\n\n\n<p>h.&nbsp;&nbsp;&nbsp; Dos (2) fotos tipo carnet, (03 cm x 04 cm).<\/p>\n\n\n\n<p>i.&nbsp;&nbsp;&nbsp;&nbsp;&nbsp; Libreta del SMO cumplido (Original y 01 (una) fotocopia autenticada por escriban\u00eda), prioriz\u00e1ndose a los recientemente licenciados.<\/p>\n\n\n\n<p>j.&nbsp;&nbsp;&nbsp;&nbsp;&nbsp; Tener entre 19 y 22 a\u00f1os de edad.<\/p>\n\n\n\n<p>k.&nbsp;&nbsp;&nbsp;&nbsp; Antecedentes Acad\u00e9micos (Certificado de Estudios) visado por el MEC, 01 (una) copia original y 1 (una) fotocopiada y autenticada por Escriban\u00eda).<\/p>\n\n\n\n<p>l.&nbsp;&nbsp;&nbsp;&nbsp;&nbsp; Haber culminado satisfactoriamente la Educaci\u00f3n Escolar B\u00e1sica (sexto grado aprobado), como m\u00ednimo y se priorizaran los postulantes con mayor nivel acad\u00e9mico.<\/p>\n\n\n\n<p>m.&nbsp;&nbsp; Ser paraguayo natural.<\/p>\n\n\n\n<p>n.&nbsp;&nbsp;&nbsp; Declaraci\u00f3n jurada, autenticada por escriban\u00eda de no estar afiliado a ning\u00fan partido o movimiento pol\u00edtico y autenticidad de los documentos presentados.<\/p>\n\n\n\n<ol start=\"15\" style=\"list-style-type:lower-alpha\" class=\"wp-block-list\">\n<li>Certificado de encontrarse apto para el servicio, expedido por la Junta de Reconocimiento M\u00e9dico de las Fuerzas Armadas de la Naci\u00f3n, para lo cual deben presentar: examen m\u00e9dico\/odontol\u00f3gico, an\u00e1lisis cl\u00ednico: Hemograma, Eritro, Glicemia, Urea, Creatina, Colesterol, Triglic\u00e9ridos, AC:urico, V.D.R.L (dos copias), HLV-Test de Elisa (dos copias), radiograf\u00eda del t\u00f3rax P\/A con informe, electrocardiograma con informe, ficha odontol\u00f3gica, informe de vista y o\u00eddo, fotocopia de cedula, perfil psicol\u00f3gico, tipificaci\u00f3n, Screening de drogas en orina (marihuana, coca\u00edna, opi\u00e1ceos, benzodiacepinas, anfetaminas).<\/li>\n<\/ol>\n\n\n\n<p>p.&nbsp;&nbsp;&nbsp; Poseer buena conducta, certificado por el Comandante de Unidad, en el cual prest\u00f3 su SMO o en la Libreta de Baja.<\/p>\n\n\n\n<p>Todos los documentos deben ser presentados en una carpeta archivadora rotulada de color azul Bandera y el r\u00f3tulo blanco deber\u00e1 medir 08 cm de largo y 5 cm de ancho. En el r\u00f3tulo estar\u00e1 escrito el nombre y apellido completo del postulante.<\/p>\n\n\n\n<p><\/p>\n","protected":false},"excerpt":{"rendered":"<p>Requisitos para la inscripci\u00f3n: a.&nbsp;&nbsp;&nbsp;&nbsp; Solicitud de incorporaci\u00f3n del interesado dirigido al Comandante de la Fuerza A\u00e9rea. b.&nbsp;&nbsp;&nbsp; Certificado de Nacimiento (Original legalizado por el Registro del Estado Civil de las Personas). c.&nbsp;&nbsp;&nbsp;&nbsp; Certificado de Solter\u00eda (Original legalizado por el Registro del Estado Civil de las Personas). d.&nbsp;&nbsp;&nbsp; C\u00e9dula de Identidad Civil (Original y fotocopia) [&hellip;]<\/p>\n","protected":false},"author":1,"featured_media":0,"parent":0,"menu_order":0,"comment_status":"closed","ping_status":"closed","template":"page-nosidebar.php","meta":{"footnotes":""},"class_list":["post-67","page","type-page","status-publish","hentry"],"_links":{"self":[{"href":"https:\/\/ffmm.mil.py\/fuerzaaerea\/wp-json\/wp\/v2\/pages\/67","targetHints":{"allow":["GET"]}}],"collection":[{"href":"https:\/\/ffmm.mil.py\/fuerzaaerea\/wp-json\/wp\/v2\/pages"}],"about":[{"href":"https:\/\/ffmm.mil.py\/fuerzaaerea\/wp-json\/wp\/v2\/types\/page"}],"author":[{"embeddable":true,"href":"https:\/\/ffmm.mil.py\/fuerzaaerea\/wp-json\/wp\/v2\/users\/1"}],"replies":[{"embeddable":true,"href":"https:\/\/ffmm.mil.py\/fuerzaaerea\/wp-json\/wp\/v2\/comments?post=67"}],"version-history":[{"count":2,"href":"https:\/\/ffmm.mil.py\/fuerzaaerea\/wp-json\/wp\/v2\/pages\/67\/revisions"}],"predecessor-version":[{"id":242,"href":"https:\/\/ffmm.mil.py\/fuerzaaerea\/wp-json\/wp\/v2\/pages\/67\/revisions\/242"}],"wp:attachment":[{"href":"https:\/\/ffmm.mil.py\/fuerzaaerea\/wp-json\/wp\/v2\/media?parent=67"}],"curies":[{"name":"wp","href":"https:\/\/api.w.org\/{rel}","templated":true}]}}