{"id":68,"date":"2025-07-09T21:26:34","date_gmt":"2025-07-09T19:26:34","guid":{"rendered":"https:\/\/migracion.ffmm.mil.py\/cimefor\/?page_id=68"},"modified":"2025-07-10T13:56:40","modified_gmt":"2025-07-10T11:56:40","slug":"servicio-militar","status":"publish","type":"page","link":"https:\/\/ffmm.mil.py\/fuerzaaerea\/servicio-militar\/","title":{"rendered":"SERVICIO MILITAR"},"content":{"rendered":"\n<div class=\"wp-block-columns is-layout-flex wp-container-core-columns-is-layout-28f84493 wp-block-columns-is-layout-flex\">\n<div class=\"wp-block-column is-layout-flow wp-block-column-is-layout-flow\" style=\"flex-basis:33.33%\">\n<figure class=\"wp-block-image size-full\"><img fetchpriority=\"high\" decoding=\"async\" width=\"377\" height=\"600\" src=\"https:\/\/cimefor.mil.py\/cimefor\/wp-content\/uploads\/sites\/5\/2025\/07\/Escudo_del_Comando_de_la_Fuerza_Aerea_Paraguaya-1.png\" alt=\"\" class=\"wp-image-243\" srcset=\"https:\/\/ffmm.mil.py\/fuerzaaerea\/wp-content\/uploads\/sites\/5\/2025\/07\/Escudo_del_Comando_de_la_Fuerza_Aerea_Paraguaya-1.png 377w, https:\/\/ffmm.mil.py\/fuerzaaerea\/wp-content\/uploads\/sites\/5\/2025\/07\/Escudo_del_Comando_de_la_Fuerza_Aerea_Paraguaya-1-189x300.png 189w\" sizes=\"(max-width: 377px) 100vw, 377px\" \/><\/figure>\n<\/div>\n\n\n\n<div class=\"wp-block-column is-layout-flow wp-block-column-is-layout-flow\" style=\"flex-basis:66.66%\"><\/div>\n<\/div>\n\n\n\n<h4 class=\"wp-block-heading\">Requisitos<\/h4>\n\n\n\n<p>1- NACIONALIDAD PARAGUAYA<\/p>\n\n\n\n<p>2- EDAD LIMITE ( De 18 a 25 A\u00f1os)<\/p>\n\n\n\n<p>3- Partida de Nacimiento o C\u00e9dula de Identidad Civil.<\/p>\n\n\n\n<p>4- Aprobar verificaci\u00f3n M\u00e9dica<\/p>\n\n\n\n<p>5- Periodo de recepci\u00f3n de Reclutas<\/p>\n\n\n\n<p>a) Primer periodo: &nbsp;01 de Febrero, Marzo , hasta 30 de &nbsp;Abril.-<\/p>\n\n\n\n<p>b) Segundo periodo: 01 de Agosto, Setiembre, &nbsp;hasta 31 de Octubre.<\/p>\n\n\n\n<p><\/p>\n","protected":false},"excerpt":{"rendered":"<p>Requisitos 1- NACIONALIDAD PARAGUAYA 2- EDAD LIMITE ( De 18 a 25 A\u00f1os) 3- Partida de Nacimiento o C\u00e9dula de Identidad Civil. 4- Aprobar verificaci\u00f3n M\u00e9dica 5- Periodo de recepci\u00f3n de Reclutas a) Primer periodo: &nbsp;01 de Febrero, Marzo , hasta 30 de &nbsp;Abril.- b) Segundo periodo: 01 de Agosto, Setiembre, &nbsp;hasta 31 de Octubre.<\/p>\n","protected":false},"author":1,"featured_media":0,"parent":0,"menu_order":0,"comment_status":"closed","ping_status":"closed","template":"page-nosidebar.php","meta":{"footnotes":""},"class_list":["post-68","page","type-page","status-publish","hentry"],"_links":{"self":[{"href":"https:\/\/ffmm.mil.py\/fuerzaaerea\/wp-json\/wp\/v2\/pages\/68","targetHints":{"allow":["GET"]}}],"collection":[{"href":"https:\/\/ffmm.mil.py\/fuerzaaerea\/wp-json\/wp\/v2\/pages"}],"about":[{"href":"https:\/\/ffmm.mil.py\/fuerzaaerea\/wp-json\/wp\/v2\/types\/page"}],"author":[{"embeddable":true,"href":"https:\/\/ffmm.mil.py\/fuerzaaerea\/wp-json\/wp\/v2\/users\/1"}],"replies":[{"embeddable":true,"href":"https:\/\/ffmm.mil.py\/fuerzaaerea\/wp-json\/wp\/v2\/comments?post=68"}],"version-history":[{"count":2,"href":"https:\/\/ffmm.mil.py\/fuerzaaerea\/wp-json\/wp\/v2\/pages\/68\/revisions"}],"predecessor-version":[{"id":244,"href":"https:\/\/ffmm.mil.py\/fuerzaaerea\/wp-json\/wp\/v2\/pages\/68\/revisions\/244"}],"wp:attachment":[{"href":"https:\/\/ffmm.mil.py\/fuerzaaerea\/wp-json\/wp\/v2\/media?parent=68"}],"curies":[{"name":"wp","href":"https:\/\/api.w.org\/{rel}","templated":true}]}}