{"id":74,"date":"2025-07-09T21:26:34","date_gmt":"2025-07-09T19:26:34","guid":{"rendered":"https:\/\/migracion.ffmm.mil.py\/cimefor\/?page_id=74"},"modified":"2025-07-10T14:31:28","modified_gmt":"2025-07-10T12:31:28","slug":"cancion-de-la-fuerza-aerea","status":"publish","type":"page","link":"https:\/\/ffmm.mil.py\/fuerzaaerea\/cancion-de-la-fuerza-aerea\/","title":{"rendered":"CANCI\u00d3N DE LA FUERZA AEREA"},"content":{"rendered":"\n<p class=\"has-text-align-center\"><strong>Alcen las \u00e1guilas al vuelo<br>Con rumbo al sol y al infinito<br>Libres protejan nuestro cielo<br>Con lealtad, convicci\u00f3n y valor.<\/strong><\/p>\n\n\n\n<p class=\"has-text-align-center\">Noble cimiente que lanzara<br>Pettirossi en \u00d1u Guaz\u00fa<br>Nido de audacia y de coraje<br>De fe en la Patria y en su honor.<\/p>\n\n\n\n<p class=\"has-text-align-center\">Las almas vibran hoy en esta canci\u00f3n<br>Las h\u00e9lices giran al comp\u00e1s de mi voz<br>La patria vibra con eterno esplendor<br>Que aqu\u00ed est\u00e1 la Aviaci\u00f3n.<\/p>\n\n\n\n<p class=\"has-text-align-center\"><strong>Alcen las \u00e1guilas al vuelo<br>Con rumbo al sol y al infinito<br>Libres protejan nuestro cielo<br>Con lealtad, convicci\u00f3n y valor.<\/strong><\/p>\n\n\n\n<p class=\"has-text-align-center\">Gloriosa tricolor bandera<br>Nuestras alas te sostendr\u00e1n<br>y nuestros pechos varoniles<br>tu escudo por siempre ser\u00e1n.<\/p>\n\n\n\n<p class=\"has-text-align-center\"><strong>Alcen las \u00e1guilas al vuelo<br>Con rumbo al sol y al infinito<br>Libres protejan nuestro cielo<br>Con lealtad, convicci\u00f3n y valor.<\/strong><\/p>\n","protected":false},"excerpt":{"rendered":"<p>Alcen las \u00e1guilas al vueloCon rumbo al sol y al infinitoLibres protejan nuestro cieloCon lealtad, convicci\u00f3n y valor. Noble cimiente que lanzaraPettirossi en \u00d1u Guaz\u00faNido de audacia y de corajeDe fe en la Patria y en su honor. Las almas vibran hoy en esta canci\u00f3nLas h\u00e9lices giran al comp\u00e1s de mi vozLa patria vibra con [&hellip;]<\/p>\n","protected":false},"author":1,"featured_media":0,"parent":0,"menu_order":0,"comment_status":"closed","ping_status":"closed","template":"page-nosidebar.php","meta":{"footnotes":""},"class_list":["post-74","page","type-page","status-publish","hentry"],"_links":{"self":[{"href":"https:\/\/ffmm.mil.py\/fuerzaaerea\/wp-json\/wp\/v2\/pages\/74","targetHints":{"allow":["GET"]}}],"collection":[{"href":"https:\/\/ffmm.mil.py\/fuerzaaerea\/wp-json\/wp\/v2\/pages"}],"about":[{"href":"https:\/\/ffmm.mil.py\/fuerzaaerea\/wp-json\/wp\/v2\/types\/page"}],"author":[{"embeddable":true,"href":"https:\/\/ffmm.mil.py\/fuerzaaerea\/wp-json\/wp\/v2\/users\/1"}],"replies":[{"embeddable":true,"href":"https:\/\/ffmm.mil.py\/fuerzaaerea\/wp-json\/wp\/v2\/comments?post=74"}],"version-history":[{"count":2,"href":"https:\/\/ffmm.mil.py\/fuerzaaerea\/wp-json\/wp\/v2\/pages\/74\/revisions"}],"predecessor-version":[{"id":269,"href":"https:\/\/ffmm.mil.py\/fuerzaaerea\/wp-json\/wp\/v2\/pages\/74\/revisions\/269"}],"wp:attachment":[{"href":"https:\/\/ffmm.mil.py\/fuerzaaerea\/wp-json\/wp\/v2\/media?parent=74"}],"curies":[{"name":"wp","href":"https:\/\/api.w.org\/{rel}","templated":true}]}}