{"id":78,"date":"2025-07-09T21:26:34","date_gmt":"2025-07-09T19:26:34","guid":{"rendered":"https:\/\/migracion.ffmm.mil.py\/cimefor\/?page_id=78"},"modified":"2025-07-10T14:36:19","modified_gmt":"2025-07-10T12:36:19","slug":"fundacion-virgen-de-loreto","status":"publish","type":"page","link":"https:\/\/ffmm.mil.py\/fuerzaaerea\/fundacion-virgen-de-loreto\/","title":{"rendered":"FUNDACI\u00d3N VIRGEN DE LORETO"},"content":{"rendered":"\n<p><\/p>\n\n\n\n<p>Desde sus inicios, la Fundaci\u00f3n Virgen de Loreto como entidad sin fines de lucro, ha tenido siempre como objetivo primordial, la de hacer el bien com\u00fan a trav\u00e9s de la beneficencia y ayuda social a la gran familia de la Fuerza A\u00e9rea Paraguaya, con \u00e9nfasis en los sectores de Educaci\u00f3n y Salud, as\u00ed como el bienestar general del personal de la FAP, procurando de esta manera coadyuvar en la elevaci\u00f3n de la calidad de vida de la familia aeron\u00e1utica. La labor realizada se halla principalmente direccionada, tal como ya mencionado, en la asistencia m\u00e9dico \u2013 odontol\u00f3gico en la Direcci\u00f3n de Sanidad de la Base A\u00e9rea \u00d1u Guasu y en las distintas Bases A\u00e9reas.<\/p>\n\n\n\n<p>Su creaci\u00f3n se remonta al a\u00f1o 1989, denomin\u00e1ndose en ese entonces como: \u201cLA COMISION DIRECTIVA DE EMERGENCIA DE LA ASOCIACION VIRGEN DE LORETO\u201d pasando posteriormente a denominarse \u201cFUNDACION VIRGEN DE LORETO\u201d, con Personer\u00eda Jur\u00eddica reconocida por el Poder Ejecutivo seg\u00fan Decreto Nro. 20.273 de fecha 19 de marzo de 1998, e inscripta en los Registros P\u00fablicos correspondientes en fecha 08 de mayo de 1992, la misma se halla conformada por una Comisi\u00f3n Directiva, siendo su actual Presidente la se\u00f1ora Marta Graciela Cabrera de Gonzalez.<\/p>\n\n\n\n<p>Tal como lo establen sus Estatutos Sociales, tiene por finalidad la de agrupar a sus asociadas, prestar asistencia a los diversos sectores con \u00e9nfasis en el \u00e1rea de la Salud y educaci\u00f3n y ante cualquier otra necesidad que resulte en beneficio directo del personal de la Fuerza A\u00e9rea Paraguaya, como as\u00ed mismo fomentar v\u00ednculos de amistad, fraternidad, cooperaci\u00f3n y socorro mutuo entre los asociados y familiares.<\/p>\n\n\n\n<p>La Fundaci\u00f3n Virgen de Loreto asiste peri\u00f3dicamente a la Direcci\u00f3n del Servicio de Sanidad de la Fuerza A\u00e9rea en la provisi\u00f3n de equipos y materiales para las distintas especialidades de la medicina, con la finalidad de dar asistencia a todo el personal de la Fuerza A\u00e9rea, a sus familiares y comunidades aleda\u00f1as.<\/p>\n\n\n\n<p>De esta manera la Fundaci\u00f3n Virgen de Loreto se constituye en un apoyo importante en el diario trajinar de la Fuerza A\u00e9rea en la consecuci\u00f3n de sus fines patri\u00f3ticos.<\/p>\n\n\n\n<h2 class=\"wp-block-heading\">Oraci\u00f3n a la Virgen de Loreto<\/h2>\n\n\n\n<p><time datetime=\"2024-05-05T10:08:17-04:00\">5 de mayo de 2024<\/time>\u00a0|\u00a0Fundaci\u00f3n.<\/p>\n\n\n\n<div class=\"wp-block-columns is-layout-flex wp-container-core-columns-is-layout-28f84493 wp-block-columns-is-layout-flex\">\n<div class=\"wp-block-column is-layout-flow wp-block-column-is-layout-flow\"><\/div>\n\n\n\n<div class=\"wp-block-column is-layout-flow wp-block-column-is-layout-flow\">\n<figure class=\"wp-block-image size-full\"><img decoding=\"async\" width=\"80\" height=\"104\" src=\"https:\/\/cimefor.mil.py\/cimefor\/wp-content\/uploads\/sites\/5\/2025\/07\/vigen-e1730817342427.png\" alt=\"\" class=\"wp-image-274\"\/><\/figure>\n<\/div>\n\n\n\n<div class=\"wp-block-column is-layout-flow wp-block-column-is-layout-flow\"><\/div>\n<\/div>\n\n\n\n<p>Oraci\u00f3n a la Virgen de Loreto Oh Madre, Virgen de Loreto. Tu, Grande, Poderosa y Gloriosa defensora de la iglesia y de Aviaci\u00f3n. Tu, auxilio Maravilloso de los Cristianos. Oh\u2026<\/p>\n\n\n\n<p><\/p>\n","protected":false},"excerpt":{"rendered":"<p>Desde sus inicios, la Fundaci\u00f3n Virgen de Loreto como entidad sin fines de lucro, ha tenido siempre como objetivo primordial, la de hacer el bien com\u00fan a trav\u00e9s de la beneficencia y ayuda social a la gran familia de la Fuerza A\u00e9rea Paraguaya, con \u00e9nfasis en los sectores de Educaci\u00f3n y Salud, as\u00ed como el [&hellip;]<\/p>\n","protected":false},"author":1,"featured_media":0,"parent":0,"menu_order":0,"comment_status":"closed","ping_status":"closed","template":"page-nosidebar.php","meta":{"footnotes":""},"class_list":["post-78","page","type-page","status-publish","hentry"],"_links":{"self":[{"href":"https:\/\/ffmm.mil.py\/fuerzaaerea\/wp-json\/wp\/v2\/pages\/78","targetHints":{"allow":["GET"]}}],"collection":[{"href":"https:\/\/ffmm.mil.py\/fuerzaaerea\/wp-json\/wp\/v2\/pages"}],"about":[{"href":"https:\/\/ffmm.mil.py\/fuerzaaerea\/wp-json\/wp\/v2\/types\/page"}],"author":[{"embeddable":true,"href":"https:\/\/ffmm.mil.py\/fuerzaaerea\/wp-json\/wp\/v2\/users\/1"}],"replies":[{"embeddable":true,"href":"https:\/\/ffmm.mil.py\/fuerzaaerea\/wp-json\/wp\/v2\/comments?post=78"}],"version-history":[{"count":2,"href":"https:\/\/ffmm.mil.py\/fuerzaaerea\/wp-json\/wp\/v2\/pages\/78\/revisions"}],"predecessor-version":[{"id":275,"href":"https:\/\/ffmm.mil.py\/fuerzaaerea\/wp-json\/wp\/v2\/pages\/78\/revisions\/275"}],"wp:attachment":[{"href":"https:\/\/ffmm.mil.py\/fuerzaaerea\/wp-json\/wp\/v2\/media?parent=78"}],"curies":[{"name":"wp","href":"https:\/\/api.w.org\/{rel}","templated":true}]}}